{"id":288753,"date":"2018-11-19T14:19:20","date_gmt":"2018-11-19T12:19:20","guid":{"rendered":"https:\/\/www.huntersfriend.eu\/product\/jvd-pappersmal-60-cm-fita\/"},"modified":"2025-08-27T14:08:36","modified_gmt":"2025-08-27T12:08:36","slug":"jvd-pappersmal-60-cm-fita","status":"publish","type":"product","link":"https:\/\/www.huntersfriend.eu\/sv\/produkt\/jvd-pappersmal-60-cm-fita\/","title":{"rendered":"JVD pappersm\u00e5l &#8211; 60 cm FITA"},"content":{"rendered":"<p>F\u00f6rst\u00e4rkt pappersm\u00e5l fr\u00e5n JVD.<\/p>\n<p><strong>Viktiga funktioner:<\/strong><\/p>\n<ul>\n<li>F\u00f6rst\u00e4rkt papper f\u00f6r l\u00e4ngre livsl\u00e4ngd.<\/li>\n<li>Po\u00e4ngzoner fr\u00e5n 1\u201310.<\/li>\n<li>Inre 10\/X-ring \u2013 l\u00e4mplig f\u00f6r alla b\u00e5gskyttegrenar.<\/li>\n<li>60 cm, enkel prickstorlek.<\/li>\n<li>Anv\u00e4nds f\u00f6r FITA inomhusomg\u00e5ngar.<\/li>\n<\/ul>\n","protected":false},"excerpt":{"rendered":"<p>1 st 60 cm FITA<\/p>\n","protected":false},"featured_media":210536,"comment_status":"open","ping_status":"closed","template":"","meta":[],"product_brand":[],"product_cat":[2980],"product_tag":[],"class_list":{"0":"post-288753","1":"product","2":"type-product","3":"status-publish","4":"has-post-thumbnail","6":"product_cat-fita-och-wa-tavlor","8":"first","9":"instock","10":"taxable","11":"shipping-taxable","12":"purchasable","13":"product-type-simple"},"composite_virtual":false,"composite_layout":"","composite_add_to_cart_form_location":"","composite_editable_in_cart":false,"composite_sold_individually_context":"","composite_shop_price_calc":"","composite_components":[],"composite_scenarios":[],"group_of_quantity":0,"min_quantity":0,"max_quantity":"","exclude_order_quantity_value_rules":"no","exclude_category_quantity_rules":"no","combine_variations":"no","exclude_global_add_ons":[],"addons":[],"_links":{"self":[{"href":"https:\/\/www.huntersfriend.eu\/sv\/wp-json\/wp\/v2\/product\/288753","targetHints":{"allow":["GET"]}}],"collection":[{"href":"https:\/\/www.huntersfriend.eu\/sv\/wp-json\/wp\/v2\/product"}],"about":[{"href":"https:\/\/www.huntersfriend.eu\/sv\/wp-json\/wp\/v2\/types\/product"}],"replies":[{"embeddable":true,"href":"https:\/\/www.huntersfriend.eu\/sv\/wp-json\/wp\/v2\/comments?post=288753"}],"wp:featuredmedia":[{"embeddable":true,"href":"https:\/\/www.huntersfriend.eu\/sv\/wp-json\/wp\/v2\/media\/210536"}],"wp:attachment":[{"href":"https:\/\/www.huntersfriend.eu\/sv\/wp-json\/wp\/v2\/media?parent=288753"}],"wp:term":[{"taxonomy":"product_brand","embeddable":true,"href":"https:\/\/www.huntersfriend.eu\/sv\/wp-json\/wp\/v2\/product_brand?post=288753"},{"taxonomy":"product_cat","embeddable":true,"href":"https:\/\/www.huntersfriend.eu\/sv\/wp-json\/wp\/v2\/product_cat?post=288753"},{"taxonomy":"product_tag","embeddable":true,"href":"https:\/\/www.huntersfriend.eu\/sv\/wp-json\/wp\/v2\/product_tag?post=288753"}],"curies":[{"name":"wp","href":"https:\/\/api.w.org\/{rel}","templated":true}]}}