{"id":288752,"date":"2018-11-19T14:18:59","date_gmt":"2018-11-19T12:18:59","guid":{"rendered":"https:\/\/www.huntersfriend.eu\/product\/apex-covert-micro-1-light-19-sikte\/"},"modified":"2025-08-27T14:08:35","modified_gmt":"2025-08-27T12:08:35","slug":"apex-covert-micro-1-light-19-sikte","status":"publish","type":"product","link":"https:\/\/www.huntersfriend.eu\/sv\/produkt\/apex-covert-micro-1-light-19-sikte\/","title":{"rendered":"Apex Covert Micro 1 Light 19 sikte"},"content":{"rendered":"<p>Detta sikte har mikrojusterbar vindjustering, \u00f6ver 120 f\u00f6rmarkerade avst\u00e5ndstejper f\u00f6r exakt kalibrering, <b>VERSA\u2022PIN\u2122-teknik<\/b>, ett tillg\u00e4ngligt l\u00f6stagbart f\u00e4ste och en ny v\u00e4xeldriven h\u00f6jdkontroll f\u00f6r smidig justering. F\u00e4rre stift inneb\u00e4r mer kraft \u00e4n n\u00e5gonsin tidigare. <\/p>\n<p><strong>Viktiga funktioner:<\/strong><\/p>\n<ul>\n<li>Bl\u00e4ndarhuset inkluderar \u00e4ven vertikala och horisontella lutningsjusteringar.<\/li>\n<li>Justerbar belyst niv\u00e5 f\u00f6r 2:a och 3:e axeln.<\/li>\n<li>Mikrojusterbar vind- och h\u00f6jdjustering.<\/li>\n<li>Bl\u00e4ndaren har en innerdiameter p\u00e5 1,8 tum.<\/li>\n<li>Accepterar 1,87-tums objektiv (s\u00e4ljs separat).<\/li>\n<li>Sj\u00e4lvlysande skyttring justerar siktets hus mot dioptern.<\/li>\n<li>Inkluderar \u00f6ver 60 f\u00f6rmarkerade avst\u00e5ndstejper f\u00f6r att f\u00f6renkla installationen.<\/li>\n<li>Bak\u00e5tv\u00e4nd, l\u00e4ttl\u00e4st placering av avst\u00e5ndstejpen.<\/li>\n<li>Kompakt\/l\u00e4tt design \u2013 v\u00e4ger cirka 241 gram.<\/li>\n<li>Precisionsbearbetad aluminiumkonstruktion.<\/li>\n<li>Justerbar mikro-tryckknappsbelysning ing\u00e5r.<\/li>\n<li>Rostfri st\u00e5lkonstruktion.<\/li>\n<li>F\u00e4stet har d\u00e4mpade \u00e4ndl\u00e4gesstopp.<\/li>\n<li>Justerbart l\u00e5ngdistansavst\u00e5ndsstopp anpassar maximal avst\u00e5ndsinst\u00e4llning.<\/li>\n<li>Justerbar avst\u00e5ndspil.<\/li>\n<li>Endast f\u00f6r h\u00f6gerh\u00e4nta skyttar.<\/li>\n<li>Kogret kan monteras direkt p\u00e5 f\u00e4stet.<\/li>\n<\/ul>\n","protected":false},"excerpt":{"rendered":"<p>1 stift, h\u00f6ger modell AG2321B<\/p>\n","protected":false},"featured_media":208551,"comment_status":"open","ping_status":"closed","template":"","meta":[],"product_brand":[],"product_cat":[878],"product_tag":[],"class_list":{"0":"post-288752","1":"product","2":"type-product","3":"status-publish","4":"has-post-thumbnail","6":"product_cat-uncategorized-sv","8":"first","9":"outofstock","10":"taxable","11":"shipping-taxable","12":"purchasable","13":"product-type-simple"},"composite_virtual":false,"composite_layout":"","composite_add_to_cart_form_location":"","composite_editable_in_cart":false,"composite_sold_individually_context":"","composite_shop_price_calc":"","composite_components":[],"composite_scenarios":[],"group_of_quantity":0,"min_quantity":0,"max_quantity":"","exclude_order_quantity_value_rules":"no","exclude_category_quantity_rules":"no","combine_variations":"no","exclude_global_add_ons":[],"addons":[],"_links":{"self":[{"href":"https:\/\/www.huntersfriend.eu\/sv\/wp-json\/wp\/v2\/product\/288752","targetHints":{"allow":["GET"]}}],"collection":[{"href":"https:\/\/www.huntersfriend.eu\/sv\/wp-json\/wp\/v2\/product"}],"about":[{"href":"https:\/\/www.huntersfriend.eu\/sv\/wp-json\/wp\/v2\/types\/product"}],"replies":[{"embeddable":true,"href":"https:\/\/www.huntersfriend.eu\/sv\/wp-json\/wp\/v2\/comments?post=288752"}],"wp:featuredmedia":[{"embeddable":true,"href":"https:\/\/www.huntersfriend.eu\/sv\/wp-json\/wp\/v2\/media\/208551"}],"wp:attachment":[{"href":"https:\/\/www.huntersfriend.eu\/sv\/wp-json\/wp\/v2\/media?parent=288752"}],"wp:term":[{"taxonomy":"product_brand","embeddable":true,"href":"https:\/\/www.huntersfriend.eu\/sv\/wp-json\/wp\/v2\/product_brand?post=288752"},{"taxonomy":"product_cat","embeddable":true,"href":"https:\/\/www.huntersfriend.eu\/sv\/wp-json\/wp\/v2\/product_cat?post=288752"},{"taxonomy":"product_tag","embeddable":true,"href":"https:\/\/www.huntersfriend.eu\/sv\/wp-json\/wp\/v2\/product_tag?post=288752"}],"curies":[{"name":"wp","href":"https:\/\/api.w.org\/{rel}","templated":true}]}}