{"id":288751,"date":"2018-11-19T14:18:58","date_gmt":"2018-11-19T12:18:58","guid":{"rendered":"https:\/\/www.huntersfriend.eu\/product\/cartel-target-sikte\/"},"modified":"2025-08-27T14:08:31","modified_gmt":"2025-08-27T12:08:31","slug":"cartel-target-sikte","status":"publish","type":"product","link":"https:\/\/www.huntersfriend.eu\/sv\/produkt\/cartel-target-sikte\/","title":{"rendered":"Cartel Target-sikte"},"content":{"rendered":"<p>Nyb\u00f6rjarsikte fr\u00e5n Cartel<\/p>\n<p><strong>Viktiga funktioner:<\/strong><\/p>\n<ul>\n<li>Enkel design som \u00e4r idealisk f\u00f6r nyb\u00f6rjare<\/li>\n<li>Framsidan \u00e4r markerad med en grundl\u00e4ggande skala f\u00f6r enkel, guidad justering<\/li>\n<li>Standardiserat f\u00e4ste som passar de flesta b\u00e5gar<\/li>\n<li>Kan anv\u00e4ndas b\u00e5de f\u00f6r h\u00f6ger och v\u00e4nster hand genom att helt enkelt v\u00e4nda p\u00e5 f\u00e4stet f\u00f6r siktstiftet fram<\/li>\n<\/ul>\n","protected":false},"excerpt":{"rendered":"<p>1 stift, h\u00f6ger\/v\u00e4nster hand<\/p>\n","protected":false},"featured_media":210434,"comment_status":"open","ping_status":"closed","template":"","meta":[],"product_brand":[],"product_cat":[2979],"product_tag":[],"class_list":{"0":"post-288751","1":"product","2":"type-product","3":"status-publish","4":"has-post-thumbnail","6":"product_cat-nyborjarsikten","8":"first","9":"instock","10":"taxable","11":"shipping-taxable","12":"purchasable","13":"product-type-simple"},"composite_virtual":false,"composite_layout":"","composite_add_to_cart_form_location":"","composite_editable_in_cart":false,"composite_sold_individually_context":"","composite_shop_price_calc":"","composite_components":[],"composite_scenarios":[],"group_of_quantity":0,"min_quantity":0,"max_quantity":"","exclude_order_quantity_value_rules":"no","exclude_category_quantity_rules":"no","combine_variations":"no","exclude_global_add_ons":[],"addons":[],"_links":{"self":[{"href":"https:\/\/www.huntersfriend.eu\/sv\/wp-json\/wp\/v2\/product\/288751","targetHints":{"allow":["GET"]}}],"collection":[{"href":"https:\/\/www.huntersfriend.eu\/sv\/wp-json\/wp\/v2\/product"}],"about":[{"href":"https:\/\/www.huntersfriend.eu\/sv\/wp-json\/wp\/v2\/types\/product"}],"replies":[{"embeddable":true,"href":"https:\/\/www.huntersfriend.eu\/sv\/wp-json\/wp\/v2\/comments?post=288751"}],"wp:featuredmedia":[{"embeddable":true,"href":"https:\/\/www.huntersfriend.eu\/sv\/wp-json\/wp\/v2\/media\/210434"}],"wp:attachment":[{"href":"https:\/\/www.huntersfriend.eu\/sv\/wp-json\/wp\/v2\/media?parent=288751"}],"wp:term":[{"taxonomy":"product_brand","embeddable":true,"href":"https:\/\/www.huntersfriend.eu\/sv\/wp-json\/wp\/v2\/product_brand?post=288751"},{"taxonomy":"product_cat","embeddable":true,"href":"https:\/\/www.huntersfriend.eu\/sv\/wp-json\/wp\/v2\/product_cat?post=288751"},{"taxonomy":"product_tag","embeddable":true,"href":"https:\/\/www.huntersfriend.eu\/sv\/wp-json\/wp\/v2\/product_tag?post=288751"}],"curies":[{"name":"wp","href":"https:\/\/api.w.org\/{rel}","templated":true}]}}