{"id":288749,"date":"2018-11-19T14:18:49","date_gmt":"2018-11-19T12:18:49","guid":{"rendered":"https:\/\/www.huntersfriend.eu\/product\/scott-bagskytte-caliper-release\/"},"modified":"2025-08-27T14:08:30","modified_gmt":"2025-08-27T12:08:30","slug":"scott-bagskytte-caliper-release","status":"publish","type":"product","link":"https:\/\/www.huntersfriend.eu\/sv\/produkt\/scott-bagskytte-caliper-release\/","title":{"rendered":"Scott b\u00e5gskytte caliper release"},"content":{"rendered":"<p>Caliper \u00e4r den ursprungliga dubbla caliper SCOTT releasen och den har st\u00e5tt emot tidens tand.<\/p>\n<ul class=\"special\">\n<li>Den ursprungliga dubbla caliper SCOTT releasen.<\/li>\n<li>Solid vridbar anslutning<\/li>\n<li>R\u00e4fflat avtryckare f\u00f6r \u00f6verl\u00e4gset grepp och m\u00e5ngsidighet<\/li>\n<\/ul>\n","protected":false},"excerpt":{"rendered":"<p>NCS remanslutning, sp\u00e4nne, svart<\/p>\n","protected":false},"featured_media":210425,"comment_status":"open","ping_status":"closed","template":"","meta":[],"product_brand":[],"product_cat":[2680],"product_tag":[],"class_list":{"0":"post-288749","1":"product","2":"type-product","3":"status-publish","4":"has-post-thumbnail","6":"product_cat-handledsutlosare","8":"first","9":"instock","10":"taxable","11":"shipping-taxable","12":"purchasable","13":"product-type-simple"},"composite_virtual":false,"composite_layout":"","composite_add_to_cart_form_location":"","composite_editable_in_cart":false,"composite_sold_individually_context":"","composite_shop_price_calc":"","composite_components":[],"composite_scenarios":[],"group_of_quantity":0,"min_quantity":0,"max_quantity":"","exclude_order_quantity_value_rules":"no","exclude_category_quantity_rules":"no","combine_variations":"no","exclude_global_add_ons":[],"addons":[],"_links":{"self":[{"href":"https:\/\/www.huntersfriend.eu\/sv\/wp-json\/wp\/v2\/product\/288749","targetHints":{"allow":["GET"]}}],"collection":[{"href":"https:\/\/www.huntersfriend.eu\/sv\/wp-json\/wp\/v2\/product"}],"about":[{"href":"https:\/\/www.huntersfriend.eu\/sv\/wp-json\/wp\/v2\/types\/product"}],"replies":[{"embeddable":true,"href":"https:\/\/www.huntersfriend.eu\/sv\/wp-json\/wp\/v2\/comments?post=288749"}],"wp:featuredmedia":[{"embeddable":true,"href":"https:\/\/www.huntersfriend.eu\/sv\/wp-json\/wp\/v2\/media\/210425"}],"wp:attachment":[{"href":"https:\/\/www.huntersfriend.eu\/sv\/wp-json\/wp\/v2\/media?parent=288749"}],"wp:term":[{"taxonomy":"product_brand","embeddable":true,"href":"https:\/\/www.huntersfriend.eu\/sv\/wp-json\/wp\/v2\/product_brand?post=288749"},{"taxonomy":"product_cat","embeddable":true,"href":"https:\/\/www.huntersfriend.eu\/sv\/wp-json\/wp\/v2\/product_cat?post=288749"},{"taxonomy":"product_tag","embeddable":true,"href":"https:\/\/www.huntersfriend.eu\/sv\/wp-json\/wp\/v2\/product_tag?post=288749"}],"curies":[{"name":"wp","href":"https:\/\/api.w.org\/{rel}","templated":true}]}}