{"id":288748,"date":"2018-11-19T12:58:50","date_gmt":"2018-11-19T10:58:50","guid":{"rendered":"https:\/\/www.huntersfriend.eu\/product\/saunders-power-pull-traningsredskap\/"},"modified":"2025-08-27T14:08:26","modified_gmt":"2025-08-27T12:08:26","slug":"saunders-power-pull-traningsredskap","status":"publish","type":"product","link":"https:\/\/www.huntersfriend.eu\/sv\/produkt\/saunders-power-pull-traningsredskap\/","title":{"rendered":"Saunders power pull tr\u00e4ningsredskap"},"content":{"rendered":"<ul>\n<li>Uppv\u00e4rmnings- och tr\u00e4ningsband fr\u00e5n Saunders. <strong>Viktiga funktioner:<\/strong>\n<ul>\n<li>Integrerat grepp som efterliknar k\u00e4nslan av en pilb\u00e5ge.<\/li>\n<li>Kompakt design g\u00f6r att du kan tr\u00e4na var som helst.<\/li>\n<li>Tv\u00e5 band f\u00f6r l\u00e4ttare h\u00f6gfrekventa \u00f6vningar eller tyngre muskeluppbyggnad.<\/li>\n<li>Att dra b\u00e5da banden motsvarar ett drag p\u00e5 70 lb och 31&#8243;.<\/li>\n<\/ul>\n<\/li>\n<\/ul>\n","protected":false},"excerpt":{"rendered":"<p>Uppv\u00e4rmnings- och tr\u00e4ningsband fr\u00e5n Saunders. Viktiga funktioner: Integrerat grepp som efterliknar k\u00e4nslan av en pilb\u00e5ge. Kompakt design g\u00f6r att du kan tr\u00e4na var som helst. Tv\u00e5 band f\u00f6r l\u00e4ttare h\u00f6gfrekventa \u00f6vningar eller tyngre muskeluppbyggnad. Att dra b\u00e5da banden motsvarar ett drag p\u00e5 70 lb och 31&#8243;.<\/p>\n","protected":false},"featured_media":244325,"comment_status":"open","ping_status":"closed","template":"","meta":[],"product_brand":[],"product_cat":[2633],"product_tag":[],"class_list":{"0":"post-288748","1":"product","2":"type-product","3":"status-publish","4":"has-post-thumbnail","6":"product_cat-diverse-bagskytte","8":"first","9":"instock","10":"taxable","11":"shipping-taxable","12":"purchasable","13":"product-type-simple"},"composite_virtual":false,"composite_layout":"","composite_add_to_cart_form_location":"","composite_editable_in_cart":false,"composite_sold_individually_context":"","composite_shop_price_calc":"","composite_components":[],"composite_scenarios":[],"group_of_quantity":0,"min_quantity":0,"max_quantity":"","exclude_order_quantity_value_rules":"no","exclude_category_quantity_rules":"no","combine_variations":"no","exclude_global_add_ons":[],"addons":[],"_links":{"self":[{"href":"https:\/\/www.huntersfriend.eu\/sv\/wp-json\/wp\/v2\/product\/288748","targetHints":{"allow":["GET"]}}],"collection":[{"href":"https:\/\/www.huntersfriend.eu\/sv\/wp-json\/wp\/v2\/product"}],"about":[{"href":"https:\/\/www.huntersfriend.eu\/sv\/wp-json\/wp\/v2\/types\/product"}],"replies":[{"embeddable":true,"href":"https:\/\/www.huntersfriend.eu\/sv\/wp-json\/wp\/v2\/comments?post=288748"}],"wp:featuredmedia":[{"embeddable":true,"href":"https:\/\/www.huntersfriend.eu\/sv\/wp-json\/wp\/v2\/media\/244325"}],"wp:attachment":[{"href":"https:\/\/www.huntersfriend.eu\/sv\/wp-json\/wp\/v2\/media?parent=288748"}],"wp:term":[{"taxonomy":"product_brand","embeddable":true,"href":"https:\/\/www.huntersfriend.eu\/sv\/wp-json\/wp\/v2\/product_brand?post=288748"},{"taxonomy":"product_cat","embeddable":true,"href":"https:\/\/www.huntersfriend.eu\/sv\/wp-json\/wp\/v2\/product_cat?post=288748"},{"taxonomy":"product_tag","embeddable":true,"href":"https:\/\/www.huntersfriend.eu\/sv\/wp-json\/wp\/v2\/product_tag?post=288748"}],"curies":[{"name":"wp","href":"https:\/\/api.w.org\/{rel}","templated":true}]}}