{"id":288747,"date":"2018-11-19T14:18:40","date_gmt":"2018-11-19T12:18:40","guid":{"rendered":"https:\/\/www.huntersfriend.eu\/product\/scott-archery-quickshot-release\/"},"modified":"2025-08-27T14:08:27","modified_gmt":"2025-08-27T12:08:27","slug":"scott-archery-quickshot-release","status":"publish","type":"product","link":"https:\/\/www.huntersfriend.eu\/sv\/produkt\/scott-archery-quickshot-release\/","title":{"rendered":"Scott Archery Quickshot Release"},"content":{"rendered":"<p>Den nya Scott Quick-Shot-releasen levererar o\u00f6vertr\u00e4ffad precision och tillf\u00f6rlitlighet i en prisv\u00e4rd design. Denna enkelk\u00e4ftiga caliper-release har v\u00e5r signaturvalsdesign f\u00f6r en ultra-skarp triggeraktivering. Quick-Shot levereras som standard p\u00e5 v\u00e5r l\u00e4derrem med sp\u00e4nne och har en repkoppling som \u00e4r o\u00e4ndligt justerbar f\u00f6r att passa alla storlekar av b\u00e5gskyttar.  <\/p>\n","protected":false},"excerpt":{"rendered":"<p>Sp\u00e4nne, svart<\/p>\n","protected":false},"featured_media":210359,"comment_status":"open","ping_status":"open","template":"","meta":[],"product_brand":[],"product_cat":[2680],"product_tag":[],"class_list":{"0":"post-288747","1":"product","2":"type-product","3":"status-publish","4":"has-post-thumbnail","6":"product_cat-handledsutlosare","8":"first","9":"instock","10":"taxable","11":"shipping-taxable","12":"purchasable","13":"product-type-simple"},"composite_virtual":false,"composite_layout":"","composite_add_to_cart_form_location":"","composite_editable_in_cart":false,"composite_sold_individually_context":"","composite_shop_price_calc":"","composite_components":[],"composite_scenarios":[],"group_of_quantity":0,"min_quantity":0,"max_quantity":"","exclude_order_quantity_value_rules":"no","exclude_category_quantity_rules":"no","combine_variations":"no","exclude_global_add_ons":[],"addons":[],"_links":{"self":[{"href":"https:\/\/www.huntersfriend.eu\/sv\/wp-json\/wp\/v2\/product\/288747","targetHints":{"allow":["GET"]}}],"collection":[{"href":"https:\/\/www.huntersfriend.eu\/sv\/wp-json\/wp\/v2\/product"}],"about":[{"href":"https:\/\/www.huntersfriend.eu\/sv\/wp-json\/wp\/v2\/types\/product"}],"replies":[{"embeddable":true,"href":"https:\/\/www.huntersfriend.eu\/sv\/wp-json\/wp\/v2\/comments?post=288747"}],"wp:featuredmedia":[{"embeddable":true,"href":"https:\/\/www.huntersfriend.eu\/sv\/wp-json\/wp\/v2\/media\/210359"}],"wp:attachment":[{"href":"https:\/\/www.huntersfriend.eu\/sv\/wp-json\/wp\/v2\/media?parent=288747"}],"wp:term":[{"taxonomy":"product_brand","embeddable":true,"href":"https:\/\/www.huntersfriend.eu\/sv\/wp-json\/wp\/v2\/product_brand?post=288747"},{"taxonomy":"product_cat","embeddable":true,"href":"https:\/\/www.huntersfriend.eu\/sv\/wp-json\/wp\/v2\/product_cat?post=288747"},{"taxonomy":"product_tag","embeddable":true,"href":"https:\/\/www.huntersfriend.eu\/sv\/wp-json\/wp\/v2\/product_tag?post=288747"}],"curies":[{"name":"wp","href":"https:\/\/api.w.org\/{rel}","templated":true}]}}