{"id":288746,"date":"2018-11-19T12:58:49","date_gmt":"2018-11-19T10:58:49","guid":{"rendered":"https:\/\/www.huntersfriend.eu\/product\/bucktrail-universell-pennvassare\/"},"modified":"2025-08-27T14:08:25","modified_gmt":"2025-08-27T12:08:25","slug":"bucktrail-universell-pennvassare","status":"publish","type":"product","link":"https:\/\/www.huntersfriend.eu\/sv\/produkt\/bucktrail-universell-pennvassare\/","title":{"rendered":"Bucktrail universell pennv\u00e4ssare"},"content":{"rendered":"<p>Universellt verktyg f\u00f6r att avsmalna tr\u00e4pilar s\u00e5 att du kan montera nockar och spetsar.<\/p>\n<p>Med det h\u00e4r verktyget kan du avsmalna b\u00e5de 5\/16- och 11\/32-skaft.<\/p>\n","protected":false},"excerpt":{"rendered":"<p>f\u00f6r tr\u00e4skaft 5\/16 och 11\/32&#8243;<\/p>\n","protected":false},"featured_media":210479,"comment_status":"open","ping_status":"closed","template":"","meta":[],"product_brand":[],"product_cat":[2644],"product_tag":[],"class_list":{"0":"post-288746","1":"product","2":"type-product","3":"status-publish","4":"has-post-thumbnail","6":"product_cat-andra-verktyg-for-pilbygge","8":"first","9":"instock","10":"taxable","11":"shipping-taxable","12":"purchasable","13":"product-type-simple"},"composite_virtual":false,"composite_layout":"","composite_add_to_cart_form_location":"","composite_editable_in_cart":false,"composite_sold_individually_context":"","composite_shop_price_calc":"","composite_components":[],"composite_scenarios":[],"group_of_quantity":0,"min_quantity":0,"max_quantity":"","exclude_order_quantity_value_rules":"no","exclude_category_quantity_rules":"no","combine_variations":"no","exclude_global_add_ons":[],"addons":[],"_links":{"self":[{"href":"https:\/\/www.huntersfriend.eu\/sv\/wp-json\/wp\/v2\/product\/288746","targetHints":{"allow":["GET"]}}],"collection":[{"href":"https:\/\/www.huntersfriend.eu\/sv\/wp-json\/wp\/v2\/product"}],"about":[{"href":"https:\/\/www.huntersfriend.eu\/sv\/wp-json\/wp\/v2\/types\/product"}],"replies":[{"embeddable":true,"href":"https:\/\/www.huntersfriend.eu\/sv\/wp-json\/wp\/v2\/comments?post=288746"}],"wp:featuredmedia":[{"embeddable":true,"href":"https:\/\/www.huntersfriend.eu\/sv\/wp-json\/wp\/v2\/media\/210479"}],"wp:attachment":[{"href":"https:\/\/www.huntersfriend.eu\/sv\/wp-json\/wp\/v2\/media?parent=288746"}],"wp:term":[{"taxonomy":"product_brand","embeddable":true,"href":"https:\/\/www.huntersfriend.eu\/sv\/wp-json\/wp\/v2\/product_brand?post=288746"},{"taxonomy":"product_cat","embeddable":true,"href":"https:\/\/www.huntersfriend.eu\/sv\/wp-json\/wp\/v2\/product_cat?post=288746"},{"taxonomy":"product_tag","embeddable":true,"href":"https:\/\/www.huntersfriend.eu\/sv\/wp-json\/wp\/v2\/product_tag?post=288746"}],"curies":[{"name":"wp","href":"https:\/\/api.w.org\/{rel}","templated":true}]}}