{"id":288744,"date":"2018-11-19T14:18:39","date_gmt":"2018-11-19T12:18:39","guid":{"rendered":"https:\/\/www.huntersfriend.eu\/product\/avalon-a%c2%b3-target-hoftkoger\/"},"modified":"2025-08-27T14:08:25","modified_gmt":"2025-08-27T12:08:25","slug":"avalon-a%c2%b3-target-hoftkoger","status":"publish","type":"product","link":"https:\/\/www.huntersfriend.eu\/sv\/produkt\/avalon-a%c2%b3-target-hoftkoger\/","title":{"rendered":"Avalon A\u00b3 Target h\u00f6ftkoger"},"content":{"rendered":"<p>Vikt: 258 gr.<\/p>\n<p>&#8211; L\u00e4ngd: 46 cm<\/p>\n<p>&#8211; Riktning: RH och LH<\/p>\n<p>&#8211; F\u00e4rg: Bl\u00e5, Svart, Gr\u00f6n eller R\u00f6d<\/p>\n<p>&#8211; Funktioner: 3 r\u00f6r, Inkluderar f\u00e4stkrok + sidoficka, ambidextri\u00f6s<\/p>\n","protected":false},"excerpt":{"rendered":"<p>3 r\u00f6r h\u00f6ger\/v\u00e4nster hand<\/p>\n","protected":false},"featured_media":214171,"comment_status":"open","ping_status":"closed","template":"","meta":[],"product_brand":[],"product_cat":[2969],"product_tag":[],"class_list":{"0":"post-288744","1":"product","2":"type-product","3":"status-publish","4":"has-post-thumbnail","6":"product_cat-mal-hoftkogar","8":"first","9":"instock","10":"taxable","11":"shipping-taxable","12":"purchasable","13":"product-type-variable"},"composite_virtual":false,"composite_layout":"","composite_add_to_cart_form_location":"","composite_editable_in_cart":false,"composite_sold_individually_context":"","composite_shop_price_calc":"","composite_components":[],"composite_scenarios":[],"group_of_quantity":0,"min_quantity":0,"max_quantity":"","exclude_order_quantity_value_rules":"no","exclude_category_quantity_rules":"no","combine_variations":"no","exclude_global_add_ons":[],"addons":[],"_links":{"self":[{"href":"https:\/\/www.huntersfriend.eu\/sv\/wp-json\/wp\/v2\/product\/288744","targetHints":{"allow":["GET"]}}],"collection":[{"href":"https:\/\/www.huntersfriend.eu\/sv\/wp-json\/wp\/v2\/product"}],"about":[{"href":"https:\/\/www.huntersfriend.eu\/sv\/wp-json\/wp\/v2\/types\/product"}],"replies":[{"embeddable":true,"href":"https:\/\/www.huntersfriend.eu\/sv\/wp-json\/wp\/v2\/comments?post=288744"}],"wp:featuredmedia":[{"embeddable":true,"href":"https:\/\/www.huntersfriend.eu\/sv\/wp-json\/wp\/v2\/media\/214171"}],"wp:attachment":[{"href":"https:\/\/www.huntersfriend.eu\/sv\/wp-json\/wp\/v2\/media?parent=288744"}],"wp:term":[{"taxonomy":"product_brand","embeddable":true,"href":"https:\/\/www.huntersfriend.eu\/sv\/wp-json\/wp\/v2\/product_brand?post=288744"},{"taxonomy":"product_cat","embeddable":true,"href":"https:\/\/www.huntersfriend.eu\/sv\/wp-json\/wp\/v2\/product_cat?post=288744"},{"taxonomy":"product_tag","embeddable":true,"href":"https:\/\/www.huntersfriend.eu\/sv\/wp-json\/wp\/v2\/product_tag?post=288744"}],"curies":[{"name":"wp","href":"https:\/\/api.w.org\/{rel}","templated":true}]}}