{"id":288743,"date":"2018-11-19T12:58:42","date_gmt":"2018-11-19T10:58:42","guid":{"rendered":"https:\/\/www.huntersfriend.eu\/product\/avalon-tec-x-bow-bunker-lite-hart-fodral-for-pilbage\/"},"modified":"2025-08-27T14:08:24","modified_gmt":"2025-08-27T12:08:24","slug":"avalon-tec-x-bow-bunker-lite-hart-fodral-for-pilbage","status":"publish","type":"product","link":"https:\/\/www.huntersfriend.eu\/sv\/produkt\/avalon-tec-x-bow-bunker-lite-hart-fodral-for-pilbage\/","title":{"rendered":"Avalon tec-x bow bunker lite H\u00e5rt fodral f\u00f6r pilb\u00e5ge"},"content":{"rendered":"<ul>\n<li>Vikt: 9 kg<\/li>\n<li>Yttre m\u00e5tt: 113 cm x 46 cm x 18 cm<\/li>\n<li>Inre m\u00e5tt: 112x46x17cm<\/li>\n<li>Ett av de starkaste fodralen i sin prisklass.<\/li>\n<li>Inv\u00e4ndig vaddering f\u00f6r skydd<\/li>\n<li>Inkl. namnlapp <\/li>\n<li>Tv\u00e5 hjul f\u00f6r enkel transport<\/li>\n<\/ul>\n","protected":false},"excerpt":{"rendered":"<p>113 x 46 x 18 cm med hjul, h\u00e5rt fodral<\/p>\n","protected":false},"featured_media":210461,"comment_status":"open","ping_status":"closed","template":"","meta":[],"product_brand":[],"product_cat":[2978],"product_tag":[],"class_list":{"0":"post-288743","1":"product","2":"type-product","3":"status-publish","4":"has-post-thumbnail","6":"product_cat-harda-fodral-compound","7":"product_shipping_class-big-sv","9":"first","10":"outofstock","11":"taxable","12":"shipping-taxable","13":"purchasable","14":"product-type-simple"},"composite_virtual":false,"composite_layout":"","composite_add_to_cart_form_location":"","composite_editable_in_cart":false,"composite_sold_individually_context":"","composite_shop_price_calc":"","composite_components":[],"composite_scenarios":[],"group_of_quantity":0,"min_quantity":0,"max_quantity":"","exclude_order_quantity_value_rules":"no","exclude_category_quantity_rules":"no","combine_variations":"no","exclude_global_add_ons":[],"addons":[],"_links":{"self":[{"href":"https:\/\/www.huntersfriend.eu\/sv\/wp-json\/wp\/v2\/product\/288743","targetHints":{"allow":["GET"]}}],"collection":[{"href":"https:\/\/www.huntersfriend.eu\/sv\/wp-json\/wp\/v2\/product"}],"about":[{"href":"https:\/\/www.huntersfriend.eu\/sv\/wp-json\/wp\/v2\/types\/product"}],"replies":[{"embeddable":true,"href":"https:\/\/www.huntersfriend.eu\/sv\/wp-json\/wp\/v2\/comments?post=288743"}],"wp:featuredmedia":[{"embeddable":true,"href":"https:\/\/www.huntersfriend.eu\/sv\/wp-json\/wp\/v2\/media\/210461"}],"wp:attachment":[{"href":"https:\/\/www.huntersfriend.eu\/sv\/wp-json\/wp\/v2\/media?parent=288743"}],"wp:term":[{"taxonomy":"product_brand","embeddable":true,"href":"https:\/\/www.huntersfriend.eu\/sv\/wp-json\/wp\/v2\/product_brand?post=288743"},{"taxonomy":"product_cat","embeddable":true,"href":"https:\/\/www.huntersfriend.eu\/sv\/wp-json\/wp\/v2\/product_cat?post=288743"},{"taxonomy":"product_tag","embeddable":true,"href":"https:\/\/www.huntersfriend.eu\/sv\/wp-json\/wp\/v2\/product_tag?post=288743"}],"curies":[{"name":"wp","href":"https:\/\/api.w.org\/{rel}","templated":true}]}}