{"id":288741,"date":"2018-11-19T14:18:43","date_gmt":"2018-11-19T12:18:43","guid":{"rendered":"https:\/\/www.huntersfriend.eu\/product\/scott-archery-little-goose-v2-release\/"},"modified":"2025-08-27T14:08:22","modified_gmt":"2025-08-27T12:08:22","slug":"scott-archery-little-goose-v2-release","status":"publish","type":"product","link":"https:\/\/www.huntersfriend.eu\/sv\/produkt\/scott-archery-little-goose-v2-release\/","title":{"rendered":"Scott Archery Little Goose V2 release"},"content":{"rendered":"<div>\n<p><em>Bepr\u00f6vad, b\u00e4sts\u00e4ljande enkel caliper-design som \u00e4r p\u00e5litlig och robust<\/em><\/p>\n<p>Little Goose II \u00e4r en av de mest bepr\u00f6vade release-designerna i branschen och en av Scott Archerys b\u00e4sts\u00e4ljare, samtidigt som den ger scenen ett nytt utseende med sin slimmade huvuddesign och NYA utomhusgr\u00f6na f\u00e4rg.<\/p>\n<p>Little Goose II erbjuder 5 olika positionsjusteringar f\u00f6r att ge dig exakt den ankarpunkt du letar efter, medan den fr\u00e4mre positionen, r\u00e4fflade avtryckaren optimerar dragl\u00e4ngderna f\u00f6r f\u00f6rb\u00e4ttrad prestanda.<\/p>\n<p><strong>Funktioner: <\/strong><\/p>\n<ul>\n<li>NY slimmad, kompakt utomhusgr\u00f6n f\u00e4rgad huvud<\/li>\n<li>L\u00e4derarmband DesignMed neopren f\u00f6r extra komfort<\/li>\n<li>Solid vridbar kontakt med patenterad 5-h\u00e5ls l\u00e4ngdjustering<\/li>\n<li>Fram\u00e5tplacerad, r\u00e4fflad avtryckardesign maximerar dragl\u00e4ngden<\/li>\n<li>Patenterad vinklad k\u00e4ftdesign f\u00f6r b\u00e4ttre str\u00e4ngfrig\u00f6ring<\/li>\n<\/ul>\n<\/div>\n<h3><\/h3>\n","protected":false},"excerpt":{"rendered":"<p>Sp\u00e4nne camo<\/p>\n","protected":false},"featured_media":241370,"comment_status":"open","ping_status":"closed","template":"","meta":[],"product_brand":[],"product_cat":[2680],"product_tag":[],"class_list":{"0":"post-288741","1":"product","2":"type-product","3":"status-publish","4":"has-post-thumbnail","6":"product_cat-handledsutlosare","8":"first","9":"instock","10":"taxable","11":"shipping-taxable","12":"purchasable","13":"product-type-variable"},"composite_virtual":false,"composite_layout":"","composite_add_to_cart_form_location":"","composite_editable_in_cart":false,"composite_sold_individually_context":"","composite_shop_price_calc":"","composite_components":[],"composite_scenarios":[],"group_of_quantity":0,"min_quantity":0,"max_quantity":"","exclude_order_quantity_value_rules":"no","exclude_category_quantity_rules":"no","combine_variations":"no","exclude_global_add_ons":[],"addons":[],"_links":{"self":[{"href":"https:\/\/www.huntersfriend.eu\/sv\/wp-json\/wp\/v2\/product\/288741","targetHints":{"allow":["GET"]}}],"collection":[{"href":"https:\/\/www.huntersfriend.eu\/sv\/wp-json\/wp\/v2\/product"}],"about":[{"href":"https:\/\/www.huntersfriend.eu\/sv\/wp-json\/wp\/v2\/types\/product"}],"replies":[{"embeddable":true,"href":"https:\/\/www.huntersfriend.eu\/sv\/wp-json\/wp\/v2\/comments?post=288741"}],"wp:featuredmedia":[{"embeddable":true,"href":"https:\/\/www.huntersfriend.eu\/sv\/wp-json\/wp\/v2\/media\/241370"}],"wp:attachment":[{"href":"https:\/\/www.huntersfriend.eu\/sv\/wp-json\/wp\/v2\/media?parent=288741"}],"wp:term":[{"taxonomy":"product_brand","embeddable":true,"href":"https:\/\/www.huntersfriend.eu\/sv\/wp-json\/wp\/v2\/product_brand?post=288741"},{"taxonomy":"product_cat","embeddable":true,"href":"https:\/\/www.huntersfriend.eu\/sv\/wp-json\/wp\/v2\/product_cat?post=288741"},{"taxonomy":"product_tag","embeddable":true,"href":"https:\/\/www.huntersfriend.eu\/sv\/wp-json\/wp\/v2\/product_tag?post=288741"}],"curies":[{"name":"wp","href":"https:\/\/api.w.org\/{rel}","templated":true}]}}