{"id":288740,"date":"2018-11-19T14:18:36","date_gmt":"2018-11-19T12:18:36","guid":{"rendered":"https:\/\/www.huntersfriend.eu\/product\/ams-chaos-fx-pilbagsfiske-pil\/"},"modified":"2026-04-28T09:22:10","modified_gmt":"2026-04-28T07:22:10","slug":"ams-chaos-fx-pilbagsfiske-pil","status":"publish","type":"product","link":"https:\/\/www.huntersfriend.eu\/sv\/produkt\/ams-chaos-fx-pilbagsfiske-pil\/","title":{"rendered":"AMS Chaos FX pilb\u00e5gsfiske-pil"},"content":{"rendered":"<p>Chaos FX-spets<br \/>\nAMS-konstruerad och tillverkad, b\u00e4sts\u00e4ljande, Chaos FX-spetsen kan inte \u00f6vertr\u00e4ffas! Med sin vibrationsd\u00e4mpande AMS Cyclone-spets, superkorta kropp, kraftiga hullingar och konstruktion i rostfritt st\u00e5l garanterar Chaos FX en livstid av h\u00e5llbarhet och styrka. Chaos FX-spetsen \u00e4r perfekt f\u00f6r alla fiskar, grunt vatten och alla typer av skyttar, inklusive de med l\u00e4gre dragvikt. Dess korta l\u00e4ngd och smala hullingar kr\u00e4ver minimal penetration f\u00f6r att aktivera hullingarna i en fisk. Hulingarna vrids \u00e5t sidan f\u00f6r att h\u00e5lla fisken och sl\u00e4pper genom att lossa spetsen.    <\/p>\n<p>Solida premiumglasfiberpilar med Gar Point med snabbkoppling installerad. Trocar-spets f\u00f6r tjock hud. Inkluderar AMS Safety Slide System.  <\/p>\n<p>5\/16&#8243;<\/p>\n","protected":false},"excerpt":{"rendered":"<p>Glasfiberpilar f\u00f6r pilb\u00e5gsfiske 5\/16&#8243;<\/p>\n<div id=\"agendescription\">\n<p>&nbsp;<\/p>\n<\/div>\n","protected":false},"featured_media":210152,"comment_status":"open","ping_status":"closed","template":"","meta":[],"product_brand":[],"product_cat":[2977],"product_tag":[],"class_list":{"0":"post-288740","1":"product","2":"type-product","3":"status-publish","4":"has-post-thumbnail","6":"product_cat-pilbagsfiske-kit-och-pilar","8":"first","9":"instock","10":"taxable","11":"shipping-taxable","12":"purchasable","13":"product-type-simple"},"composite_virtual":false,"composite_layout":"","composite_add_to_cart_form_location":"","composite_editable_in_cart":false,"composite_sold_individually_context":"","composite_shop_price_calc":"","composite_components":[],"composite_scenarios":[],"group_of_quantity":0,"min_quantity":0,"max_quantity":"","exclude_order_quantity_value_rules":"no","exclude_category_quantity_rules":"no","combine_variations":"no","exclude_global_add_ons":[],"addons":[],"_links":{"self":[{"href":"https:\/\/www.huntersfriend.eu\/sv\/wp-json\/wp\/v2\/product\/288740","targetHints":{"allow":["GET"]}}],"collection":[{"href":"https:\/\/www.huntersfriend.eu\/sv\/wp-json\/wp\/v2\/product"}],"about":[{"href":"https:\/\/www.huntersfriend.eu\/sv\/wp-json\/wp\/v2\/types\/product"}],"replies":[{"embeddable":true,"href":"https:\/\/www.huntersfriend.eu\/sv\/wp-json\/wp\/v2\/comments?post=288740"}],"wp:featuredmedia":[{"embeddable":true,"href":"https:\/\/www.huntersfriend.eu\/sv\/wp-json\/wp\/v2\/media\/210152"}],"wp:attachment":[{"href":"https:\/\/www.huntersfriend.eu\/sv\/wp-json\/wp\/v2\/media?parent=288740"}],"wp:term":[{"taxonomy":"product_brand","embeddable":true,"href":"https:\/\/www.huntersfriend.eu\/sv\/wp-json\/wp\/v2\/product_brand?post=288740"},{"taxonomy":"product_cat","embeddable":true,"href":"https:\/\/www.huntersfriend.eu\/sv\/wp-json\/wp\/v2\/product_cat?post=288740"},{"taxonomy":"product_tag","embeddable":true,"href":"https:\/\/www.huntersfriend.eu\/sv\/wp-json\/wp\/v2\/product_tag?post=288740"}],"curies":[{"name":"wp","href":"https:\/\/api.w.org\/{rel}","templated":true}]}}