{"id":288734,"date":"2020-06-17T14:20:17","date_gmt":"2020-06-17T12:20:17","guid":{"rendered":"https:\/\/www.huntersfriend.eu\/product\/dofttjuv-wafer\/"},"modified":"2025-10-13T14:17:46","modified_gmt":"2025-10-13T12:17:46","slug":"dofttjuv-wafer","status":"publish","type":"product","link":"https:\/\/www.huntersfriend.eu\/sv\/produkt\/dofttjuv-wafer\/","title":{"rendered":"Dofttjuv-wafer"},"content":{"rendered":"<p>Dofttjuv-wafern \u00e4r n\u00e4sta steg i luktfri teknologi\u2122. Anv\u00e4nd wafern i f\u00e4lt genom att h\u00e4nga den i ett tr\u00e4d, i vindriktningen fr\u00e5n din tr\u00e4dstam. Vinden hj\u00e4lper till att b\u00e4ra waferns doft och skapa en &#8221;luktfri zon&#8221; runt dig.  <\/p>\n<p>Skapa en d\u00f6d zon f\u00f6r din lukt och en d\u00f6d zon f\u00f6r r\u00e5djur!<\/p>\n","protected":false},"excerpt":{"rendered":"<p>1 styck per f\u00f6rpackning<\/p>\n","protected":false},"featured_media":210272,"comment_status":"open","ping_status":"closed","template":"","meta":[],"product_brand":[],"product_cat":[878],"product_tag":[],"class_list":{"0":"post-288734","1":"product","2":"type-product","3":"status-publish","4":"has-post-thumbnail","6":"product_cat-uncategorized-sv","8":"first","9":"outofstock","10":"featured","11":"taxable","12":"shipping-taxable","13":"purchasable","14":"product-type-simple"},"composite_virtual":false,"composite_layout":"","composite_add_to_cart_form_location":"","composite_editable_in_cart":false,"composite_sold_individually_context":"","composite_shop_price_calc":"","composite_components":[],"composite_scenarios":[],"group_of_quantity":0,"min_quantity":0,"max_quantity":"","exclude_order_quantity_value_rules":"no","exclude_category_quantity_rules":"no","combine_variations":"no","exclude_global_add_ons":[],"addons":[],"_links":{"self":[{"href":"https:\/\/www.huntersfriend.eu\/sv\/wp-json\/wp\/v2\/product\/288734","targetHints":{"allow":["GET"]}}],"collection":[{"href":"https:\/\/www.huntersfriend.eu\/sv\/wp-json\/wp\/v2\/product"}],"about":[{"href":"https:\/\/www.huntersfriend.eu\/sv\/wp-json\/wp\/v2\/types\/product"}],"replies":[{"embeddable":true,"href":"https:\/\/www.huntersfriend.eu\/sv\/wp-json\/wp\/v2\/comments?post=288734"}],"wp:featuredmedia":[{"embeddable":true,"href":"https:\/\/www.huntersfriend.eu\/sv\/wp-json\/wp\/v2\/media\/210272"}],"wp:attachment":[{"href":"https:\/\/www.huntersfriend.eu\/sv\/wp-json\/wp\/v2\/media?parent=288734"}],"wp:term":[{"taxonomy":"product_brand","embeddable":true,"href":"https:\/\/www.huntersfriend.eu\/sv\/wp-json\/wp\/v2\/product_brand?post=288734"},{"taxonomy":"product_cat","embeddable":true,"href":"https:\/\/www.huntersfriend.eu\/sv\/wp-json\/wp\/v2\/product_cat?post=288734"},{"taxonomy":"product_tag","embeddable":true,"href":"https:\/\/www.huntersfriend.eu\/sv\/wp-json\/wp\/v2\/product_tag?post=288734"}],"curies":[{"name":"wp","href":"https:\/\/api.w.org\/{rel}","templated":true}]}}