{"id":288731,"date":"2020-07-08T14:20:25","date_gmt":"2020-07-08T12:20:25","guid":{"rendered":"https:\/\/www.huntersfriend.eu\/product\/sista-rycket-hot-seat\/"},"modified":"2025-08-27T13:58:49","modified_gmt":"2025-08-27T11:58:49","slug":"sista-rycket-hot-seat","status":"publish","type":"product","link":"https:\/\/www.huntersfriend.eu\/sv\/produkt\/sista-rycket-hot-seat\/","title":{"rendered":"Sista rycket hot seat"},"content":{"rendered":"<p>Vid komprimering genererar styrenkulorna naturligt v\u00e4rme, vilket skapar det ultimata komfortlagret mellan dig och marken. L\u00e4tt och robust, den fungerar varje g\u00e5ng utan sladdar eller batterier att ladda. Ett m\u00e5ste f\u00f6r kallv\u00e4dersj\u00e4gare som vill h\u00e5lla sig bekv\u00e4ma.  <\/p>\n<h3><strong>Funktioner:<\/strong><\/h3>\n<ul>\n<li>L\u00e4tt och robust<\/li>\n<li>T\u00e5ligt polyesteryttermaterial<\/li>\n<li>Passar alla FA-g\u00f6mslen och de flesta konkurrenters g\u00f6mslen<\/li>\n<li>142 cm (56 tum) l\u00e5ng, 48 cm (19 tum) bred<\/li>\n<\/ul>\n","protected":false},"excerpt":{"rendered":"<p>Tukeva ja kest\u00e4v\u00e4 maattavakoju<\/p>\n","protected":false},"featured_media":208947,"comment_status":"open","ping_status":"closed","template":"","meta":[],"product_brand":[],"product_cat":[878],"product_tag":[],"class_list":{"0":"post-288731","1":"product","2":"type-product","3":"status-publish","4":"has-post-thumbnail","6":"product_cat-uncategorized-sv","8":"first","9":"outofstock","10":"taxable","11":"shipping-taxable","12":"purchasable","13":"product-type-simple"},"composite_virtual":false,"composite_layout":"","composite_add_to_cart_form_location":"","composite_editable_in_cart":false,"composite_sold_individually_context":"","composite_shop_price_calc":"","composite_components":[],"composite_scenarios":[],"group_of_quantity":0,"min_quantity":0,"max_quantity":"","exclude_order_quantity_value_rules":"no","exclude_category_quantity_rules":"no","combine_variations":"no","exclude_global_add_ons":[],"addons":[],"_links":{"self":[{"href":"https:\/\/www.huntersfriend.eu\/sv\/wp-json\/wp\/v2\/product\/288731","targetHints":{"allow":["GET"]}}],"collection":[{"href":"https:\/\/www.huntersfriend.eu\/sv\/wp-json\/wp\/v2\/product"}],"about":[{"href":"https:\/\/www.huntersfriend.eu\/sv\/wp-json\/wp\/v2\/types\/product"}],"replies":[{"embeddable":true,"href":"https:\/\/www.huntersfriend.eu\/sv\/wp-json\/wp\/v2\/comments?post=288731"}],"wp:featuredmedia":[{"embeddable":true,"href":"https:\/\/www.huntersfriend.eu\/sv\/wp-json\/wp\/v2\/media\/208947"}],"wp:attachment":[{"href":"https:\/\/www.huntersfriend.eu\/sv\/wp-json\/wp\/v2\/media?parent=288731"}],"wp:term":[{"taxonomy":"product_brand","embeddable":true,"href":"https:\/\/www.huntersfriend.eu\/sv\/wp-json\/wp\/v2\/product_brand?post=288731"},{"taxonomy":"product_cat","embeddable":true,"href":"https:\/\/www.huntersfriend.eu\/sv\/wp-json\/wp\/v2\/product_cat?post=288731"},{"taxonomy":"product_tag","embeddable":true,"href":"https:\/\/www.huntersfriend.eu\/sv\/wp-json\/wp\/v2\/product_tag?post=288731"}],"curies":[{"name":"wp","href":"https:\/\/api.w.org\/{rel}","templated":true}]}}