{"id":288729,"date":"2020-07-08T14:20:29","date_gmt":"2020-07-08T12:20:29","guid":{"rendered":"https:\/\/www.huntersfriend.eu\/product\/final-approach-betespase-med-bred-oppning\/"},"modified":"2026-01-07T08:13:22","modified_gmt":"2026-01-07T06:13:22","slug":"final-approach-betespase-med-bred-oppning","status":"publish","type":"product","link":"https:\/\/www.huntersfriend.eu\/sv\/produkt\/final-approach-betespase-med-bred-oppning\/","title":{"rendered":"Final Approach betesp\u00e5se med bred \u00f6ppning"},"content":{"rendered":"<p>Final Approach betesp\u00e5se med bred \u00f6ppning \u00e4r designad f\u00f6r j\u00e4gare som beh\u00f6ver b\u00e4ra m\u00e5nga beten samtidigt.<\/p>\n<ul>\n<li>Rymmer 36 standard andbeten eller 18 extra stora magnum-beten<\/li>\n<li>F\u00f6rst\u00e4rkt tr\u00e5d\u00f6ppning<\/li>\n<li>Sj\u00e4lvdr\u00e4nerande, kraftigt PVC-n\u00e4t<\/li>\n<li>Bekv\u00e4ma, kraftiga axelremmar i v\u00e4v<\/li>\n<li>Lastjusteringsremmar f\u00f6r att balansera v\u00e4skans vikt<\/li>\n<li>Br\u00f6strem samt ett midjeb\u00e4lte f\u00f6r att h\u00e5lla v\u00e4skan s\u00e4ker n\u00e4r du g\u00e5r<\/li>\n<li>Storlek: 91,4 cm * 91,4 cm * 40,6 cm (91,4 cm H x 91,4 cm B x 40,6 cm D)<\/li>\n<\/ul>\n<p>&nbsp;<\/p>\n","protected":false},"excerpt":{"rendered":"<p>Stark b\u00e4rv\u00e4ska som rymmer 36 standard andbeten<\/p>\n","protected":false},"featured_media":214752,"comment_status":"open","ping_status":"closed","template":"","meta":[],"product_brand":[],"product_cat":[2818],"product_tag":[],"class_list":{"0":"post-288729","1":"product","2":"type-product","3":"status-publish","4":"has-post-thumbnail","6":"product_cat-lockfagelsvaskor","8":"first","9":"outofstock","10":"taxable","11":"shipping-taxable","12":"purchasable","13":"product-type-simple"},"composite_virtual":false,"composite_layout":"","composite_add_to_cart_form_location":"","composite_editable_in_cart":false,"composite_sold_individually_context":"","composite_shop_price_calc":"","composite_components":[],"composite_scenarios":[],"group_of_quantity":0,"min_quantity":0,"max_quantity":"","exclude_order_quantity_value_rules":"no","exclude_category_quantity_rules":"no","combine_variations":"no","exclude_global_add_ons":[],"addons":[],"_links":{"self":[{"href":"https:\/\/www.huntersfriend.eu\/sv\/wp-json\/wp\/v2\/product\/288729","targetHints":{"allow":["GET"]}}],"collection":[{"href":"https:\/\/www.huntersfriend.eu\/sv\/wp-json\/wp\/v2\/product"}],"about":[{"href":"https:\/\/www.huntersfriend.eu\/sv\/wp-json\/wp\/v2\/types\/product"}],"replies":[{"embeddable":true,"href":"https:\/\/www.huntersfriend.eu\/sv\/wp-json\/wp\/v2\/comments?post=288729"}],"wp:featuredmedia":[{"embeddable":true,"href":"https:\/\/www.huntersfriend.eu\/sv\/wp-json\/wp\/v2\/media\/214752"}],"wp:attachment":[{"href":"https:\/\/www.huntersfriend.eu\/sv\/wp-json\/wp\/v2\/media?parent=288729"}],"wp:term":[{"taxonomy":"product_brand","embeddable":true,"href":"https:\/\/www.huntersfriend.eu\/sv\/wp-json\/wp\/v2\/product_brand?post=288729"},{"taxonomy":"product_cat","embeddable":true,"href":"https:\/\/www.huntersfriend.eu\/sv\/wp-json\/wp\/v2\/product_cat?post=288729"},{"taxonomy":"product_tag","embeddable":true,"href":"https:\/\/www.huntersfriend.eu\/sv\/wp-json\/wp\/v2\/product_tag?post=288729"}],"curies":[{"name":"wp","href":"https:\/\/api.w.org\/{rel}","templated":true}]}}