{"id":288725,"date":"2020-03-11T12:20:47","date_gmt":"2020-03-11T10:20:47","guid":{"rendered":"https:\/\/www.huntersfriend.eu\/product\/neopren-snodd-for-lockpipa\/"},"modified":"2025-08-27T13:58:25","modified_gmt":"2025-08-27T11:58:25","slug":"neopren-snodd-for-lockpipa","status":"publish","type":"product","link":"https:\/\/www.huntersfriend.eu\/sv\/produkt\/neopren-snodd-for-lockpipa\/","title":{"rendered":"Neopren-snodd f\u00f6r lockpipa"},"content":{"rendered":"<p>Neopren-snodd f\u00f6r sex lockpipor.<\/p>\n<ul>\n<li>Neopren <span class=\"a-list-item\">yttertyg<\/span><\/li>\n<li><span class=\"a-list-item\">Lockpipor f\u00e4sts enkelt med snabbf\u00e4sten<\/span><\/li>\n<li>F\u00f6r sex lockpipor<\/li>\n<li>Camouflagem\u00f6nster<\/li>\n<\/ul>\n","protected":false},"excerpt":{"rendered":"<p>Neopren-snodd f\u00f6r sex lockpipor. Neopren yttertyg Lockpipor f\u00e4sts enkelt med snabbf\u00e4sten F\u00f6r sex lockpipor Camouflagem\u00f6nster<\/p>\n","protected":false},"featured_media":208992,"comment_status":"open","ping_status":"closed","template":"","meta":[],"product_brand":[],"product_cat":[878],"product_tag":[],"class_list":{"0":"post-288725","1":"product","2":"type-product","3":"status-publish","4":"has-post-thumbnail","6":"product_cat-uncategorized-sv","8":"first","9":"instock","10":"taxable","11":"shipping-taxable","12":"purchasable","13":"product-type-simple"},"composite_virtual":false,"composite_layout":"","composite_add_to_cart_form_location":"","composite_editable_in_cart":false,"composite_sold_individually_context":"","composite_shop_price_calc":"","composite_components":[],"composite_scenarios":[],"group_of_quantity":0,"min_quantity":0,"max_quantity":"","exclude_order_quantity_value_rules":"no","exclude_category_quantity_rules":"no","combine_variations":"no","exclude_global_add_ons":[],"addons":[],"_links":{"self":[{"href":"https:\/\/www.huntersfriend.eu\/sv\/wp-json\/wp\/v2\/product\/288725","targetHints":{"allow":["GET"]}}],"collection":[{"href":"https:\/\/www.huntersfriend.eu\/sv\/wp-json\/wp\/v2\/product"}],"about":[{"href":"https:\/\/www.huntersfriend.eu\/sv\/wp-json\/wp\/v2\/types\/product"}],"replies":[{"embeddable":true,"href":"https:\/\/www.huntersfriend.eu\/sv\/wp-json\/wp\/v2\/comments?post=288725"}],"wp:featuredmedia":[{"embeddable":true,"href":"https:\/\/www.huntersfriend.eu\/sv\/wp-json\/wp\/v2\/media\/208992"}],"wp:attachment":[{"href":"https:\/\/www.huntersfriend.eu\/sv\/wp-json\/wp\/v2\/media?parent=288725"}],"wp:term":[{"taxonomy":"product_brand","embeddable":true,"href":"https:\/\/www.huntersfriend.eu\/sv\/wp-json\/wp\/v2\/product_brand?post=288725"},{"taxonomy":"product_cat","embeddable":true,"href":"https:\/\/www.huntersfriend.eu\/sv\/wp-json\/wp\/v2\/product_cat?post=288725"},{"taxonomy":"product_tag","embeddable":true,"href":"https:\/\/www.huntersfriend.eu\/sv\/wp-json\/wp\/v2\/product_tag?post=288725"}],"curies":[{"name":"wp","href":"https:\/\/api.w.org\/{rel}","templated":true}]}}