{"id":288724,"date":"2020-06-17T14:20:18","date_gmt":"2020-06-17T12:20:18","guid":{"rendered":"https:\/\/www.huntersfriend.eu\/product\/scent-thief-kombinationspaket\/"},"modified":"2025-11-27T11:14:55","modified_gmt":"2025-11-27T09:14:55","slug":"scent-thief-kombinationspaket","status":"publish","type":"product","link":"https:\/\/www.huntersfriend.eu\/sv\/produkt\/scent-thief-kombinationspaket\/","title":{"rendered":"Scent Thief kombinationspaket"},"content":{"rendered":"<p>Scent Thief kombinationspaket har den perfekta storleken f\u00f6r din jaktryggs\u00e4ck!<\/p>\n<p>Scent Thiefs revolutionerande formula \u00e4r den f\u00f6rsta och enda produkten som fullst\u00e4ndigt tar bort ett djurs k\u00e4nsla f\u00f6r hotfulla lukter. V\u00e5r patenterade No Smell Technology slappnar av luktepitelet och st\u00e4nger tillf\u00e4lligt av ett djurs luktsinne. N\u00e4r ett djur f\u00e5r Scent Thief Field Spray i n\u00e4san kommer de inte att kunna k\u00e4nna lukten av n\u00e5got annat. Garanterat. Vinden kan nu vara till din f\u00f6rdel. Alla naturliga, alla ekologiska ingredienser \u00e4r s\u00e4kra f\u00f6r hud, kl\u00e4der och milj\u00f6n. L\u00e4r dig hur Scent Thief Spray fungerar <a href=\"https:\/\/scentthief.com\/pages\/how-it-works\" target=\"_blank\" rel=\"noopener noreferrer\">h\u00e4r<\/a>. Scent Thief Spray       <\/p>\n<p>L\u00e5t vinden vara din t\u00e4ckning!<\/p>\n<p>Du m\u00e5ste prova det f\u00f6r att tro det och du kan spara pengar med detta v\u00e4rdepaket.<\/p>\n","protected":false},"excerpt":{"rendered":"<p>24oz spray och 32 oz refill<\/p>\n","protected":false},"featured_media":210278,"comment_status":"open","ping_status":"closed","template":"","meta":[],"product_brand":[],"product_cat":[878],"product_tag":[],"class_list":{"0":"post-288724","1":"product","2":"type-product","3":"status-publish","4":"has-post-thumbnail","6":"product_cat-uncategorized-sv","8":"first","9":"outofstock","10":"taxable","11":"shipping-taxable","12":"purchasable","13":"product-type-simple"},"composite_virtual":false,"composite_layout":"","composite_add_to_cart_form_location":"","composite_editable_in_cart":false,"composite_sold_individually_context":"","composite_shop_price_calc":"","composite_components":[],"composite_scenarios":[],"group_of_quantity":0,"min_quantity":0,"max_quantity":"","exclude_order_quantity_value_rules":"no","exclude_category_quantity_rules":"no","combine_variations":"no","exclude_global_add_ons":[],"addons":[],"_links":{"self":[{"href":"https:\/\/www.huntersfriend.eu\/sv\/wp-json\/wp\/v2\/product\/288724","targetHints":{"allow":["GET"]}}],"collection":[{"href":"https:\/\/www.huntersfriend.eu\/sv\/wp-json\/wp\/v2\/product"}],"about":[{"href":"https:\/\/www.huntersfriend.eu\/sv\/wp-json\/wp\/v2\/types\/product"}],"replies":[{"embeddable":true,"href":"https:\/\/www.huntersfriend.eu\/sv\/wp-json\/wp\/v2\/comments?post=288724"}],"wp:featuredmedia":[{"embeddable":true,"href":"https:\/\/www.huntersfriend.eu\/sv\/wp-json\/wp\/v2\/media\/210278"}],"wp:attachment":[{"href":"https:\/\/www.huntersfriend.eu\/sv\/wp-json\/wp\/v2\/media?parent=288724"}],"wp:term":[{"taxonomy":"product_brand","embeddable":true,"href":"https:\/\/www.huntersfriend.eu\/sv\/wp-json\/wp\/v2\/product_brand?post=288724"},{"taxonomy":"product_cat","embeddable":true,"href":"https:\/\/www.huntersfriend.eu\/sv\/wp-json\/wp\/v2\/product_cat?post=288724"},{"taxonomy":"product_tag","embeddable":true,"href":"https:\/\/www.huntersfriend.eu\/sv\/wp-json\/wp\/v2\/product_tag?post=288724"}],"curies":[{"name":"wp","href":"https:\/\/api.w.org\/{rel}","templated":true}]}}