{"id":288715,"date":"2020-03-13T14:28:46","date_gmt":"2020-03-13T12:28:46","guid":{"rendered":"https:\/\/www.huntersfriend.eu\/product\/hoyt-lemmar-grand-prix-carbon-velos\/"},"modified":"2025-11-14T12:47:05","modified_gmt":"2025-11-14T10:47:05","slug":"hoyt-lemmar-grand-prix-carbon-velos","status":"publish","type":"product","link":"https:\/\/www.huntersfriend.eu\/sv\/produkt\/hoyt-lemmar-grand-prix-carbon-velos\/","title":{"rendered":"Hoyt lemmar grand prix carbon velos"},"content":{"rendered":"<h2>Carbon velos lemteknologi<\/h2>\n<p>Helt ny smalare kropp och lemdesign f\u00f6r de l\u00e4ttaste och snabbaste lemmarna i Hoyts historia. Helt ny kilkonstruktion f\u00f6r ett f\u00f6rb\u00e4ttrat flexm\u00f6nster och st\u00f6rre stabilitet f\u00f6r \u00f6kad noggrannhet. Helt nya konstruerade kolfiberlager f\u00f6r \u00f6kad j\u00e4mnhet, hastighet och konsistens. (Finns i Formula eller Grand Prix med bambuk\u00e4rna i kort, medium och l\u00e5ng och 22-50# i steg om 2 pund)   <\/p>\n<table border=\"0\" width=\"811\" cellspacing=\"0\" cellpadding=\"0\">\n<tbody>\n<tr>\n<td class=\"xl66\" width=\"100\" height=\"18\"><strong>Lempassning:<\/strong><\/td>\n<td class=\"xl67\" width=\"711\">ILF\/ grand prix<\/td>\n<\/tr>\n<\/tbody>\n<\/table>\n","protected":false},"excerpt":{"rendered":"<p>F\u00e4rg &#8211; svart kolfiber<\/p>\n","protected":false},"featured_media":185894,"comment_status":"open","ping_status":"closed","template":"","meta":[],"product_brand":[],"product_cat":[878],"product_tag":[],"class_list":{"0":"post-288715","1":"product","2":"type-product","3":"status-publish","4":"has-post-thumbnail","6":"product_cat-uncategorized-sv","8":"first","9":"outofstock","10":"taxable","11":"shipping-taxable","12":"product-type-simple"},"composite_virtual":false,"composite_layout":"","composite_add_to_cart_form_location":"","composite_editable_in_cart":false,"composite_sold_individually_context":"","composite_shop_price_calc":"","composite_components":[],"composite_scenarios":[],"group_of_quantity":0,"min_quantity":0,"max_quantity":"","exclude_order_quantity_value_rules":"no","exclude_category_quantity_rules":"no","combine_variations":"no","exclude_global_add_ons":[],"addons":[],"_links":{"self":[{"href":"https:\/\/www.huntersfriend.eu\/sv\/wp-json\/wp\/v2\/product\/288715","targetHints":{"allow":["GET"]}}],"collection":[{"href":"https:\/\/www.huntersfriend.eu\/sv\/wp-json\/wp\/v2\/product"}],"about":[{"href":"https:\/\/www.huntersfriend.eu\/sv\/wp-json\/wp\/v2\/types\/product"}],"replies":[{"embeddable":true,"href":"https:\/\/www.huntersfriend.eu\/sv\/wp-json\/wp\/v2\/comments?post=288715"}],"wp:featuredmedia":[{"embeddable":true,"href":"https:\/\/www.huntersfriend.eu\/sv\/wp-json\/wp\/v2\/media\/185894"}],"wp:attachment":[{"href":"https:\/\/www.huntersfriend.eu\/sv\/wp-json\/wp\/v2\/media?parent=288715"}],"wp:term":[{"taxonomy":"product_brand","embeddable":true,"href":"https:\/\/www.huntersfriend.eu\/sv\/wp-json\/wp\/v2\/product_brand?post=288715"},{"taxonomy":"product_cat","embeddable":true,"href":"https:\/\/www.huntersfriend.eu\/sv\/wp-json\/wp\/v2\/product_cat?post=288715"},{"taxonomy":"product_tag","embeddable":true,"href":"https:\/\/www.huntersfriend.eu\/sv\/wp-json\/wp\/v2\/product_tag?post=288715"}],"curies":[{"name":"wp","href":"https:\/\/api.w.org\/{rel}","templated":true}]}}