{"id":288714,"date":"2020-03-13T13:54:33","date_gmt":"2020-03-13T11:54:33","guid":{"rendered":"https:\/\/www.huntersfriend.eu\/product\/dead-center-dodstyst-verge-stabilisator\/"},"modified":"2025-08-27T13:58:26","modified_gmt":"2025-08-27T11:58:26","slug":"dead-center-dodstyst-verge-stabilisator","status":"publish","type":"product","link":"https:\/\/www.huntersfriend.eu\/sv\/produkt\/dead-center-dodstyst-verge-stabilisator\/","title":{"rendered":"Dead Center, d\u00f6dstyst Verge-stabilisator"},"content":{"rendered":"<p>Upplev Verge med dess prestandatekniska profil f\u00f6r f\u00f6rb\u00e4ttrad stabilitet och \u00f6verl\u00e4gsen ljudd\u00e4mpning.<\/p>\n<p><strong>Funktioner:<\/strong><\/p>\n<ul>\n<li>Innovativ \u00e4ndskyddsdesign ger en elegant profil och \u00f6verl\u00e4gsen vibrationsd\u00e4mpning samtidigt som den skyddar stabilisatorns \u00e4nde. St\u00e4llskruven m\u00f6jligg\u00f6r exakt justering. 1\/4-20-g\u00e4nga f\u00f6r att acceptera Custom Balance-vikter, vilket g\u00f6r att du kan anpassa din fram\u00e5tvikt f\u00f6r optimal noggrannhet  <\/li>\n<li>Precisionsbearbetade \u00e4ndstycken i aluminium ger en extra solid anslutning vilket bidrar till att minska vibrations\u00f6verf\u00f6ringen.<\/li>\n<li>Dubbel indexeringsbult m\u00f6jligg\u00f6r korrekt justering<\/li>\n<li>L\u00e4ttviktsr\u00f6r i kolfiber f\u00f6r den idealiska kombinationen av ljudd\u00e4mpning och stabilitet utan extra vikt eller k\u00e4nd vibration<\/li>\n<\/ul>\n<p><strong>Specifikationer: <\/strong><\/p>\n<ul>\n<li>7&#8243; l\u00e4ngd<\/li>\n<li>4,9 oz<\/li>\n<li>Inkluderar (2) 1 oz anpassade balansvikter<\/li>\n<\/ul>\n<ul>\n<li>9&#8243; l\u00e4ngd<\/li>\n<li>5,3 oz<\/li>\n<li>Inkluderar (2) 1 oz anpassade balansvikter<\/li>\n<\/ul>\n<ul>\n<li>12&#8243; l\u00e4ngd<\/li>\n<li>5,6 oz<\/li>\n<li>Inkluderar (2) 1 oz anpassade balansvikter<\/li>\n<\/ul>\n","protected":false},"excerpt":{"rendered":"<p>Upplev Verge med dess prestandatekniska profil f\u00f6r f\u00f6rb\u00e4ttrad stabilitet och \u00f6verl\u00e4gsen ljudd\u00e4mpning. Funktioner: Innovativ \u00e4ndskyddsdesign ger en elegant profil och \u00f6verl\u00e4gsen vibrationsd\u00e4mpning samtidigt som den skyddar stabilisatorns \u00e4nde. St\u00e4llskruven m\u00f6jligg\u00f6r exakt justering. 1\/4-20-g\u00e4nga f\u00f6r att acceptera Custom Balance-vikter, vilket g\u00f6r att du kan anpassa din fram\u00e5tvikt f\u00f6r optimal noggrannhet Precisionsbearbetade \u00e4ndstycken i aluminium ger en [&#8230;]\n","protected":false},"featured_media":185881,"comment_status":"open","ping_status":"closed","template":"","meta":[],"product_brand":[],"product_cat":[2965],"product_tag":[],"class_list":{"0":"post-288714","1":"product","2":"type-product","3":"status-publish","4":"has-post-thumbnail","6":"product_cat-bagjaktstabilisatorer","8":"first","9":"instock","10":"taxable","11":"shipping-taxable","12":"purchasable","13":"product-type-variable"},"composite_virtual":false,"composite_layout":"","composite_add_to_cart_form_location":"","composite_editable_in_cart":false,"composite_sold_individually_context":"","composite_shop_price_calc":"","composite_components":[],"composite_scenarios":[],"group_of_quantity":0,"min_quantity":0,"max_quantity":"","exclude_order_quantity_value_rules":"no","exclude_category_quantity_rules":"no","combine_variations":"no","exclude_global_add_ons":[],"addons":[],"_links":{"self":[{"href":"https:\/\/www.huntersfriend.eu\/sv\/wp-json\/wp\/v2\/product\/288714","targetHints":{"allow":["GET"]}}],"collection":[{"href":"https:\/\/www.huntersfriend.eu\/sv\/wp-json\/wp\/v2\/product"}],"about":[{"href":"https:\/\/www.huntersfriend.eu\/sv\/wp-json\/wp\/v2\/types\/product"}],"replies":[{"embeddable":true,"href":"https:\/\/www.huntersfriend.eu\/sv\/wp-json\/wp\/v2\/comments?post=288714"}],"wp:featuredmedia":[{"embeddable":true,"href":"https:\/\/www.huntersfriend.eu\/sv\/wp-json\/wp\/v2\/media\/185881"}],"wp:attachment":[{"href":"https:\/\/www.huntersfriend.eu\/sv\/wp-json\/wp\/v2\/media?parent=288714"}],"wp:term":[{"taxonomy":"product_brand","embeddable":true,"href":"https:\/\/www.huntersfriend.eu\/sv\/wp-json\/wp\/v2\/product_brand?post=288714"},{"taxonomy":"product_cat","embeddable":true,"href":"https:\/\/www.huntersfriend.eu\/sv\/wp-json\/wp\/v2\/product_cat?post=288714"},{"taxonomy":"product_tag","embeddable":true,"href":"https:\/\/www.huntersfriend.eu\/sv\/wp-json\/wp\/v2\/product_tag?post=288714"}],"curies":[{"name":"wp","href":"https:\/\/api.w.org\/{rel}","templated":true}]}}