{"id":288713,"date":"2020-03-19T09:20:24","date_gmt":"2020-03-19T07:20:24","guid":{"rendered":"https:\/\/www.huntersfriend.eu\/product\/b3-modig-vridbar-frigoring\/"},"modified":"2025-08-27T13:57:45","modified_gmt":"2025-08-27T11:57:45","slug":"b3-modig-vridbar-frigoring","status":"publish","type":"product","link":"https:\/\/www.huntersfriend.eu\/sv\/produkt\/b3-modig-vridbar-frigoring\/","title":{"rendered":"B3 modig vridbar frig\u00f6ring"},"content":{"rendered":"<p><img decoding=\"async\" class=\"alignnone size-full wp-image-453\" src=\"https:\/\/b3archery.com\/app\/uploads\/2019\/01\/brave-logo.jpg\" alt=\"\" width=\"200\" height=\"50\"><\/p>\n<p><strong>V\u00c5R HELT NYA MICRO-MODELL MED ENKELT K\u00c4FT.<\/strong><\/p>\n<p><strong>The Brave<\/strong> \u00e4r perfekt f\u00f6r ungdomar eller alla med sm\u00e5 h\u00e4nder och handleder. Den levereras med ett litet sp\u00e4nne och har en mikrohuvuddesign. The Brave erbjuds med r\u00f6da detaljer inklusive s\u00f6mmar, remf\u00e4ste eller stam. Visa konkurrenterna att du har vad som kr\u00e4vs med The Brave. The Brave levereras med handledsrem i standardstorlek och en r\u00f6d sv\u00e4ngbar stam. Om du vill ha en handledsrem i en annan storlek med din release \u00e4r du v\u00e4lkommen att ringa oss i butiken.     <\/p>\n<p><strong>Tillg\u00e4ngliga anslutningar:<\/strong><br \/>\nVridbar stam \u2013 6 l\u00e4ngdinst\u00e4llningar<br \/>\nPatenterad vridbar stam med flikl\u00e5s<\/p>\n","protected":false},"excerpt":{"rendered":"<p>Vridbart anslutningssp\u00e4nne R\u00f6d<\/p>\n","protected":false},"featured_media":215227,"comment_status":"open","ping_status":"closed","template":"","meta":[],"product_brand":[],"product_cat":[2680],"product_tag":[],"class_list":{"0":"post-288713","1":"product","2":"type-product","3":"status-publish","4":"has-post-thumbnail","6":"product_cat-handledsutlosare","8":"first","9":"instock","10":"taxable","11":"shipping-taxable","12":"purchasable","13":"product-type-simple"},"composite_virtual":false,"composite_layout":"","composite_add_to_cart_form_location":"","composite_editable_in_cart":false,"composite_sold_individually_context":"","composite_shop_price_calc":"","composite_components":[],"composite_scenarios":[],"group_of_quantity":0,"min_quantity":0,"max_quantity":"","exclude_order_quantity_value_rules":"no","exclude_category_quantity_rules":"no","combine_variations":"no","exclude_global_add_ons":[],"addons":[],"_links":{"self":[{"href":"https:\/\/www.huntersfriend.eu\/sv\/wp-json\/wp\/v2\/product\/288713","targetHints":{"allow":["GET"]}}],"collection":[{"href":"https:\/\/www.huntersfriend.eu\/sv\/wp-json\/wp\/v2\/product"}],"about":[{"href":"https:\/\/www.huntersfriend.eu\/sv\/wp-json\/wp\/v2\/types\/product"}],"replies":[{"embeddable":true,"href":"https:\/\/www.huntersfriend.eu\/sv\/wp-json\/wp\/v2\/comments?post=288713"}],"wp:featuredmedia":[{"embeddable":true,"href":"https:\/\/www.huntersfriend.eu\/sv\/wp-json\/wp\/v2\/media\/215227"}],"wp:attachment":[{"href":"https:\/\/www.huntersfriend.eu\/sv\/wp-json\/wp\/v2\/media?parent=288713"}],"wp:term":[{"taxonomy":"product_brand","embeddable":true,"href":"https:\/\/www.huntersfriend.eu\/sv\/wp-json\/wp\/v2\/product_brand?post=288713"},{"taxonomy":"product_cat","embeddable":true,"href":"https:\/\/www.huntersfriend.eu\/sv\/wp-json\/wp\/v2\/product_cat?post=288713"},{"taxonomy":"product_tag","embeddable":true,"href":"https:\/\/www.huntersfriend.eu\/sv\/wp-json\/wp\/v2\/product_tag?post=288713"}],"curies":[{"name":"wp","href":"https:\/\/api.w.org\/{rel}","templated":true}]}}