{"id":288709,"date":"2020-03-20T15:20:24","date_gmt":"2020-03-20T13:20:24","guid":{"rendered":"https:\/\/www.huntersfriend.eu\/product\/scott-archery-pursuit-release\/"},"modified":"2025-11-07T12:48:46","modified_gmt":"2025-11-07T10:48:46","slug":"scott-archery-pursuit-release","status":"publish","type":"product","link":"https:\/\/www.huntersfriend.eu\/sv\/produkt\/scott-archery-pursuit-release\/","title":{"rendered":"Scott archery pursuit release"},"content":{"rendered":"<p>Det \u00e4r sanningens \u00f6gonblick. Du har jagat detta hela s\u00e4songen. Ta inga chanser med vilken release som helst. Det handlar inte om trof\u00e9er \u2013 det handlar om Pursuit.   <\/p>\n<ul class=\"special\">\n<li>M\u00e5linspirerad multi-sear-teknik ger klassens b\u00e4sta, tydliga tryckark\u00e4nsla<\/li>\n<li>Tre- och fyrfingerf\u00f6rl\u00e4ngning ing\u00e5r<\/li>\n<li>Fullt justerbar avtryckarposition<\/li>\n<li>Justerbar avtryckarr\u00f6relse<\/li>\n<li>Scotts repkoppling ger o\u00e4ndlig l\u00e4ngdjustering f\u00f6r alla b\u00e5gskyttar<\/li>\n<li>Ergonomiskt handtag<\/li>\n<\/ul>\n<p><a href=\"https:\/\/cdn.shopify.com\/s\/files\/1\/1042\/8166\/files\/Scott_pursuit_Instructions_email.pdf?6195474146890970854\">Klicka h\u00e4r f\u00f6r instruktioner om hur du justerar din release<\/a><\/p>\n","protected":false},"excerpt":{"rendered":"<p>Tumme, RCS-sp\u00e4nne, svart<\/p>\n","protected":false},"featured_media":210773,"comment_status":"open","ping_status":"closed","template":"","meta":[],"product_brand":[],"product_cat":[2802],"product_tag":[],"class_list":{"0":"post-288709","1":"product","2":"type-product","3":"status-publish","4":"has-post-thumbnail","6":"product_cat-hand-tum-releaser","8":"first","9":"onbackorder","10":"taxable","11":"shipping-taxable","12":"purchasable","13":"product-type-simple"},"composite_virtual":false,"composite_layout":"","composite_add_to_cart_form_location":"","composite_editable_in_cart":false,"composite_sold_individually_context":"","composite_shop_price_calc":"","composite_components":[],"composite_scenarios":[],"group_of_quantity":0,"min_quantity":0,"max_quantity":"","exclude_order_quantity_value_rules":"no","exclude_category_quantity_rules":"no","combine_variations":"no","exclude_global_add_ons":[],"addons":[],"_links":{"self":[{"href":"https:\/\/www.huntersfriend.eu\/sv\/wp-json\/wp\/v2\/product\/288709","targetHints":{"allow":["GET"]}}],"collection":[{"href":"https:\/\/www.huntersfriend.eu\/sv\/wp-json\/wp\/v2\/product"}],"about":[{"href":"https:\/\/www.huntersfriend.eu\/sv\/wp-json\/wp\/v2\/types\/product"}],"replies":[{"embeddable":true,"href":"https:\/\/www.huntersfriend.eu\/sv\/wp-json\/wp\/v2\/comments?post=288709"}],"wp:featuredmedia":[{"embeddable":true,"href":"https:\/\/www.huntersfriend.eu\/sv\/wp-json\/wp\/v2\/media\/210773"}],"wp:attachment":[{"href":"https:\/\/www.huntersfriend.eu\/sv\/wp-json\/wp\/v2\/media?parent=288709"}],"wp:term":[{"taxonomy":"product_brand","embeddable":true,"href":"https:\/\/www.huntersfriend.eu\/sv\/wp-json\/wp\/v2\/product_brand?post=288709"},{"taxonomy":"product_cat","embeddable":true,"href":"https:\/\/www.huntersfriend.eu\/sv\/wp-json\/wp\/v2\/product_cat?post=288709"},{"taxonomy":"product_tag","embeddable":true,"href":"https:\/\/www.huntersfriend.eu\/sv\/wp-json\/wp\/v2\/product_tag?post=288709"}],"curies":[{"name":"wp","href":"https:\/\/api.w.org\/{rel}","templated":true}]}}