{"id":288707,"date":"2020-05-11T14:20:43","date_gmt":"2020-05-11T12:20:43","guid":{"rendered":"https:\/\/www.huntersfriend.eu\/product\/sista-inflygning-sista-pass-tuta-sovande-shell-6-pack\/"},"modified":"2025-08-27T13:57:21","modified_gmt":"2025-08-27T11:57:21","slug":"sista-inflygning-sista-pass-tuta-sovande-shell-6-pack","status":"publish","type":"product","link":"https:\/\/www.huntersfriend.eu\/sv\/produkt\/sista-inflygning-sista-pass-tuta-sovande-shell-6-pack\/","title":{"rendered":"Sista inflygning sista pass tuta sovande Shell, 6-pack"},"content":{"rendered":"<p>Sista inflygning sista pass sovande Shell, 6-pack m\u00e5lad<\/p>\n<ul>\n<li>Robust blandning av mjukare plast f\u00f6r \u00f6kad h\u00e5llbarhet och f\u00e4rgh\u00e4ftning<\/li>\n<li>\u00d6verdimensionerad f\u00f6r bra synlighet<\/li>\n<li>Tyngsta sovande shell p\u00e5 marknaden, bl\u00e5ser inte bort n\u00e4r vinden tilltar<\/li>\n<li>Uppgraderat f\u00e4rgschema f\u00f6r ett mer realistiskt utseende<\/li>\n<li>Flockade huvuden<\/li>\n<li>Design i ett stycke<\/li>\n<\/ul>\n<p><strong>Obs: Onlinebest\u00e4llningar \u00e4r begr\u00e4nsade till en l\u00e5da per best\u00e4llning. F\u00f6r st\u00f6rre m\u00e4ngder, v\u00e4nligen kontakta kundtj\u00e4nst direkt f\u00f6r att se \u00f6ver leveranskostnaderna <\/strong><\/p>\n","protected":false},"excerpt":{"rendered":"<p><strong>Obs: Onlinebest\u00e4llningar \u00e4r begr\u00e4nsade till en l\u00e5da per best\u00e4llning. F\u00f6r st\u00f6rre m\u00e4ngder, v\u00e4nligen kontakta kundtj\u00e4nst direkt f\u00f6r att se \u00f6ver leveranskostnaderna <\/strong><\/p>\n","protected":false},"featured_media":209040,"comment_status":"open","ping_status":"closed","template":"","meta":[],"product_brand":[],"product_cat":[2830],"product_tag":[],"class_list":{"0":"post-288707","1":"product","2":"type-product","3":"status-publish","4":"has-post-thumbnail","6":"product_cat-gasbeten","7":"product_shipping_class-big-sv","9":"first","10":"instock","11":"sale","12":"taxable","13":"shipping-taxable","14":"purchasable","15":"product-type-simple"},"composite_virtual":false,"composite_layout":"","composite_add_to_cart_form_location":"","composite_editable_in_cart":false,"composite_sold_individually_context":"","composite_shop_price_calc":"","composite_components":[],"composite_scenarios":[],"group_of_quantity":0,"min_quantity":0,"max_quantity":"","exclude_order_quantity_value_rules":"no","exclude_category_quantity_rules":"no","combine_variations":"no","exclude_global_add_ons":[],"addons":[],"_links":{"self":[{"href":"https:\/\/www.huntersfriend.eu\/sv\/wp-json\/wp\/v2\/product\/288707","targetHints":{"allow":["GET"]}}],"collection":[{"href":"https:\/\/www.huntersfriend.eu\/sv\/wp-json\/wp\/v2\/product"}],"about":[{"href":"https:\/\/www.huntersfriend.eu\/sv\/wp-json\/wp\/v2\/types\/product"}],"replies":[{"embeddable":true,"href":"https:\/\/www.huntersfriend.eu\/sv\/wp-json\/wp\/v2\/comments?post=288707"}],"wp:featuredmedia":[{"embeddable":true,"href":"https:\/\/www.huntersfriend.eu\/sv\/wp-json\/wp\/v2\/media\/209040"}],"wp:attachment":[{"href":"https:\/\/www.huntersfriend.eu\/sv\/wp-json\/wp\/v2\/media?parent=288707"}],"wp:term":[{"taxonomy":"product_brand","embeddable":true,"href":"https:\/\/www.huntersfriend.eu\/sv\/wp-json\/wp\/v2\/product_brand?post=288707"},{"taxonomy":"product_cat","embeddable":true,"href":"https:\/\/www.huntersfriend.eu\/sv\/wp-json\/wp\/v2\/product_cat?post=288707"},{"taxonomy":"product_tag","embeddable":true,"href":"https:\/\/www.huntersfriend.eu\/sv\/wp-json\/wp\/v2\/product_tag?post=288707"}],"curies":[{"name":"wp","href":"https:\/\/api.w.org\/{rel}","templated":true}]}}