{"id":288704,"date":"2020-05-28T11:40:26","date_gmt":"2020-05-28T09:40:26","guid":{"rendered":"https:\/\/www.huntersfriend.eu\/product\/spot-hogg-wise-guy-release-3\/"},"modified":"2025-08-27T13:57:16","modified_gmt":"2025-08-27T11:57:16","slug":"spot-hogg-wise-guy-release-3","status":"publish","type":"product","link":"https:\/\/www.huntersfriend.eu\/sv\/produkt\/spot-hogg-wise-guy-release-3\/","title":{"rendered":"Spot-hogg Wise Guy-release"},"content":{"rendered":"<p><span style=\"text-align: left; color: #333333; text-transform: none; text-indent: 0px; letter-spacing: normal; font-family: 'Amazon Ember',Arial,sans-serif; font-size: 13.33px; font-style: normal; font-variant: normal; font-weight: 400; text-decoration: none; word-spacing: 0px; float: none; display: inline !important; white-space: normal; orphans: 2; background-color: transparent; -webkit-text-stroke-width: 0px;\">Spot Hogg Wise Guy-releasen har det l\u00e4ttaste avtrycket av alla jakt-releaser som n\u00e5gonsin skapats, med en sj\u00e4lv\u00e5terladdande krok och fram\u00e5triktad avtryckardesign. Den har en nylonrem som kan vikas undan, mikrojusterbar l\u00e4ngd, magnetiskt andningsbart handledsband med sp\u00e4nne och en \u00f6ppen k\u00e4ke f\u00f6r ultrasnabb D-loop-anslutning. Det l\u00e4tta avtrycket justeras utan avtryckarr\u00f6relse, och den vinklade, styva kroppen f\u00f6r bekv\u00e4m laddning g\u00f6r detta till en av de b\u00e4sta p\u00e5 marknaden.  <\/span><\/p>\n<p>\u00d6ka din hastighet och precision n\u00e4r du sp\u00e4nner fast Spot-Hogg Wiseguy-handledsreleasen. Byggd speciellt f\u00f6r inbitna j\u00e4gare som har efterfr\u00e5gat en handledsreleasestil men med samma kvalitet och precision som m\u00e5lreleaserna. <\/p>\n<div class=\"bg_title\">\n<h4 class=\"headInModule\">FUNKTIONER:<\/h4>\n<\/div>\n<div class=\"module_content\">\u2022 L\u00e4tt, justerbart avtryck med noll r\u00f6relse<br \/>\n\u2022 Sj\u00e4lv\u00e5terladdande krok<br \/>\n\u2022 Fram\u00e5triktad avtryckardesign f\u00f6r maximal dragl\u00e4ngd och hastighet<br \/>\n\u2022 Justerbar l\u00e4ngd<br \/>\n\u2022 \u00d6ppen k\u00e4ke f\u00f6r ultrasnabb D-loop-anslutning<\/div>\n","protected":false},"excerpt":{"rendered":"<p>Nylonsp\u00e4nne, svart<\/p>\n","protected":false},"featured_media":210746,"comment_status":"open","ping_status":"closed","template":"","meta":[],"product_brand":[],"product_cat":[2680],"product_tag":[],"class_list":{"0":"post-288704","1":"product","2":"type-product","3":"status-publish","4":"has-post-thumbnail","6":"product_cat-handledsutlosare","8":"first","9":"instock","10":"taxable","11":"shipping-taxable","12":"purchasable","13":"product-type-simple"},"composite_virtual":false,"composite_layout":"","composite_add_to_cart_form_location":"","composite_editable_in_cart":false,"composite_sold_individually_context":"","composite_shop_price_calc":"","composite_components":[],"composite_scenarios":[],"group_of_quantity":0,"min_quantity":0,"max_quantity":"","exclude_order_quantity_value_rules":"no","exclude_category_quantity_rules":"no","combine_variations":"no","exclude_global_add_ons":[],"addons":[],"_links":{"self":[{"href":"https:\/\/www.huntersfriend.eu\/sv\/wp-json\/wp\/v2\/product\/288704","targetHints":{"allow":["GET"]}}],"collection":[{"href":"https:\/\/www.huntersfriend.eu\/sv\/wp-json\/wp\/v2\/product"}],"about":[{"href":"https:\/\/www.huntersfriend.eu\/sv\/wp-json\/wp\/v2\/types\/product"}],"replies":[{"embeddable":true,"href":"https:\/\/www.huntersfriend.eu\/sv\/wp-json\/wp\/v2\/comments?post=288704"}],"wp:featuredmedia":[{"embeddable":true,"href":"https:\/\/www.huntersfriend.eu\/sv\/wp-json\/wp\/v2\/media\/210746"}],"wp:attachment":[{"href":"https:\/\/www.huntersfriend.eu\/sv\/wp-json\/wp\/v2\/media?parent=288704"}],"wp:term":[{"taxonomy":"product_brand","embeddable":true,"href":"https:\/\/www.huntersfriend.eu\/sv\/wp-json\/wp\/v2\/product_brand?post=288704"},{"taxonomy":"product_cat","embeddable":true,"href":"https:\/\/www.huntersfriend.eu\/sv\/wp-json\/wp\/v2\/product_cat?post=288704"},{"taxonomy":"product_tag","embeddable":true,"href":"https:\/\/www.huntersfriend.eu\/sv\/wp-json\/wp\/v2\/product_tag?post=288704"}],"curies":[{"name":"wp","href":"https:\/\/api.w.org\/{rel}","templated":true}]}}