{"id":288702,"date":"2020-06-17T09:20:34","date_gmt":"2020-06-17T07:20:34","guid":{"rendered":"https:\/\/www.huntersfriend.eu\/product\/scent-thief-faltspray\/"},"modified":"2025-11-27T11:14:54","modified_gmt":"2025-11-27T09:14:54","slug":"scent-thief-faltspray","status":"publish","type":"product","link":"https:\/\/www.huntersfriend.eu\/sv\/produkt\/scent-thief-faltspray\/","title":{"rendered":"Scent thief f\u00e4ltspray"},"content":{"rendered":"<p>Scent Thiefs revolutionerande formula \u00e4r den f\u00f6rsta och enda produkten som fullst\u00e4ndigt tar bort ett djurs k\u00e4nsla f\u00f6r hotfulla lukter. Den patenterade No Smell Technology relaxerar luktepitelet och st\u00e4nger tillf\u00e4lligt av ett djurs luktsinne. N\u00e4r ett djur f\u00e5r Scent Thief Field Spray i n\u00e4san kommer de inte att kunna k\u00e4nna lukten av n\u00e5got annat. Garanterat. Vinden kan nu agera till din f\u00f6rdel. Alla naturliga, alla ekologiska ingredienser \u00e4r s\u00e4kra f\u00f6r hud, kl\u00e4der och milj\u00f6n. L\u00e4r dig hur Scent Thief Spray fungerar <a href=\"https:\/\/scentthief.com\/pages\/how-it-works\" target=\"_blank\" rel=\"noopener noreferrer\">h\u00e4r<\/a>. Scent Thief Spray \u2013 l\u00e5t vinden vara ditt skydd!       <\/p>\n<p>Det h\u00e4r \u00e4r inte en t\u00e4ckande doft. Det \u00e4r en revolution inom luktborttagning som du m\u00e5ste prova f\u00f6r att tro! <\/p>\n","protected":false},"excerpt":{"rendered":"<p>24 oz \/ 0,7 liter<\/p>\n","protected":false},"featured_media":210260,"comment_status":"open","ping_status":"closed","template":"","meta":[],"product_brand":[],"product_cat":[3240,3236,3238],"product_tag":[],"class_list":{"0":"post-288702","1":"product","2":"type-product","3":"status-publish","4":"has-post-thumbnail","6":"product_cat-dofteliminering","7":"product_cat-doftmedel","8":"product_cat-kamoufleringsdoftmedel","10":"first","11":"instock","12":"taxable","13":"shipping-taxable","14":"purchasable","15":"product-type-simple"},"composite_virtual":false,"composite_layout":"","composite_add_to_cart_form_location":"","composite_editable_in_cart":false,"composite_sold_individually_context":"","composite_shop_price_calc":"","composite_components":[],"composite_scenarios":[],"group_of_quantity":0,"min_quantity":0,"max_quantity":"","exclude_order_quantity_value_rules":"no","exclude_category_quantity_rules":"no","combine_variations":"no","exclude_global_add_ons":[],"addons":[],"_links":{"self":[{"href":"https:\/\/www.huntersfriend.eu\/sv\/wp-json\/wp\/v2\/product\/288702","targetHints":{"allow":["GET"]}}],"collection":[{"href":"https:\/\/www.huntersfriend.eu\/sv\/wp-json\/wp\/v2\/product"}],"about":[{"href":"https:\/\/www.huntersfriend.eu\/sv\/wp-json\/wp\/v2\/types\/product"}],"replies":[{"embeddable":true,"href":"https:\/\/www.huntersfriend.eu\/sv\/wp-json\/wp\/v2\/comments?post=288702"}],"wp:featuredmedia":[{"embeddable":true,"href":"https:\/\/www.huntersfriend.eu\/sv\/wp-json\/wp\/v2\/media\/210260"}],"wp:attachment":[{"href":"https:\/\/www.huntersfriend.eu\/sv\/wp-json\/wp\/v2\/media?parent=288702"}],"wp:term":[{"taxonomy":"product_brand","embeddable":true,"href":"https:\/\/www.huntersfriend.eu\/sv\/wp-json\/wp\/v2\/product_brand?post=288702"},{"taxonomy":"product_cat","embeddable":true,"href":"https:\/\/www.huntersfriend.eu\/sv\/wp-json\/wp\/v2\/product_cat?post=288702"},{"taxonomy":"product_tag","embeddable":true,"href":"https:\/\/www.huntersfriend.eu\/sv\/wp-json\/wp\/v2\/product_tag?post=288702"}],"curies":[{"name":"wp","href":"https:\/\/api.w.org\/{rel}","templated":true}]}}