{"id":288701,"date":"2020-05-13T13:41:04","date_gmt":"2020-05-13T11:41:04","guid":{"rendered":"https:\/\/www.huntersfriend.eu\/product\/final-approach-12-facks-vaska-for-mellanstora-gasattrapper\/"},"modified":"2025-08-27T13:56:41","modified_gmt":"2025-08-27T11:56:41","slug":"final-approach-12-facks-vaska-for-mellanstora-gasattrapper","status":"publish","type":"product","link":"https:\/\/www.huntersfriend.eu\/sv\/produkt\/final-approach-12-facks-vaska-for-mellanstora-gasattrapper\/","title":{"rendered":"Final Approach 12-facks v\u00e4ska f\u00f6r mellanstora g\u00e5sattrapper"},"content":{"rendered":"<p>Final Approach 12-facks v\u00e4ska f\u00f6r mellanstora g\u00e5sattrapper. Skydda dina attrapper och b\u00e4r fler attrapper samtidigt. <\/p>\n<p><b>Funktioner:<\/b><\/p>\n<ul>\n<li>Levereras med dragsko upptill f\u00f6r extra skydd<\/li>\n<li>Axelrem och b\u00e4rhandtag<\/li>\n<li>Kraftiga material<\/li>\n<li>Fackens m\u00e5tt \u00e4r 22,9 cm x 22,9 cm x 55,8 cm<\/li>\n<\/ul>\n<p>&nbsp;<\/p>\n","protected":false},"excerpt":{"rendered":"<p>Final Approach 12-facks v\u00e4ska f\u00f6r mellanstora g\u00e5sattrapper. Skydda dina attrapper och b\u00e4r fler attrapper samtidigt. Funktioner: Levereras med dragsko upptill f\u00f6r extra skydd Axelrem och b\u00e4rhandtag Kraftiga material Fackens m\u00e5tt \u00e4r 22,9 cm x 22,9 cm x 55,8 cm &nbsp;<\/p>\n","protected":false},"featured_media":209046,"comment_status":"open","ping_status":"closed","template":"","meta":[],"product_brand":[],"product_cat":[878],"product_tag":[],"class_list":{"0":"post-288701","1":"product","2":"type-product","3":"status-publish","4":"has-post-thumbnail","6":"product_cat-uncategorized-sv","8":"first","9":"outofstock","10":"taxable","11":"shipping-taxable","12":"purchasable","13":"product-type-simple"},"composite_virtual":false,"composite_layout":"","composite_add_to_cart_form_location":"","composite_editable_in_cart":false,"composite_sold_individually_context":"","composite_shop_price_calc":"","composite_components":[],"composite_scenarios":[],"group_of_quantity":0,"min_quantity":0,"max_quantity":"","exclude_order_quantity_value_rules":"no","exclude_category_quantity_rules":"no","combine_variations":"no","exclude_global_add_ons":[],"addons":[],"_links":{"self":[{"href":"https:\/\/www.huntersfriend.eu\/sv\/wp-json\/wp\/v2\/product\/288701","targetHints":{"allow":["GET"]}}],"collection":[{"href":"https:\/\/www.huntersfriend.eu\/sv\/wp-json\/wp\/v2\/product"}],"about":[{"href":"https:\/\/www.huntersfriend.eu\/sv\/wp-json\/wp\/v2\/types\/product"}],"replies":[{"embeddable":true,"href":"https:\/\/www.huntersfriend.eu\/sv\/wp-json\/wp\/v2\/comments?post=288701"}],"wp:featuredmedia":[{"embeddable":true,"href":"https:\/\/www.huntersfriend.eu\/sv\/wp-json\/wp\/v2\/media\/209046"}],"wp:attachment":[{"href":"https:\/\/www.huntersfriend.eu\/sv\/wp-json\/wp\/v2\/media?parent=288701"}],"wp:term":[{"taxonomy":"product_brand","embeddable":true,"href":"https:\/\/www.huntersfriend.eu\/sv\/wp-json\/wp\/v2\/product_brand?post=288701"},{"taxonomy":"product_cat","embeddable":true,"href":"https:\/\/www.huntersfriend.eu\/sv\/wp-json\/wp\/v2\/product_cat?post=288701"},{"taxonomy":"product_tag","embeddable":true,"href":"https:\/\/www.huntersfriend.eu\/sv\/wp-json\/wp\/v2\/product_tag?post=288701"}],"curies":[{"name":"wp","href":"https:\/\/api.w.org\/{rel}","templated":true}]}}