{"id":288700,"date":"2020-06-10T06:40:28","date_gmt":"2020-06-10T04:40:28","guid":{"rendered":"https:\/\/www.huntersfriend.eu\/product\/black-eagle-pin-bussning-kottatare\/"},"modified":"2026-01-02T08:30:25","modified_gmt":"2026-01-02T06:30:25","slug":"black-eagle-pin-bussning-kottatare","status":"publish","type":"product","link":"https:\/\/www.huntersfriend.eu\/sv\/produkt\/black-eagle-pin-bussning-kottatare\/","title":{"rendered":"Black Eagle Pin bussning \u2013 k\u00f6tt\u00e4tare"},"content":{"rendered":"<p>Denna pin bussning passar perfekt till v\u00e5ra Carnivore, Outlaw, Zombie Slayer och Vintage pilar 300\u2013400 och 30\u201350 spine. Dessa bussningar \u00e4r designade f\u00f6r anv\u00e4ndning med v\u00e5ra Pin Nocks. Tillverkade av 70\/75 T-6 aluminium.  <\/p>\n<p>Vikt 14 grains<\/p>\n","protected":false},"excerpt":{"rendered":"<p>12 st per f\u00f6rpackning<\/p>\n","protected":false},"featured_media":210257,"comment_status":"open","ping_status":"closed","template":"","meta":[],"product_brand":[],"product_cat":[2880],"product_tag":[],"class_list":{"0":"post-288700","1":"product","2":"type-product","3":"status-publish","4":"has-post-thumbnail","6":"product_cat-nockar-och-insatser","8":"first","9":"instock","10":"taxable","11":"shipping-taxable","12":"purchasable","13":"product-type-simple"},"composite_virtual":false,"composite_layout":"","composite_add_to_cart_form_location":"","composite_editable_in_cart":false,"composite_sold_individually_context":"","composite_shop_price_calc":"","composite_components":[],"composite_scenarios":[],"group_of_quantity":0,"min_quantity":0,"max_quantity":"","exclude_order_quantity_value_rules":"no","exclude_category_quantity_rules":"no","combine_variations":"no","exclude_global_add_ons":[],"addons":[],"_links":{"self":[{"href":"https:\/\/www.huntersfriend.eu\/sv\/wp-json\/wp\/v2\/product\/288700","targetHints":{"allow":["GET"]}}],"collection":[{"href":"https:\/\/www.huntersfriend.eu\/sv\/wp-json\/wp\/v2\/product"}],"about":[{"href":"https:\/\/www.huntersfriend.eu\/sv\/wp-json\/wp\/v2\/types\/product"}],"replies":[{"embeddable":true,"href":"https:\/\/www.huntersfriend.eu\/sv\/wp-json\/wp\/v2\/comments?post=288700"}],"wp:featuredmedia":[{"embeddable":true,"href":"https:\/\/www.huntersfriend.eu\/sv\/wp-json\/wp\/v2\/media\/210257"}],"wp:attachment":[{"href":"https:\/\/www.huntersfriend.eu\/sv\/wp-json\/wp\/v2\/media?parent=288700"}],"wp:term":[{"taxonomy":"product_brand","embeddable":true,"href":"https:\/\/www.huntersfriend.eu\/sv\/wp-json\/wp\/v2\/product_brand?post=288700"},{"taxonomy":"product_cat","embeddable":true,"href":"https:\/\/www.huntersfriend.eu\/sv\/wp-json\/wp\/v2\/product_cat?post=288700"},{"taxonomy":"product_tag","embeddable":true,"href":"https:\/\/www.huntersfriend.eu\/sv\/wp-json\/wp\/v2\/product_tag?post=288700"}],"curies":[{"name":"wp","href":"https:\/\/api.w.org\/{rel}","templated":true}]}}