{"id":288699,"date":"2020-07-08T14:20:30","date_gmt":"2020-07-08T12:20:30","guid":{"rendered":"https:\/\/www.huntersfriend.eu\/product\/final-approach-hd-grasandsfloten-12-pack\/"},"modified":"2025-12-16T10:40:54","modified_gmt":"2025-12-16T08:40:54","slug":"final-approach-hd-grasandsfloten-12-pack","status":"publish","type":"product","link":"https:\/\/www.huntersfriend.eu\/sv\/produkt\/final-approach-hd-grasandsfloten-12-pack\/","title":{"rendered":"Final Approach HD-gr\u00e4sandsfl\u00f6ten, 12-pack"},"content":{"rendered":"<p>En kombination av huvudpositioner \u00e5terskapar det naturliga beteendet hos \u00e4nder p\u00e5 vattnet. Fj\u00e4derdetaljerna och den verklighetstrogna f\u00e4rgs\u00e4ttningen g\u00f6r att dessa lockf\u00e5glar sticker ut. V\u00e5ra HD-gr\u00e4s\u00e4nder kommer snabbt att bli dina favoritlockf\u00e5glar i din spridning.  <\/p>\n<ul>\n<li>Robust uppgraderad plast samt en uppgraderad f\u00e4rgs\u00e4ttning!<\/li>\n<li>Fantastiska fj\u00e4derdetaljer fr\u00e5n 17-faldiga v\u00e4rldsm\u00e4staren Pat Godin.<\/li>\n<li>Design i full storlek, i ett stycke<\/li>\n<li>Verklighetstrogen f\u00e4rgs\u00e4ttning<\/li>\n<li>12-pack inneh\u00e5ller: 2 drickande drakar, 2 drakar med l\u00e5gt huvud, 2 drakar som \u00e4ter, 1 drake uppr\u00e4tt, 1 h\u00f6na uppr\u00e4tt, 1 h\u00f6na med l\u00e5gt huvud, 1 h\u00f6nanropare, 2 h\u00f6nor som \u00e4ter<\/li>\n<\/ul>\n<p><strong>Obs: Onlinebest\u00e4llningar \u00e4r begr\u00e4nsade till en l\u00e5da per best\u00e4llning. F\u00f6r st\u00f6rre m\u00e4ngder, v\u00e4nligen kontakta kundtj\u00e4nst direkt f\u00f6r att se \u00f6ver leveranskostnaderna <\/strong><\/p>\n","protected":false},"excerpt":{"rendered":"<p><strong>Obs: Onlinebest\u00e4llningar \u00e4r begr\u00e4nsade till en l\u00e5da per best\u00e4llning. F\u00f6r st\u00f6rre m\u00e4ngder, v\u00e4nligen kontakta kundtj\u00e4nst direkt f\u00f6r att se \u00f6ver leveranskostnaderna <\/strong><\/p>\n","protected":false},"featured_media":208956,"comment_status":"open","ping_status":"closed","template":"","meta":[],"product_brand":[],"product_cat":[878],"product_tag":[],"class_list":{"0":"post-288699","1":"product","2":"type-product","3":"status-publish","4":"has-post-thumbnail","6":"product_cat-uncategorized-sv","7":"product_shipping_class-big-sv","9":"first","10":"outofstock","11":"taxable","12":"shipping-taxable","13":"purchasable","14":"product-type-simple"},"composite_virtual":false,"composite_layout":"","composite_add_to_cart_form_location":"","composite_editable_in_cart":false,"composite_sold_individually_context":"","composite_shop_price_calc":"","composite_components":[],"composite_scenarios":[],"group_of_quantity":0,"min_quantity":0,"max_quantity":"","exclude_order_quantity_value_rules":"no","exclude_category_quantity_rules":"no","combine_variations":"no","exclude_global_add_ons":[],"addons":[],"_links":{"self":[{"href":"https:\/\/www.huntersfriend.eu\/sv\/wp-json\/wp\/v2\/product\/288699","targetHints":{"allow":["GET"]}}],"collection":[{"href":"https:\/\/www.huntersfriend.eu\/sv\/wp-json\/wp\/v2\/product"}],"about":[{"href":"https:\/\/www.huntersfriend.eu\/sv\/wp-json\/wp\/v2\/types\/product"}],"replies":[{"embeddable":true,"href":"https:\/\/www.huntersfriend.eu\/sv\/wp-json\/wp\/v2\/comments?post=288699"}],"wp:featuredmedia":[{"embeddable":true,"href":"https:\/\/www.huntersfriend.eu\/sv\/wp-json\/wp\/v2\/media\/208956"}],"wp:attachment":[{"href":"https:\/\/www.huntersfriend.eu\/sv\/wp-json\/wp\/v2\/media?parent=288699"}],"wp:term":[{"taxonomy":"product_brand","embeddable":true,"href":"https:\/\/www.huntersfriend.eu\/sv\/wp-json\/wp\/v2\/product_brand?post=288699"},{"taxonomy":"product_cat","embeddable":true,"href":"https:\/\/www.huntersfriend.eu\/sv\/wp-json\/wp\/v2\/product_cat?post=288699"},{"taxonomy":"product_tag","embeddable":true,"href":"https:\/\/www.huntersfriend.eu\/sv\/wp-json\/wp\/v2\/product_tag?post=288699"}],"curies":[{"name":"wp","href":"https:\/\/api.w.org\/{rel}","templated":true}]}}