{"id":288689,"date":"2020-07-03T14:20:31","date_gmt":"2020-07-03T12:20:31","guid":{"rendered":"https:\/\/www.huntersfriend.eu\/product\/kamouflage-blind-bag\/"},"modified":"2025-08-27T13:56:27","modified_gmt":"2025-08-27T11:56:27","slug":"kamouflage-blind-bag","status":"publish","type":"product","link":"https:\/\/www.huntersfriend.eu\/sv\/produkt\/kamouflage-blind-bag\/","title":{"rendered":"Kamouflage blind bag"},"content":{"rendered":"<p>Rymlig blind bag f\u00f6r f\u00e5gelj\u00e4gare med flera fickor och vattent\u00e4t botten.<\/p>\n<p>Viktiga funktioner:<\/p>\n<ul>\n<li>Inv\u00e4ndiga n\u00e4tfack.<\/li>\n<li>TCO-bungeesystem<\/li>\n<li>Avtagbara viltremmar p\u00e5 axelremmen.<\/li>\n<li>Vattent\u00e4t h\u00e5rd botten.<\/li>\n<\/ul>\n","protected":false},"excerpt":{"rendered":"<p>Rymlig blind bag f\u00f6r f\u00e5gelj\u00e4gare med flera fickor och vattent\u00e4t botten. Viktiga funktioner: Inv\u00e4ndiga n\u00e4tfack. TCO-bungeesystem Avtagbara viltremmar p\u00e5 axelremmen. Vattent\u00e4t h\u00e5rd botten.<\/p>\n","protected":false},"featured_media":209109,"comment_status":"open","ping_status":"closed","template":"","meta":[],"product_brand":[],"product_cat":[878],"product_tag":[],"class_list":{"0":"post-288689","1":"product","2":"type-product","3":"status-publish","4":"has-post-thumbnail","6":"product_cat-uncategorized-sv","8":"first","9":"outofstock","10":"taxable","11":"shipping-taxable","12":"purchasable","13":"product-type-simple"},"composite_virtual":false,"composite_layout":"","composite_add_to_cart_form_location":"","composite_editable_in_cart":false,"composite_sold_individually_context":"","composite_shop_price_calc":"","composite_components":[],"composite_scenarios":[],"group_of_quantity":0,"min_quantity":0,"max_quantity":"","exclude_order_quantity_value_rules":"no","exclude_category_quantity_rules":"no","combine_variations":"no","exclude_global_add_ons":[],"addons":[],"_links":{"self":[{"href":"https:\/\/www.huntersfriend.eu\/sv\/wp-json\/wp\/v2\/product\/288689","targetHints":{"allow":["GET"]}}],"collection":[{"href":"https:\/\/www.huntersfriend.eu\/sv\/wp-json\/wp\/v2\/product"}],"about":[{"href":"https:\/\/www.huntersfriend.eu\/sv\/wp-json\/wp\/v2\/types\/product"}],"replies":[{"embeddable":true,"href":"https:\/\/www.huntersfriend.eu\/sv\/wp-json\/wp\/v2\/comments?post=288689"}],"wp:featuredmedia":[{"embeddable":true,"href":"https:\/\/www.huntersfriend.eu\/sv\/wp-json\/wp\/v2\/media\/209109"}],"wp:attachment":[{"href":"https:\/\/www.huntersfriend.eu\/sv\/wp-json\/wp\/v2\/media?parent=288689"}],"wp:term":[{"taxonomy":"product_brand","embeddable":true,"href":"https:\/\/www.huntersfriend.eu\/sv\/wp-json\/wp\/v2\/product_brand?post=288689"},{"taxonomy":"product_cat","embeddable":true,"href":"https:\/\/www.huntersfriend.eu\/sv\/wp-json\/wp\/v2\/product_cat?post=288689"},{"taxonomy":"product_tag","embeddable":true,"href":"https:\/\/www.huntersfriend.eu\/sv\/wp-json\/wp\/v2\/product_tag?post=288689"}],"curies":[{"name":"wp","href":"https:\/\/api.w.org\/{rel}","templated":true}]}}