{"id":288688,"date":"2020-07-03T14:20:29","date_gmt":"2020-07-03T12:20:29","guid":{"rendered":"https:\/\/www.huntersfriend.eu\/product\/hs-true-talker-lockpipa-for-hjort\/"},"modified":"2025-08-27T13:56:27","modified_gmt":"2025-08-27T11:56:27","slug":"hs-true-talker-lockpipa-for-hjort","status":"publish","type":"product","link":"https:\/\/www.huntersfriend.eu\/sv\/produkt\/hs-true-talker-lockpipa-for-hjort\/","title":{"rendered":"HS True talker lockpipa f\u00f6r hjort"},"content":{"rendered":"<p>True Talker OG har originalmaterialen och designen fr\u00e5n den f\u00f6rsta True Talker som n\u00e5gonsin tillverkats. En mjuk gummiutsida f\u00f6r oslagbart grepp och gummihylsa \u00f6ver b\u00e4lg-\/grunt-r\u00f6ret m\u00f6jligg\u00f6r manipulering av volym, ton och riktning p\u00e5 lockljudet. <\/p>\n<p>Liksom tidigare True Talkers producerar OG moget bockgrunt, ungt bockgrunt, do-br\u00f6l och fawn-br\u00f6l-ljud. Som en ytterligare funktion har True Talker OG dock en f\u00f6rb\u00e4ttrad r\u00f6rdesign som inte bara \u00e4r extremt motst\u00e5ndskraftig mot att frysa fast, utan ocks\u00e5 producerar ett femte ljud \u2013 ett aggressivt &#8221;growl&#8221;-ljud f\u00f6r att f\u00e5nga uppm\u00e4rksamheten hos aggressiva mogna bockar. <\/p>\n<ul>\n<li>Aggressivt bock-&#8221;Growl&#8221;<\/li>\n<li>Fem vanliga hjortvokaliseringar<\/li>\n<li>Fingertoppskontroll<\/li>\n<li>Inkluderar snodd<\/li>\n<\/ul>\n","protected":false},"excerpt":{"rendered":"<p>Painamalla s\u00e4\u00e4tyv\u00e4 urospilli<\/p>\n","protected":false},"featured_media":209100,"comment_status":"open","ping_status":"closed","template":"","meta":[],"product_brand":[],"product_cat":[2878],"product_tag":[],"class_list":{"0":"post-288688","1":"product","2":"type-product","3":"status-publish","4":"has-post-thumbnail","6":"product_cat-lockpipor-for-storvilt","8":"first","9":"outofstock","10":"taxable","11":"shipping-taxable","12":"purchasable","13":"product-type-simple"},"composite_virtual":false,"composite_layout":"","composite_add_to_cart_form_location":"","composite_editable_in_cart":false,"composite_sold_individually_context":"","composite_shop_price_calc":"","composite_components":[],"composite_scenarios":[],"group_of_quantity":0,"min_quantity":0,"max_quantity":"","exclude_order_quantity_value_rules":"no","exclude_category_quantity_rules":"no","combine_variations":"no","exclude_global_add_ons":[],"addons":[],"_links":{"self":[{"href":"https:\/\/www.huntersfriend.eu\/sv\/wp-json\/wp\/v2\/product\/288688","targetHints":{"allow":["GET"]}}],"collection":[{"href":"https:\/\/www.huntersfriend.eu\/sv\/wp-json\/wp\/v2\/product"}],"about":[{"href":"https:\/\/www.huntersfriend.eu\/sv\/wp-json\/wp\/v2\/types\/product"}],"replies":[{"embeddable":true,"href":"https:\/\/www.huntersfriend.eu\/sv\/wp-json\/wp\/v2\/comments?post=288688"}],"wp:featuredmedia":[{"embeddable":true,"href":"https:\/\/www.huntersfriend.eu\/sv\/wp-json\/wp\/v2\/media\/209100"}],"wp:attachment":[{"href":"https:\/\/www.huntersfriend.eu\/sv\/wp-json\/wp\/v2\/media?parent=288688"}],"wp:term":[{"taxonomy":"product_brand","embeddable":true,"href":"https:\/\/www.huntersfriend.eu\/sv\/wp-json\/wp\/v2\/product_brand?post=288688"},{"taxonomy":"product_cat","embeddable":true,"href":"https:\/\/www.huntersfriend.eu\/sv\/wp-json\/wp\/v2\/product_cat?post=288688"},{"taxonomy":"product_tag","embeddable":true,"href":"https:\/\/www.huntersfriend.eu\/sv\/wp-json\/wp\/v2\/product_tag?post=288688"}],"curies":[{"name":"wp","href":"https:\/\/api.w.org\/{rel}","templated":true}]}}