{"id":288687,"date":"2020-07-04T02:00:46","date_gmt":"2020-07-04T00:00:46","guid":{"rendered":"https:\/\/www.huntersfriend.eu\/product\/shootnc-2-tums-bulls-eye-108-maltavlor\/"},"modified":"2025-08-27T13:56:26","modified_gmt":"2025-08-27T11:56:26","slug":"shootnc-2-tums-bulls-eye-108-maltavlor","status":"publish","type":"product","link":"https:\/\/www.huntersfriend.eu\/sv\/produkt\/shootnc-2-tums-bulls-eye-108-maltavlor\/","title":{"rendered":"Shoot\u2022n\u2022c\u00ae 2-tums bull&#8217;s-eye 108 m\u00e5ltavlor"},"content":{"rendered":"<p>Dessa reaktiva m\u00e5ltavlor \u00e4r perfekta f\u00f6r skytte p\u00e5 n\u00e4ra h\u00e5ll med luftvapen och .22-kalibriga kantant\u00e4nda eller centralant\u00e4nda vapen.<\/p>\n<p>Viktiga funktioner:<\/p>\n<ul>\n<li>Kulan avsl\u00f6jas med ljusa chatreuse-ringar<\/li>\n<li>Sj\u00e4lvh\u00e4ftande baksida g\u00f6r m\u00e5ltavlorna enkla att s\u00e4tta upp<\/li>\n<li>Omedelbar \u00e5terkoppling \u2013 du beh\u00f6ver inte g\u00e5 fram till m\u00e5ltavlan eller anv\u00e4nda kikare f\u00f6r att se din tr\u00e4ff<\/li>\n<li>Perfekt f\u00f6r anv\u00e4ndning inomhus eller utomhus och i svagt ljus<\/li>\n<\/ul>\n","protected":false},"excerpt":{"rendered":"<p>Dessa reaktiva m\u00e5ltavlor \u00e4r perfekta f\u00f6r skytte p\u00e5 n\u00e4ra h\u00e5ll med luftvapen och .22-kalibriga kantant\u00e4nda eller centralant\u00e4nda vapen. Viktiga funktioner: Kulan avsl\u00f6jas med ljusa chatreuse-ringar Sj\u00e4lvh\u00e4ftande baksida g\u00f6r m\u00e5ltavlorna enkla att s\u00e4tta upp Omedelbar \u00e5terkoppling \u2013 du beh\u00f6ver inte g\u00e5 fram till m\u00e5ltavlan eller anv\u00e4nda kikare f\u00f6r att se din tr\u00e4ff Perfekt f\u00f6r anv\u00e4ndning inomhus [&#8230;]\n","protected":false},"featured_media":209067,"comment_status":"open","ping_status":"closed","template":"","meta":[],"product_brand":[],"product_cat":[2559],"product_tag":[],"class_list":{"0":"post-288687","1":"product","2":"type-product","3":"status-publish","4":"has-post-thumbnail","6":"product_cat-maltavlor","8":"first","9":"instock","10":"taxable","11":"shipping-taxable","12":"purchasable","13":"product-type-simple"},"composite_virtual":false,"composite_layout":"","composite_add_to_cart_form_location":"","composite_editable_in_cart":false,"composite_sold_individually_context":"","composite_shop_price_calc":"","composite_components":[],"composite_scenarios":[],"group_of_quantity":0,"min_quantity":0,"max_quantity":"","exclude_order_quantity_value_rules":"no","exclude_category_quantity_rules":"no","combine_variations":"no","exclude_global_add_ons":[],"addons":[],"_links":{"self":[{"href":"https:\/\/www.huntersfriend.eu\/sv\/wp-json\/wp\/v2\/product\/288687","targetHints":{"allow":["GET"]}}],"collection":[{"href":"https:\/\/www.huntersfriend.eu\/sv\/wp-json\/wp\/v2\/product"}],"about":[{"href":"https:\/\/www.huntersfriend.eu\/sv\/wp-json\/wp\/v2\/types\/product"}],"replies":[{"embeddable":true,"href":"https:\/\/www.huntersfriend.eu\/sv\/wp-json\/wp\/v2\/comments?post=288687"}],"wp:featuredmedia":[{"embeddable":true,"href":"https:\/\/www.huntersfriend.eu\/sv\/wp-json\/wp\/v2\/media\/209067"}],"wp:attachment":[{"href":"https:\/\/www.huntersfriend.eu\/sv\/wp-json\/wp\/v2\/media?parent=288687"}],"wp:term":[{"taxonomy":"product_brand","embeddable":true,"href":"https:\/\/www.huntersfriend.eu\/sv\/wp-json\/wp\/v2\/product_brand?post=288687"},{"taxonomy":"product_cat","embeddable":true,"href":"https:\/\/www.huntersfriend.eu\/sv\/wp-json\/wp\/v2\/product_cat?post=288687"},{"taxonomy":"product_tag","embeddable":true,"href":"https:\/\/www.huntersfriend.eu\/sv\/wp-json\/wp\/v2\/product_tag?post=288687"}],"curies":[{"name":"wp","href":"https:\/\/api.w.org\/{rel}","templated":true}]}}