{"id":288678,"date":"2020-10-06T14:20:32","date_gmt":"2020-10-06T12:20:32","guid":{"rendered":"https:\/\/www.huntersfriend.eu\/product\/primos-bloodhunter-hd-ficklampa-for-blodsokning\/"},"modified":"2025-08-27T13:55:53","modified_gmt":"2025-08-27T11:55:53","slug":"primos-bloodhunter-hd-ficklampa-for-blodsokning","status":"publish","type":"product","link":"https:\/\/www.huntersfriend.eu\/sv\/produkt\/primos-bloodhunter-hd-ficklampa-for-blodsokning\/","title":{"rendered":"Primos Bloodhunter HD ficklampa f\u00f6r blods\u00f6kning"},"content":{"rendered":"<p>Det \u00e4r alltid v\u00e4ldigt viktigt att en j\u00e4gare hittar bytet vi har f\u00f6rf\u00f6ljt. \u00c4ven vi har tillbringat s\u00f6mnl\u00f6sa n\u00e4tter med att spela upp jakten i v\u00e5ra tankar och undra vad som h\u00e4nde. <\/p>\n<p>Primos forts\u00e4tter att anv\u00e4nda sina resurser f\u00f6r att ge dig det b\u00e4sta inom teknik f\u00f6r blods\u00f6kning. Bloodhunter HD anv\u00e4nder ett anpassat optiskt filter som reducerar utvalda f\u00e4rger f\u00f6r att f\u00f6rst\u00e4rka blodet. Det \u00e4r verkligen den b\u00e4sta lampan att anv\u00e4nda f\u00f6r att hitta blod.  <\/p>\n<p>Inte alla djur faller p\u00e5 plats. Ha r\u00e4tt verktyg f\u00f6r jobbet. F\u00e5 varje droppe att r\u00e4knas. F\u00f6r i slutet av varje blodsp\u00e5r vill vi att du ska k\u00e4nna dig lugn.   <\/p>\n<ul>\n<li>L\u00e4ttviktiga och kompakta designer<\/li>\n<li>2 driftsl\u00e4gen \u2013 Blodsp\u00e5rning och nedtonat vitt ljus<\/li>\n<li>Anv\u00e4nder h\u00f6geffektiva Cree-lysdioder<\/li>\n<li>Levereras med batterier av v\u00e4lk\u00e4nda m\u00e4rken<\/li>\n<\/ul>\n","protected":false},"excerpt":{"rendered":"<p>Det \u00e4r alltid v\u00e4ldigt viktigt att en j\u00e4gare hittar bytet vi har f\u00f6rf\u00f6ljt. \u00c4ven vi har tillbringat s\u00f6mnl\u00f6sa n\u00e4tter med att spela upp jakten i v\u00e5ra tankar och undra vad som h\u00e4nde. Primos forts\u00e4tter att anv\u00e4nda sina resurser f\u00f6r att ge dig det b\u00e4sta inom teknik f\u00f6r blods\u00f6kning. Bloodhunter HD anv\u00e4nder ett anpassat optiskt filter [&#8230;]\n","protected":false},"featured_media":214430,"comment_status":"open","ping_status":"closed","template":"","meta":[],"product_brand":[],"product_cat":[2525],"product_tag":[],"class_list":{"0":"post-288678","1":"product","2":"type-product","3":"status-publish","4":"has-post-thumbnail","6":"product_cat-jaktlampor","8":"first","9":"outofstock","10":"taxable","11":"shipping-taxable","12":"purchasable","13":"product-type-simple"},"composite_virtual":false,"composite_layout":"","composite_add_to_cart_form_location":"","composite_editable_in_cart":false,"composite_sold_individually_context":"","composite_shop_price_calc":"","composite_components":[],"composite_scenarios":[],"group_of_quantity":0,"min_quantity":0,"max_quantity":"","exclude_order_quantity_value_rules":"no","exclude_category_quantity_rules":"no","combine_variations":"no","exclude_global_add_ons":[],"addons":[],"_links":{"self":[{"href":"https:\/\/www.huntersfriend.eu\/sv\/wp-json\/wp\/v2\/product\/288678","targetHints":{"allow":["GET"]}}],"collection":[{"href":"https:\/\/www.huntersfriend.eu\/sv\/wp-json\/wp\/v2\/product"}],"about":[{"href":"https:\/\/www.huntersfriend.eu\/sv\/wp-json\/wp\/v2\/types\/product"}],"replies":[{"embeddable":true,"href":"https:\/\/www.huntersfriend.eu\/sv\/wp-json\/wp\/v2\/comments?post=288678"}],"wp:featuredmedia":[{"embeddable":true,"href":"https:\/\/www.huntersfriend.eu\/sv\/wp-json\/wp\/v2\/media\/214430"}],"wp:attachment":[{"href":"https:\/\/www.huntersfriend.eu\/sv\/wp-json\/wp\/v2\/media?parent=288678"}],"wp:term":[{"taxonomy":"product_brand","embeddable":true,"href":"https:\/\/www.huntersfriend.eu\/sv\/wp-json\/wp\/v2\/product_brand?post=288678"},{"taxonomy":"product_cat","embeddable":true,"href":"https:\/\/www.huntersfriend.eu\/sv\/wp-json\/wp\/v2\/product_cat?post=288678"},{"taxonomy":"product_tag","embeddable":true,"href":"https:\/\/www.huntersfriend.eu\/sv\/wp-json\/wp\/v2\/product_tag?post=288678"}],"curies":[{"name":"wp","href":"https:\/\/api.w.org\/{rel}","templated":true}]}}