{"id":288677,"date":"2020-08-31T14:20:28","date_gmt":"2020-08-31T12:20:28","guid":{"rendered":"https:\/\/www.huntersfriend.eu\/product\/scott-archery-ghost-release\/"},"modified":"2025-08-27T13:55:54","modified_gmt":"2025-08-27T11:55:54","slug":"scott-archery-ghost-release","status":"publish","type":"product","link":"https:\/\/www.huntersfriend.eu\/sv\/produkt\/scott-archery-ghost-release\/","title":{"rendered":"Scott archery ghost \u2013 release"},"content":{"rendered":"<p>Magnetisk automatisk avtryckarretur True-Center-dragning f\u00f6r att minska loopvridning Rullande rostfritt st\u00e5lkrok Ergonomisk kropp R\u00e4fflat avtryckare Solid vridbar kontakt med 5-h\u00e5ls l\u00e4ngdjustering Cam-Lock Fold Back Strap Connector L\u00e4derrem med neopren<\/p>\n<ul>\n<li>Magnetisk automatisk avtryckarretur<\/li>\n<li>True-Center-dragning f\u00f6r att minska loopvridning<\/li>\n<li>Rullande rostfritt st\u00e5lkrok<\/li>\n<li>Ergonomisk kropp<\/li>\n<li>Fr\u00e4mre position, r\u00e4fflat avtryckare maximerar dragl\u00e4ngden<\/li>\n<li>L\u00e4derrem med neopren f\u00f6r extra komfort<\/li>\n<li>Nylonkontaktrem m\u00f6jligg\u00f6r o\u00e4ndliga l\u00e4ngdjusteringar<\/li>\n<li>Justerbar r\u00f6relse<\/li>\n<\/ul>\n","protected":false},"excerpt":{"rendered":"<p>NCS-anslutning \u2013 Svart<\/p>\n","protected":false},"featured_media":259608,"comment_status":"open","ping_status":"closed","template":"","meta":[],"product_brand":[],"product_cat":[2680,878],"product_tag":[],"class_list":{"0":"post-288677","1":"product","2":"type-product","3":"status-publish","4":"has-post-thumbnail","6":"product_cat-handledsutlosare","7":"product_cat-uncategorized-sv","9":"first","10":"instock","11":"taxable","12":"shipping-taxable","13":"purchasable","14":"product-type-simple"},"composite_virtual":false,"composite_layout":"","composite_add_to_cart_form_location":"","composite_editable_in_cart":false,"composite_sold_individually_context":"","composite_shop_price_calc":"","composite_components":[],"composite_scenarios":[],"group_of_quantity":0,"min_quantity":0,"max_quantity":"","exclude_order_quantity_value_rules":"no","exclude_category_quantity_rules":"no","combine_variations":"no","exclude_global_add_ons":[],"addons":[],"_links":{"self":[{"href":"https:\/\/www.huntersfriend.eu\/sv\/wp-json\/wp\/v2\/product\/288677","targetHints":{"allow":["GET"]}}],"collection":[{"href":"https:\/\/www.huntersfriend.eu\/sv\/wp-json\/wp\/v2\/product"}],"about":[{"href":"https:\/\/www.huntersfriend.eu\/sv\/wp-json\/wp\/v2\/types\/product"}],"replies":[{"embeddable":true,"href":"https:\/\/www.huntersfriend.eu\/sv\/wp-json\/wp\/v2\/comments?post=288677"}],"wp:featuredmedia":[{"embeddable":true,"href":"https:\/\/www.huntersfriend.eu\/sv\/wp-json\/wp\/v2\/media\/259608"}],"wp:attachment":[{"href":"https:\/\/www.huntersfriend.eu\/sv\/wp-json\/wp\/v2\/media?parent=288677"}],"wp:term":[{"taxonomy":"product_brand","embeddable":true,"href":"https:\/\/www.huntersfriend.eu\/sv\/wp-json\/wp\/v2\/product_brand?post=288677"},{"taxonomy":"product_cat","embeddable":true,"href":"https:\/\/www.huntersfriend.eu\/sv\/wp-json\/wp\/v2\/product_cat?post=288677"},{"taxonomy":"product_tag","embeddable":true,"href":"https:\/\/www.huntersfriend.eu\/sv\/wp-json\/wp\/v2\/product_tag?post=288677"}],"curies":[{"name":"wp","href":"https:\/\/api.w.org\/{rel}","templated":true}]}}