{"id":288676,"date":"2020-08-11T14:20:32","date_gmt":"2020-08-11T12:20:32","guid":{"rendered":"https:\/\/www.huntersfriend.eu\/product\/delta-mckenzie-3d-challenger-buck-2\/"},"modified":"2025-08-27T13:55:54","modified_gmt":"2025-08-27T11:55:54","slug":"delta-mckenzie-3d-challenger-buck-2","status":"publish","type":"product","link":"https:\/\/www.huntersfriend.eu\/sv\/produkt\/delta-mckenzie-3d-challenger-buck-2\/","title":{"rendered":"Delta McKenzie 3D Challenger Buck"},"content":{"rendered":"<p>Challenger har en stor kropp och ett stort horn som f\u00f6rbereder dig f\u00f6r sanningens \u00f6gonblick i din koja eller p\u00e5 din plats. Med ett utbytbart vitalt organ tillverkat med v\u00e5r sj\u00e4lvl\u00e4kande skumteknologi \u00e4r pilborttagningen enkel, men kostnaderna f\u00f6r utbyte kommer inte att spr\u00e4cka banken. V\u00e4lj ett m\u00e5l gjort av b\u00e5gj\u00e4gare \u2013 Challenger.  <\/p>\n<p>H\u00f6jd: 40 tum<\/p>\n<p>Kroppsl\u00e4ngd: 43 tum<\/p>\n<p>Kroppsdjup: 10 tum<\/p>\n<p>Po\u00e4ngringar: IBO<\/p>\n<p>Pilspets: broadhead, expandable eller field tip<\/p>\n<p>B\u00e5ghastighet: 300\u2013350 fps<\/p>\n<p><strong>Obs: Onlinebest\u00e4llningar \u00e4r begr\u00e4nsade till en l\u00e5da per best\u00e4llning. F\u00f6r st\u00f6rre m\u00e4ngder, v\u00e4nligen kontakta kundtj\u00e4nst direkt f\u00f6r att se \u00f6ver leveranskostnaderna <\/strong><\/p>\n","protected":false},"excerpt":{"rendered":"<p><strong>Obs: Onlinebest\u00e4llningar \u00e4r begr\u00e4nsade till en l\u00e5da per best\u00e4llning. F\u00f6r st\u00f6rre m\u00e4ngder, v\u00e4nligen kontakta kundtj\u00e4nst direkt f\u00f6r att se \u00f6ver leveranskostnaderna <\/strong><\/p>\n","protected":false},"featured_media":210305,"comment_status":"open","ping_status":"closed","template":"","meta":[],"product_brand":[],"product_cat":[2896],"product_tag":[],"class_list":{"0":"post-288676","1":"product","2":"type-product","3":"status-publish","4":"has-post-thumbnail","6":"product_cat-stor-3d","7":"product_shipping_class-big-sv","9":"first","10":"instock","11":"taxable","12":"shipping-taxable","13":"purchasable","14":"product-type-simple"},"composite_virtual":false,"composite_layout":"","composite_add_to_cart_form_location":"","composite_editable_in_cart":false,"composite_sold_individually_context":"","composite_shop_price_calc":"","composite_components":[],"composite_scenarios":[],"group_of_quantity":0,"min_quantity":0,"max_quantity":"","exclude_order_quantity_value_rules":"no","exclude_category_quantity_rules":"no","combine_variations":"no","exclude_global_add_ons":[],"addons":[],"_links":{"self":[{"href":"https:\/\/www.huntersfriend.eu\/sv\/wp-json\/wp\/v2\/product\/288676","targetHints":{"allow":["GET"]}}],"collection":[{"href":"https:\/\/www.huntersfriend.eu\/sv\/wp-json\/wp\/v2\/product"}],"about":[{"href":"https:\/\/www.huntersfriend.eu\/sv\/wp-json\/wp\/v2\/types\/product"}],"replies":[{"embeddable":true,"href":"https:\/\/www.huntersfriend.eu\/sv\/wp-json\/wp\/v2\/comments?post=288676"}],"wp:featuredmedia":[{"embeddable":true,"href":"https:\/\/www.huntersfriend.eu\/sv\/wp-json\/wp\/v2\/media\/210305"}],"wp:attachment":[{"href":"https:\/\/www.huntersfriend.eu\/sv\/wp-json\/wp\/v2\/media?parent=288676"}],"wp:term":[{"taxonomy":"product_brand","embeddable":true,"href":"https:\/\/www.huntersfriend.eu\/sv\/wp-json\/wp\/v2\/product_brand?post=288676"},{"taxonomy":"product_cat","embeddable":true,"href":"https:\/\/www.huntersfriend.eu\/sv\/wp-json\/wp\/v2\/product_cat?post=288676"},{"taxonomy":"product_tag","embeddable":true,"href":"https:\/\/www.huntersfriend.eu\/sv\/wp-json\/wp\/v2\/product_tag?post=288676"}],"curies":[{"name":"wp","href":"https:\/\/api.w.org\/{rel}","templated":true}]}}