{"id":288674,"date":"2020-07-04T02:00:49","date_gmt":"2020-07-04T00:00:49","guid":{"rendered":"https:\/\/www.huntersfriend.eu\/product\/hs-ansiktsmask\/"},"modified":"2025-08-27T13:55:50","modified_gmt":"2025-08-27T11:55:50","slug":"hs-ansiktsmask","status":"publish","type":"product","link":"https:\/\/www.huntersfriend.eu\/sv\/produkt\/hs-ansiktsmask\/","title":{"rendered":"HS-ansiktsmask"},"content":{"rendered":"<div class=\"product-short-description\">\n<p>L\u00e4ttviktsmask som t\u00e4cker hela ansiktet. Masken h\u00e5lls p\u00e5 plats med hj\u00e4lp av tv\u00e5 integrerade elastiska band. <\/p>\n<\/div>\n","protected":false},"excerpt":{"rendered":"<p>L\u00e4ttviktsmask som t\u00e4cker hela ansiktet. Masken h\u00e5lls p\u00e5 plats med hj\u00e4lp av tv\u00e5 integrerade elastiska band.<\/p>\n","protected":false},"featured_media":209088,"comment_status":"open","ping_status":"closed","template":"","meta":[],"product_brand":[],"product_cat":[2716],"product_tag":[],"class_list":{"0":"post-288674","1":"product","2":"type-product","3":"status-publish","4":"has-post-thumbnail","6":"product_cat-hattar-och-huvudbonader","8":"first","9":"instock","10":"taxable","11":"shipping-taxable","12":"purchasable","13":"product-type-simple"},"composite_virtual":false,"composite_layout":"","composite_add_to_cart_form_location":"","composite_editable_in_cart":false,"composite_sold_individually_context":"","composite_shop_price_calc":"","composite_components":[],"composite_scenarios":[],"group_of_quantity":0,"min_quantity":0,"max_quantity":"","exclude_order_quantity_value_rules":"no","exclude_category_quantity_rules":"no","combine_variations":"no","exclude_global_add_ons":[],"addons":[],"_links":{"self":[{"href":"https:\/\/www.huntersfriend.eu\/sv\/wp-json\/wp\/v2\/product\/288674","targetHints":{"allow":["GET"]}}],"collection":[{"href":"https:\/\/www.huntersfriend.eu\/sv\/wp-json\/wp\/v2\/product"}],"about":[{"href":"https:\/\/www.huntersfriend.eu\/sv\/wp-json\/wp\/v2\/types\/product"}],"replies":[{"embeddable":true,"href":"https:\/\/www.huntersfriend.eu\/sv\/wp-json\/wp\/v2\/comments?post=288674"}],"wp:featuredmedia":[{"embeddable":true,"href":"https:\/\/www.huntersfriend.eu\/sv\/wp-json\/wp\/v2\/media\/209088"}],"wp:attachment":[{"href":"https:\/\/www.huntersfriend.eu\/sv\/wp-json\/wp\/v2\/media?parent=288674"}],"wp:term":[{"taxonomy":"product_brand","embeddable":true,"href":"https:\/\/www.huntersfriend.eu\/sv\/wp-json\/wp\/v2\/product_brand?post=288674"},{"taxonomy":"product_cat","embeddable":true,"href":"https:\/\/www.huntersfriend.eu\/sv\/wp-json\/wp\/v2\/product_cat?post=288674"},{"taxonomy":"product_tag","embeddable":true,"href":"https:\/\/www.huntersfriend.eu\/sv\/wp-json\/wp\/v2\/product_tag?post=288674"}],"curies":[{"name":"wp","href":"https:\/\/api.w.org\/{rel}","templated":true}]}}