{"id":288671,"date":"2020-10-06T14:20:33","date_gmt":"2020-10-06T12:20:33","guid":{"rendered":"https:\/\/www.huntersfriend.eu\/product\/primos-trigger-stick-gen3\/"},"modified":"2026-04-23T12:22:00","modified_gmt":"2026-04-23T10:22:00","slug":"primos-trigger-stick-gen3","status":"publish","type":"product","link":"https:\/\/www.huntersfriend.eu\/sv\/produkt\/primos-trigger-stick-gen3\/","title":{"rendered":"Primos Trigger Stick Gen3"},"content":{"rendered":"<p>Fr\u00e5ga vilken j\u00e4gare som helst vars levebr\u00f6d beror p\u00e5 att viktiga skott r\u00e4knas, och de kommer att s\u00e4ga att de har med sig tv\u00e5 avtryckare. Den p\u00e5 deras gev\u00e4r och den p\u00e5 deras Trigger Stick fr\u00e5n Primos. Det \u00e4r det enda skjutst\u00f6det som g\u00f6r att du kan g\u00f6ra snabba och stadiga enhandsjusteringar f\u00f6r att snabbare komma p\u00e5 r\u00e4tt sp\u00e5r. Oavsett om du sitter, kn\u00e4b\u00f6jer eller st\u00e5r, tryck bara p\u00e5 avtryckaren igen f\u00f6r en mikrojustering i sista sekund utan att f\u00f6rlora din siktbild. Nu \u00e4r du redo att ta livets skott n\u00e4r som helst, var som helst. Ta med 2 avtryckare. Ta med Trigger Stick.      <\/p>\n<p>V\u00e5r patenterade Trigger Stick har uppgraderats f\u00f6r att prestera \u00e4nnu b\u00e4ttre. Det \u00e4r det \u00f6verl\u00e4gset snabbaste och mest effektiva s\u00e4ttet att f\u00e5 ett bergfast skjutst\u00f6d. Primos har vidareutvecklat sin design genom att integrera ett Quick Detach Yoke System som m\u00f6jligg\u00f6r enkla \u00f6verg\u00e5ngar fr\u00e5n ett skjutst\u00f6d till ett smidigt panoreringst\u00f6d f\u00f6r optik eller kameror. De extrema benvinklarna ger dig m\u00e5ngsidigheten att snabbt kunna st\u00e4lla upp p\u00e5 vilken terr\u00e4ng som helst fr\u00e5n n\u00e4stan vilken position som helst. Primos Trigger Stick Gen 3 \u00e4r den ultimata l\u00f6sningen f\u00f6r att g\u00f6ra ditt skott exakt oavsett vart du g\u00e5r.    <\/p>\n<p><strong>DET ENDA SKJUTST\u00d6DET MED SNABBA OCH ENKLA ENHANDSJUSTERINGAR.<\/strong><\/p>\n<p>H\u00f6gt stativ<\/p>\n<ul>\n<li>Justeras fr\u00e5n 24&#8243; till 62&#8243;<\/li>\n<li>Dra i avtryckaren f\u00f6r att justera h\u00f6jden<\/li>\n<li>Nytt snabbkopplingssystem med integrerat l\u00e5s.<\/li>\n<li>OBS: H\u00e5ll alltid i l\u00e5st l\u00e4ge f\u00f6r att s\u00e4kerst\u00e4lla att oket eller optiken \u00e4r s\u00e4kra.<\/li>\n<li>Nytt benvinkell\u00e5s<\/li>\n<li>Nytt konturerat grepp med halkskydd<\/li>\n<li>F\u00f6rst\u00e4rkt roterande led f\u00f6r smidig panorering<\/li>\n<li>Nytt Heavy Duty-utseende med Dark Earth-accenter.<\/li>\n<li>V\u00e4ger cirka 3,5 lbs<\/li>\n<\/ul>\n<p>H\u00f6g benst\u00f6d<\/p>\n<ul>\n<li>Justeras fr\u00e5n 24&#8243; till 61&#8243;<\/li>\n<li>Nytt snabbkopplingssystem med integrerat l\u00e5s.<\/li>\n<li>OBS: H\u00e5ll alltid i l\u00e5st l\u00e4ge f\u00f6r att s\u00e4kerst\u00e4lla att oket eller optiken \u00e4r s\u00e4kra.<\/li>\n<li>Nytt konturerat grepp med halkskydd<\/li>\n<li>F\u00f6rst\u00e4rkt roterande led f\u00f6r smidig panorering<\/li>\n<li>Nytt Heavy Duty-utseende med Dark Earth-accenter<\/li>\n<li>Inkluderar INTE kameraplatta<\/li>\n<li>V\u00e4ger cirka 2,5 lbs<\/li>\n<\/ul>\n","protected":false},"excerpt":{"rendered":"<p>Fr\u00e5ga vilken j\u00e4gare som helst vars levebr\u00f6d beror p\u00e5 att viktiga skott r\u00e4knas, och de kommer att s\u00e4ga att de har med sig tv\u00e5 avtryckare. Den p\u00e5 deras gev\u00e4r och den p\u00e5 deras Trigger Stick fr\u00e5n Primos. Det \u00e4r det enda skjutst\u00f6det som g\u00f6r att du kan g\u00f6ra snabba och stadiga enhandsjusteringar f\u00f6r att snabbare [&#8230;]\n","protected":false},"featured_media":196304,"comment_status":"open","ping_status":"closed","template":"","meta":[],"product_brand":[],"product_cat":[2570],"product_tag":[],"class_list":{"0":"post-288671","1":"product","2":"type-product","3":"status-publish","4":"has-post-thumbnail","6":"product_cat-stodpinnar-och-skjutstod","7":"product_shipping_class-medium-sv","9":"first","10":"instock","11":"taxable","12":"shipping-taxable","13":"purchasable","14":"product-type-variable","15":"has-default-attributes"},"composite_virtual":false,"composite_layout":"","composite_add_to_cart_form_location":"","composite_editable_in_cart":false,"composite_sold_individually_context":"","composite_shop_price_calc":"","composite_components":[],"composite_scenarios":[],"group_of_quantity":0,"min_quantity":0,"max_quantity":"","exclude_order_quantity_value_rules":"no","exclude_category_quantity_rules":"no","combine_variations":"no","exclude_global_add_ons":[],"addons":[],"_links":{"self":[{"href":"https:\/\/www.huntersfriend.eu\/sv\/wp-json\/wp\/v2\/product\/288671","targetHints":{"allow":["GET"]}}],"collection":[{"href":"https:\/\/www.huntersfriend.eu\/sv\/wp-json\/wp\/v2\/product"}],"about":[{"href":"https:\/\/www.huntersfriend.eu\/sv\/wp-json\/wp\/v2\/types\/product"}],"replies":[{"embeddable":true,"href":"https:\/\/www.huntersfriend.eu\/sv\/wp-json\/wp\/v2\/comments?post=288671"}],"wp:featuredmedia":[{"embeddable":true,"href":"https:\/\/www.huntersfriend.eu\/sv\/wp-json\/wp\/v2\/media\/196304"}],"wp:attachment":[{"href":"https:\/\/www.huntersfriend.eu\/sv\/wp-json\/wp\/v2\/media?parent=288671"}],"wp:term":[{"taxonomy":"product_brand","embeddable":true,"href":"https:\/\/www.huntersfriend.eu\/sv\/wp-json\/wp\/v2\/product_brand?post=288671"},{"taxonomy":"product_cat","embeddable":true,"href":"https:\/\/www.huntersfriend.eu\/sv\/wp-json\/wp\/v2\/product_cat?post=288671"},{"taxonomy":"product_tag","embeddable":true,"href":"https:\/\/www.huntersfriend.eu\/sv\/wp-json\/wp\/v2\/product_tag?post=288671"}],"curies":[{"name":"wp","href":"https:\/\/api.w.org\/{rel}","templated":true}]}}