{"id":288669,"date":"2020-08-07T14:20:38","date_gmt":"2020-08-07T12:20:38","guid":{"rendered":"https:\/\/www.huntersfriend.eu\/product\/primos-bagholster\/"},"modified":"2026-03-24T15:36:24","modified_gmt":"2026-03-24T13:36:24","slug":"primos-bagholster","status":"publish","type":"product","link":"https:\/\/www.huntersfriend.eu\/sv\/produkt\/primos-bagholster\/","title":{"rendered":"Primos b\u00e5gh\u00f6lster"},"content":{"rendered":"<p>F\u00e4st b\u00e5gh\u00f6lstret i b\u00e4ltet, placera din cam i koppen och slappna av i armen medan du v\u00e4ntar p\u00e5 att bocken ska komma till din plats. Den vadderade koppen g\u00f6r att camen inte gr\u00e4ver sig in i benet och du beh\u00f6ver inte l\u00e4gga ner b\u00e5gen. B\u00e5gh\u00f6lstret \u00e4r inte bara f\u00f6r jakt. Det kan ocks\u00e5 anv\u00e4ndas f\u00f6r 3D-t\u00e4vlingsskytte.   <\/p>\n<ul class=\"d-none d-md-block\">\n<li>Hj\u00e4lper dig att vara stilla och bekv\u00e4m under jakten<\/li>\n<li>Tryckknappar f\u00f6r justerbara l\u00e4ngder<\/li>\n<li>F\u00f6rhindrar att din arm blir tr\u00f6tt n\u00e4r du skjuter 3D<\/li>\n<\/ul>\n","protected":false},"excerpt":{"rendered":"<p>F\u00e4st b\u00e5gh\u00f6lstret i b\u00e4ltet, placera din cam i koppen och slappna av i armen medan du v\u00e4ntar p\u00e5 att bocken ska komma till din plats. Den vadderade koppen g\u00f6r att camen inte gr\u00e4ver sig in i benet och du beh\u00f6ver inte l\u00e4gga ner b\u00e5gen. B\u00e5gh\u00f6lstret \u00e4r inte bara f\u00f6r jakt. Det kan ocks\u00e5 anv\u00e4ndas f\u00f6r [&#8230;]\n","protected":false},"featured_media":225209,"comment_status":"open","ping_status":"closed","template":"","meta":[],"product_brand":[],"product_cat":[2633,2563],"product_tag":[],"class_list":{"0":"post-288669","1":"product","2":"type-product","3":"status-publish","4":"has-post-thumbnail","6":"product_cat-diverse-bagskytte","7":"product_cat-tillbehor-for-jakt-torn-och-gomslen","9":"first","10":"outofstock","11":"featured","12":"taxable","13":"shipping-taxable","14":"purchasable","15":"product-type-simple"},"composite_virtual":false,"composite_layout":"","composite_add_to_cart_form_location":"","composite_editable_in_cart":false,"composite_sold_individually_context":"","composite_shop_price_calc":"","composite_components":[],"composite_scenarios":[],"group_of_quantity":0,"min_quantity":0,"max_quantity":"","exclude_order_quantity_value_rules":"no","exclude_category_quantity_rules":"no","combine_variations":"no","exclude_global_add_ons":[],"addons":[],"_links":{"self":[{"href":"https:\/\/www.huntersfriend.eu\/sv\/wp-json\/wp\/v2\/product\/288669","targetHints":{"allow":["GET"]}}],"collection":[{"href":"https:\/\/www.huntersfriend.eu\/sv\/wp-json\/wp\/v2\/product"}],"about":[{"href":"https:\/\/www.huntersfriend.eu\/sv\/wp-json\/wp\/v2\/types\/product"}],"replies":[{"embeddable":true,"href":"https:\/\/www.huntersfriend.eu\/sv\/wp-json\/wp\/v2\/comments?post=288669"}],"wp:featuredmedia":[{"embeddable":true,"href":"https:\/\/www.huntersfriend.eu\/sv\/wp-json\/wp\/v2\/media\/225209"}],"wp:attachment":[{"href":"https:\/\/www.huntersfriend.eu\/sv\/wp-json\/wp\/v2\/media?parent=288669"}],"wp:term":[{"taxonomy":"product_brand","embeddable":true,"href":"https:\/\/www.huntersfriend.eu\/sv\/wp-json\/wp\/v2\/product_brand?post=288669"},{"taxonomy":"product_cat","embeddable":true,"href":"https:\/\/www.huntersfriend.eu\/sv\/wp-json\/wp\/v2\/product_cat?post=288669"},{"taxonomy":"product_tag","embeddable":true,"href":"https:\/\/www.huntersfriend.eu\/sv\/wp-json\/wp\/v2\/product_tag?post=288669"}],"curies":[{"name":"wp","href":"https:\/\/api.w.org\/{rel}","templated":true}]}}