{"id":288661,"date":"2020-10-08T11:20:35","date_gmt":"2020-10-08T09:20:35","guid":{"rendered":"https:\/\/www.huntersfriend.eu\/product\/truglo-fat-bead-universal-fiberoptiskt-sikte\/"},"modified":"2026-02-25T10:35:56","modified_gmt":"2026-02-25T08:35:56","slug":"truglo-fat-bead-universal-fiberoptiskt-sikte","status":"publish","type":"product","link":"https:\/\/www.huntersfriend.eu\/sv\/produkt\/truglo-fat-bead-universal-fiberoptiskt-sikte\/","title":{"rendered":"Truglo FAT BEAD\u2122 universal fiberoptiskt sikte"},"content":{"rendered":"<p>Fiberoptiskt frontsikte<\/p>\n<div data-content-type=\"row\" data-appearance=\"contained\" data-element=\"main\">\n<div data-enable-parallax=\"0\" data-parallax-speed=\"0.5\" data-background-images=\"{}\" data-element=\"inner\">\n<div data-content-type=\"text\" data-appearance=\"default\" data-element=\"main\">\n<ul>\n<li>Passar alla ribb-bredder<\/li>\n<li>Ers\u00e4tter fr\u00e4mre korn<\/li>\n<li>Fr\u00e4mre sikte inkluderar &#8221;clips&#8221; i olika storlekar f\u00f6r att eliminera vridning<\/li>\n<li>Extremt l\u00e5g profil<\/li>\n<li>H\u00e5rdvara ing\u00e5r<\/li>\n<li>Godk\u00e4nd av Ducks Unlimited<\/li>\n<li>Extremt l\u00e5g profil<\/li>\n<li>H\u00e5rdvara ing\u00e5r<\/li>\n<li>Godk\u00e4nd av Ducks Unlimited<\/li>\n<\/ul>\n<p>Bredd 2,54 mm, L\u00e4ngd 12,7 mm<\/p>\n<\/div>\n<p>R\u00f6d, gr\u00f6n eller dubbelf\u00e4rg<\/p>\n<\/div>\n<\/div>\n","protected":false},"excerpt":{"rendered":"<p>Fiberoptiskt frontsikte Passar alla ribb-bredder Ers\u00e4tter fr\u00e4mre korn Fr\u00e4mre sikte inkluderar &#8221;clips&#8221; i olika storlekar f\u00f6r att eliminera vridning Extremt l\u00e5g profil H\u00e5rdvara ing\u00e5r Godk\u00e4nd av Ducks Unlimited Extremt l\u00e5g profil H\u00e5rdvara ing\u00e5r Godk\u00e4nd av Ducks Unlimited Bredd 2,54 mm, L\u00e4ngd 12,7 mm R\u00f6d, gr\u00f6n eller dubbelf\u00e4rg<\/p>\n","protected":false},"featured_media":199497,"comment_status":"open","ping_status":"closed","template":"","meta":[],"product_brand":[],"product_cat":[2564],"product_tag":[],"class_list":{"0":"post-288661","1":"product","2":"type-product","3":"status-publish","4":"has-post-thumbnail","6":"product_cat-remmar-tillbehor","8":"first","9":"instock","10":"taxable","11":"shipping-taxable","12":"purchasable","13":"product-type-variable"},"composite_virtual":false,"composite_layout":"","composite_add_to_cart_form_location":"","composite_editable_in_cart":false,"composite_sold_individually_context":"","composite_shop_price_calc":"","composite_components":[],"composite_scenarios":[],"group_of_quantity":0,"min_quantity":0,"max_quantity":"","exclude_order_quantity_value_rules":"no","exclude_category_quantity_rules":"no","combine_variations":"no","exclude_global_add_ons":[],"addons":[],"_links":{"self":[{"href":"https:\/\/www.huntersfriend.eu\/sv\/wp-json\/wp\/v2\/product\/288661","targetHints":{"allow":["GET"]}}],"collection":[{"href":"https:\/\/www.huntersfriend.eu\/sv\/wp-json\/wp\/v2\/product"}],"about":[{"href":"https:\/\/www.huntersfriend.eu\/sv\/wp-json\/wp\/v2\/types\/product"}],"replies":[{"embeddable":true,"href":"https:\/\/www.huntersfriend.eu\/sv\/wp-json\/wp\/v2\/comments?post=288661"}],"wp:featuredmedia":[{"embeddable":true,"href":"https:\/\/www.huntersfriend.eu\/sv\/wp-json\/wp\/v2\/media\/199497"}],"wp:attachment":[{"href":"https:\/\/www.huntersfriend.eu\/sv\/wp-json\/wp\/v2\/media?parent=288661"}],"wp:term":[{"taxonomy":"product_brand","embeddable":true,"href":"https:\/\/www.huntersfriend.eu\/sv\/wp-json\/wp\/v2\/product_brand?post=288661"},{"taxonomy":"product_cat","embeddable":true,"href":"https:\/\/www.huntersfriend.eu\/sv\/wp-json\/wp\/v2\/product_cat?post=288661"},{"taxonomy":"product_tag","embeddable":true,"href":"https:\/\/www.huntersfriend.eu\/sv\/wp-json\/wp\/v2\/product_tag?post=288661"}],"curies":[{"name":"wp","href":"https:\/\/api.w.org\/{rel}","templated":true}]}}