{"id":288658,"date":"2020-10-08T11:20:32","date_gmt":"2020-10-08T09:20:32","guid":{"rendered":"https:\/\/www.huntersfriend.eu\/product\/truglo-glo-dot-universal-pro-gron-fiber-sikte\/"},"modified":"2025-11-05T10:30:10","modified_gmt":"2025-11-05T08:30:10","slug":"truglo-glo-dot-universal-pro-gron-fiber-sikte","status":"publish","type":"product","link":"https:\/\/www.huntersfriend.eu\/sv\/produkt\/truglo-glo-dot-universal-pro-gron-fiber-sikte\/","title":{"rendered":"Truglo GLO DOT\u2122 universal pro Gr\u00f6n fiber sikte"},"content":{"rendered":"<p>Viktiga funktioner:<\/p>\n<ul>\n<li>Original vinge och lerduvesikte<\/li>\n<li>Passar alla ventilerade sp\u00e5ng hagelgev\u00e4r<\/li>\n<li>Fiberf\u00e4rg gr\u00f6n<\/li>\n<li>Fiberdiameter 1,98 mm<\/li>\n<\/ul>\n","protected":false},"excerpt":{"rendered":"<p>Viktiga funktioner: Original vinge och lerduvesikte Passar alla ventilerade sp\u00e5ng hagelgev\u00e4r Fiberf\u00e4rg gr\u00f6n Fiberdiameter 1,98 mm<\/p>\n","protected":false},"featured_media":209304,"comment_status":"open","ping_status":"closed","template":"","meta":[],"product_brand":[],"product_cat":[2564],"product_tag":[],"class_list":{"0":"post-288658","1":"product","2":"type-product","3":"status-publish","4":"has-post-thumbnail","6":"product_cat-remmar-tillbehor","8":"first","9":"instock","10":"taxable","11":"shipping-taxable","12":"purchasable","13":"product-type-simple"},"composite_virtual":false,"composite_layout":"","composite_add_to_cart_form_location":"","composite_editable_in_cart":false,"composite_sold_individually_context":"","composite_shop_price_calc":"","composite_components":[],"composite_scenarios":[],"group_of_quantity":0,"min_quantity":0,"max_quantity":"","exclude_order_quantity_value_rules":"no","exclude_category_quantity_rules":"no","combine_variations":"no","exclude_global_add_ons":[],"addons":[],"_links":{"self":[{"href":"https:\/\/www.huntersfriend.eu\/sv\/wp-json\/wp\/v2\/product\/288658","targetHints":{"allow":["GET"]}}],"collection":[{"href":"https:\/\/www.huntersfriend.eu\/sv\/wp-json\/wp\/v2\/product"}],"about":[{"href":"https:\/\/www.huntersfriend.eu\/sv\/wp-json\/wp\/v2\/types\/product"}],"replies":[{"embeddable":true,"href":"https:\/\/www.huntersfriend.eu\/sv\/wp-json\/wp\/v2\/comments?post=288658"}],"wp:featuredmedia":[{"embeddable":true,"href":"https:\/\/www.huntersfriend.eu\/sv\/wp-json\/wp\/v2\/media\/209304"}],"wp:attachment":[{"href":"https:\/\/www.huntersfriend.eu\/sv\/wp-json\/wp\/v2\/media?parent=288658"}],"wp:term":[{"taxonomy":"product_brand","embeddable":true,"href":"https:\/\/www.huntersfriend.eu\/sv\/wp-json\/wp\/v2\/product_brand?post=288658"},{"taxonomy":"product_cat","embeddable":true,"href":"https:\/\/www.huntersfriend.eu\/sv\/wp-json\/wp\/v2\/product_cat?post=288658"},{"taxonomy":"product_tag","embeddable":true,"href":"https:\/\/www.huntersfriend.eu\/sv\/wp-json\/wp\/v2\/product_tag?post=288658"}],"curies":[{"name":"wp","href":"https:\/\/api.w.org\/{rel}","templated":true}]}}