{"id":288654,"date":"2021-01-04T15:20:28","date_gmt":"2021-01-04T13:20:28","guid":{"rendered":"https:\/\/www.huntersfriend.eu\/product\/hamskea-primer\/"},"modified":"2026-03-18T22:00:52","modified_gmt":"2026-03-18T20:00:52","slug":"hamskea-primer","status":"publish","type":"product","link":"https:\/\/www.huntersfriend.eu\/sv\/produkt\/hamskea-primer\/","title":{"rendered":"Hamskea primer"},"content":{"rendered":"<p><strong>Hamskea utvecklade Primer Arrow Rest f\u00f6r att inf\u00f6rliva de bepr\u00f6vade designelementen fr\u00e5n sina f\u00f6reg\u00e5ngare i en smalare och enklare applikation, vilket resulterar i prestanda i v\u00e4rldsklass som alla kan uppleva.<\/strong><\/p>\n<div class=\"et_pb_module et_pb_text et_pb_text_0 et_pb_bg_layout_light et_pb_text_align_left\">\n<div class=\"et_pb_text_inner\">\n<p>Funktioner:<\/p>\n<ul>\n<li>2 t\u00e4tade kullager i rostfritt st\u00e5l<\/li>\n<li>Tyst \u00f6vergjuten inneslutningsbygel<\/li>\n<li>CNC-bearbetade kvalitetskomponenter<\/li>\n<li>Tillverkad i Amerika<\/li>\n<li>Aktivering av \u00f6vre eller nedre lem<\/li>\n<li>Sladdkl\u00e4mma<\/li>\n<li>Patents\u00f6kt <strong><em>rebound-d\u00e4mpare<\/em><\/strong><\/li>\n<li>Flera upps\u00e4ttningar av vind- och h\u00f6jdjusteringar<\/li>\n<li>L\u00e4ttaste modellen hittills p\u00e5 102 gram<\/li>\n<li>Finns endast i svart.<\/li>\n<li>Ingen justerbar bladvinkel eller mikrojustering.<\/li>\n<\/ul>\n<p>Oavsett om du \u00e4r en erfaren veteran eller en ny skytt, f\u00f6rtj\u00e4nar du kvalitetsprodukter till ett pris som inte spr\u00e4cker banken. Detta tankes\u00e4tt var drivkraften bakom designen av den nya Hamskea Primer Arrow Rest. Med tidstestade funktioner som t\u00e4tade kullager i rostfritt st\u00e5l, noll tolerans-teknik, l\u00e4ttvikts aluminiumdesign, CNC-bearbetade kvalitetskomponenter och v\u00e5r sladdkl\u00e4mma; kommer Primern att kunna motst\u00e5 de tuffaste jaktf\u00f6rh\u00e5llandena samtidigt som den bibeh\u00e5ller precision. Som en standardfunktion p\u00e5 Primern \u00e4r Hamskea stolta \u00f6ver att presentera den senaste utvecklingen av v\u00e5r aktiveringssladdd\u00e4mpningsteknik med lanseringen av den patents\u00f6kta Rebound Dampener. Rebound Dampener hj\u00e4lper till att mildra chocken som \u00f6verf\u00f6rs fr\u00e5n lemmen till st\u00f6det under skottet och f\u00f6rhindrar det slitage som s\u00e5 sm\u00e5ningom kan leda till fel. Rebound Dampener \u00e4r tillverkad av ett slitstarkt d\u00e4mpningsmaterial och fungerar som en st\u00f6td\u00e4mpare f\u00f6r att eliminera launcher-fladder, f\u00f6rhindra sladdstr\u00e4ckning och d\u00e4mpa lemchocken, vilket f\u00f6rl\u00e4nger st\u00f6det livsl\u00e4ngd. Med en inline-design till\u00e5ter Rebound Dampener att sladden f\u00e4sts direkt p\u00e5 st\u00f6det och lemmen, vilket eliminerar alla chanser till fel i f\u00e4lt. Med sin nya slimmade design \u00e4r Primer Arrow Rest v\u00e5r l\u00e4ttaste modell hittills med en totalvikt p\u00e5 endast 102 gram. Till ett s\u00e5dant detaljhandelspris \u00e4r Primer Arrow Rest verkligen &#8221;Where Quality Meets Affordability&#8221;.        <\/p>\n<\/div>\n<\/div>\n<div class=\"et_pb_module et_pb_video et_pb_video_0\">\n<div class=\"et_pb_video_box\"><\/div>\n<\/div>\n","protected":false},"excerpt":{"rendered":"<p>Drop away svart<\/p>\n","protected":false},"featured_media":194351,"comment_status":"open","ping_status":"closed","template":"","meta":[],"product_brand":[],"product_cat":[2668],"product_tag":[],"class_list":{"0":"post-288654","1":"product","2":"type-product","3":"status-publish","4":"has-post-thumbnail","6":"product_cat-compound-drop-away-hyllor","8":"first","9":"outofstock","10":"taxable","11":"shipping-taxable","12":"purchasable","13":"product-type-variable"},"composite_virtual":false,"composite_layout":"","composite_add_to_cart_form_location":"","composite_editable_in_cart":false,"composite_sold_individually_context":"","composite_shop_price_calc":"","composite_components":[],"composite_scenarios":[],"group_of_quantity":0,"min_quantity":0,"max_quantity":"","exclude_order_quantity_value_rules":"no","exclude_category_quantity_rules":"no","combine_variations":"no","exclude_global_add_ons":[],"addons":[],"_links":{"self":[{"href":"https:\/\/www.huntersfriend.eu\/sv\/wp-json\/wp\/v2\/product\/288654","targetHints":{"allow":["GET"]}}],"collection":[{"href":"https:\/\/www.huntersfriend.eu\/sv\/wp-json\/wp\/v2\/product"}],"about":[{"href":"https:\/\/www.huntersfriend.eu\/sv\/wp-json\/wp\/v2\/types\/product"}],"replies":[{"embeddable":true,"href":"https:\/\/www.huntersfriend.eu\/sv\/wp-json\/wp\/v2\/comments?post=288654"}],"wp:featuredmedia":[{"embeddable":true,"href":"https:\/\/www.huntersfriend.eu\/sv\/wp-json\/wp\/v2\/media\/194351"}],"wp:attachment":[{"href":"https:\/\/www.huntersfriend.eu\/sv\/wp-json\/wp\/v2\/media?parent=288654"}],"wp:term":[{"taxonomy":"product_brand","embeddable":true,"href":"https:\/\/www.huntersfriend.eu\/sv\/wp-json\/wp\/v2\/product_brand?post=288654"},{"taxonomy":"product_cat","embeddable":true,"href":"https:\/\/www.huntersfriend.eu\/sv\/wp-json\/wp\/v2\/product_cat?post=288654"},{"taxonomy":"product_tag","embeddable":true,"href":"https:\/\/www.huntersfriend.eu\/sv\/wp-json\/wp\/v2\/product_tag?post=288654"}],"curies":[{"name":"wp","href":"https:\/\/api.w.org\/{rel}","templated":true}]}}