{"id":288649,"date":"2020-10-21T10:46:10","date_gmt":"2020-10-21T08:46:10","guid":{"rendered":"https:\/\/www.huntersfriend.eu\/product\/scentlok-full-season-elements-jacka-mossy-oak\/"},"modified":"2025-08-27T13:54:31","modified_gmt":"2025-08-27T11:54:31","slug":"scentlok-full-season-elements-jacka-mossy-oak","status":"publish","type":"product","link":"https:\/\/www.huntersfriend.eu\/sv\/produkt\/scentlok-full-season-elements-jacka-mossy-oak\/","title":{"rendered":"Scentlok Full Season Elements-jacka \u2013 mossy oak"},"content":{"rendered":"<p>Full Season Elements-jackan \u00e4r designad f\u00f6r att h\u00e5lla j\u00e4gare bekv\u00e4ma fr\u00e5n f\u00f6rbrunsten till dess att sn\u00f6n faller. Detta hybridsystem kombinerar l\u00e5gprofilsisolering med v\u00e4derbest\u00e4ndig kartl\u00e4ggning, vilket m\u00f6jligg\u00f6r b\u00e4ttre r\u00f6relsefrihet och komfort. Den skr\u00e4ddarsydda designen har ytterligare artikulation och stretchtyger i omr\u00e5den med h\u00f6g r\u00f6relse, vilket f\u00f6rhindrar motst\u00e5nd n\u00e4r du g\u00e5r till passet eller drar fullt. Slutligen har vi avslutat plagget med en mikrofleece-yta, tejpade s\u00f6mmar och avancerade camouflagem\u00f6nster f\u00f6r optimal d\u00f6ljande och prestanda.   <\/p>\n<ul>\n<li><strong>Carbon Alloy<\/strong><strong><sup>\u2122 <\/sup><\/strong><strong>-teknik<\/strong><br \/>\n F\u00f6r maximal luktabsorption och doftkontroll<\/li>\n<li><strong>Precip-X<\/strong><strong><sup>\u2122 <\/sup><\/strong><strong>-teknik<br \/>\n<\/strong> St\u00f6ter bort vatten, lera, blod och andra v\u00e4tskor<\/li>\n<li><strong>Vattent\u00e4ta paneler<\/strong><br \/>\n Strategiskt placerade i kritiska omr\u00e5den<\/li>\n<li><strong>Yttertyg i mikro-trik\u00e5<br \/>\n<\/strong> F\u00f6r d\u00f6dligt tyst r\u00f6rlighet<\/li>\n<li><strong>Innerfoder i mikrofleece<br \/>\n<\/strong> H\u00e5ller dig varm<\/li>\n<li><strong>Justerbar huva<br \/>\n<\/strong> Med en fastsydd sk\u00e4rm f\u00f6r regnskydd<\/li>\n<li><strong>Dragkedja f\u00f6r s\u00e4kerhetssele<br \/>\n<\/strong> L\u00e5ter Carbon Alloy kontrollera lukter fr\u00e5n selen<\/li>\n<li><strong>Tre vattent\u00e4ta fickor med dragkedja<br \/>\n<\/strong> H\u00e5ller din utrustning torr<\/li>\n<li><strong>Artikulerade armb\u00e5gar och justerbara muddar<br \/>\n<\/strong> F\u00f6r \u00f6kad r\u00f6rlighet och s\u00e4ker passform<\/li>\n<li><strong>Parkasl\u00e4ngd<br \/>\n<\/strong> H\u00e5ller dig bekv\u00e4m och torr<\/li>\n<\/ul>\n","protected":false},"excerpt":{"rendered":"<p>Full Season Elements \u2013 Mossy Oak Terra Gila<\/p>\n<p><a href=\"https:\/\/www.huntersfriend.eu\/app\/uploads\/2022\/05\/Scentlok-kokoataulukko.jpg\"><strong>Storlekstabell<\/strong><\/a><\/p>\n","protected":false},"featured_media":210338,"comment_status":"open","ping_status":"closed","template":"","meta":[],"product_brand":[],"product_cat":[2765,2741],"product_tag":[],"class_list":{"0":"post-288649","1":"product","2":"type-product","3":"status-publish","4":"has-post-thumbnail","6":"product_cat-fyndlada-slutrea","7":"product_cat-jackor","9":"first","10":"instock","11":"sale","12":"taxable","13":"shipping-taxable","14":"purchasable","15":"product-type-variable"},"composite_virtual":false,"composite_layout":"","composite_add_to_cart_form_location":"","composite_editable_in_cart":false,"composite_sold_individually_context":"","composite_shop_price_calc":"","composite_components":[],"composite_scenarios":[],"group_of_quantity":0,"min_quantity":0,"max_quantity":"","exclude_order_quantity_value_rules":"no","exclude_category_quantity_rules":"no","combine_variations":"no","exclude_global_add_ons":[],"addons":[],"_links":{"self":[{"href":"https:\/\/www.huntersfriend.eu\/sv\/wp-json\/wp\/v2\/product\/288649","targetHints":{"allow":["GET"]}}],"collection":[{"href":"https:\/\/www.huntersfriend.eu\/sv\/wp-json\/wp\/v2\/product"}],"about":[{"href":"https:\/\/www.huntersfriend.eu\/sv\/wp-json\/wp\/v2\/types\/product"}],"replies":[{"embeddable":true,"href":"https:\/\/www.huntersfriend.eu\/sv\/wp-json\/wp\/v2\/comments?post=288649"}],"wp:featuredmedia":[{"embeddable":true,"href":"https:\/\/www.huntersfriend.eu\/sv\/wp-json\/wp\/v2\/media\/210338"}],"wp:attachment":[{"href":"https:\/\/www.huntersfriend.eu\/sv\/wp-json\/wp\/v2\/media?parent=288649"}],"wp:term":[{"taxonomy":"product_brand","embeddable":true,"href":"https:\/\/www.huntersfriend.eu\/sv\/wp-json\/wp\/v2\/product_brand?post=288649"},{"taxonomy":"product_cat","embeddable":true,"href":"https:\/\/www.huntersfriend.eu\/sv\/wp-json\/wp\/v2\/product_cat?post=288649"},{"taxonomy":"product_tag","embeddable":true,"href":"https:\/\/www.huntersfriend.eu\/sv\/wp-json\/wp\/v2\/product_tag?post=288649"}],"curies":[{"name":"wp","href":"https:\/\/api.w.org\/{rel}","templated":true}]}}