{"id":288647,"date":"2020-11-02T09:20:25","date_gmt":"2020-11-02T07:20:25","guid":{"rendered":"https:\/\/www.huntersfriend.eu\/product\/spot-hogg-whipper-snapper-4-fingrar\/"},"modified":"2025-10-01T10:59:54","modified_gmt":"2025-10-01T08:59:54","slug":"spot-hogg-whipper-snapper-4-fingrar","status":"publish","type":"product","link":"https:\/\/www.huntersfriend.eu\/sv\/produkt\/spot-hogg-whipper-snapper-4-fingrar\/","title":{"rendered":"Spot-hogg Whipper Snapper \u2013 4 fingrar"},"content":{"rendered":"<p>Liksom alla Spot Hogg-produkter har Whipper Snapper unika, konturerade linjer som \u00e4r avsedda att skapa komfort under l\u00e5nga skjutsessioner och genom varje segment av skottsekvensen. Med sin slimmade design k\u00e4nns releasen n\u00e4stan obefintlig i handen under dragningen och \u00e4r l\u00e4tt att placera under ankring f\u00f6r repeterbara och konsekventa skott. <\/p>\n<p>Whipper Snappers avfyringsmekanism \u00e4r byggd med b\u00e5de patentskyddade material och design och ger ett extremt skarpt triggerbrott som \u00e4r ett av de snabbaste i branschen. Med justerbarhet med en enda skruv f\u00f6r b\u00e5de triggertryck och -r\u00f6relse erbjuder den mycket justerbara Whipper Snapper n\u00e5got som saknas p\u00e5 de flesta releaser \u2013 tryggheten i att veta att n\u00e4r du v\u00e4l har finjusterat inst\u00e4llningarna kommer releasen inte att \u00e4ndras eller slitas, oavsett hur mycket du skjuter eller hur h\u00e5rt du jagar. Releasens triggercylinder \u00e4r justerbar f\u00f6r att passa varje individs hand via tv\u00e5 olika positioner p\u00e5 triggern.  <\/p>\n<div class=\"bg_title\">\n<h4 class=\"headInModule\">FUNKTIONER:<\/h4>\n<\/div>\n<div class=\"module_content\">\u2022 Ergonomiskt utformad f\u00f6r maximal komfort<br \/>\n\u2022 Snabbaste triggern som finns p\u00e5 marknaden men helt s\u00e4ker<br \/>\n\u2022 Automatisk omladdningsfunktion<br \/>\n\u2022 Inst\u00e4llningarna \u00e4ndras eller slits inte, bara st\u00e4ll in den och gl\u00f6m bort den<br \/>\n\u2022 Utformad f\u00f6r D-loop-anslutning<br \/>\n\u2022 Finns med \u00f6ppen eller st\u00e4ngd k\u00e4ke<br \/>\n\u2022 \u00c5tkomst till handledsrem<\/div>\n<div class=\"module_content\"><\/div>\n<p>*Endast kompatibel med b\u00e5gar som har D-loopar<\/p>\n","protected":false},"excerpt":{"rendered":"<p>Handrelease med 4 fingrar<\/p>\n","protected":false},"featured_media":210921,"comment_status":"open","ping_status":"closed","template":"","meta":[],"product_brand":[],"product_cat":[2802],"product_tag":[],"class_list":{"0":"post-288647","1":"product","2":"type-product","3":"status-publish","4":"has-post-thumbnail","6":"product_cat-hand-tum-releaser","8":"first","9":"instock","10":"taxable","11":"shipping-taxable","12":"purchasable","13":"product-type-simple"},"composite_virtual":false,"composite_layout":"","composite_add_to_cart_form_location":"","composite_editable_in_cart":false,"composite_sold_individually_context":"","composite_shop_price_calc":"","composite_components":[],"composite_scenarios":[],"group_of_quantity":0,"min_quantity":0,"max_quantity":"","exclude_order_quantity_value_rules":"no","exclude_category_quantity_rules":"no","combine_variations":"no","exclude_global_add_ons":[],"addons":[],"_links":{"self":[{"href":"https:\/\/www.huntersfriend.eu\/sv\/wp-json\/wp\/v2\/product\/288647","targetHints":{"allow":["GET"]}}],"collection":[{"href":"https:\/\/www.huntersfriend.eu\/sv\/wp-json\/wp\/v2\/product"}],"about":[{"href":"https:\/\/www.huntersfriend.eu\/sv\/wp-json\/wp\/v2\/types\/product"}],"replies":[{"embeddable":true,"href":"https:\/\/www.huntersfriend.eu\/sv\/wp-json\/wp\/v2\/comments?post=288647"}],"wp:featuredmedia":[{"embeddable":true,"href":"https:\/\/www.huntersfriend.eu\/sv\/wp-json\/wp\/v2\/media\/210921"}],"wp:attachment":[{"href":"https:\/\/www.huntersfriend.eu\/sv\/wp-json\/wp\/v2\/media?parent=288647"}],"wp:term":[{"taxonomy":"product_brand","embeddable":true,"href":"https:\/\/www.huntersfriend.eu\/sv\/wp-json\/wp\/v2\/product_brand?post=288647"},{"taxonomy":"product_cat","embeddable":true,"href":"https:\/\/www.huntersfriend.eu\/sv\/wp-json\/wp\/v2\/product_cat?post=288647"},{"taxonomy":"product_tag","embeddable":true,"href":"https:\/\/www.huntersfriend.eu\/sv\/wp-json\/wp\/v2\/product_tag?post=288647"}],"curies":[{"name":"wp","href":"https:\/\/api.w.org\/{rel}","templated":true}]}}