{"id":288643,"date":"2021-01-21T15:20:40","date_gmt":"2021-01-21T13:20:40","guid":{"rendered":"https:\/\/www.huntersfriend.eu\/product\/carter-chokladberoende\/"},"modified":"2025-08-27T13:54:19","modified_gmt":"2025-08-27T11:54:19","slug":"carter-chokladberoende","status":"publish","type":"product","link":"https:\/\/www.huntersfriend.eu\/sv\/produkt\/carter-chokladberoende\/","title":{"rendered":"Carter chokladberoende"},"content":{"rendered":"<p>The Chocolate Addiction \u00e4r Carters mest justerbara release. Vid basen av avtryckarspaken finns tre h\u00e5l. Det f\u00f6rsta justerar avtryckarr\u00f6relsen medan de andra tv\u00e5 \u00e4r fj\u00e4derbelastade f\u00f6r att p\u00e5verka avtryckarsp\u00e4nningen. Alternativen f\u00f6r sp\u00e4nnings- och r\u00f6relseinst\u00e4llning \u00e4r o\u00e4ndliga. Men det \u00e4r inte allt. Uppsp\u00e4nningsspaken p\u00e5 baksidan st\u00e4nger kroken med en r\u00f6relse. Placera kroken p\u00e5 releasesn\u00f6ret eller D-\u00f6gla och tryck p\u00e5 uppsp\u00e4nningsspaken, s\u00e5 enkelt \u00e4r det.      <\/p>\n","protected":false},"excerpt":{"rendered":"<p>3 eller 4 fingrar<\/p>\n","protected":false},"featured_media":194282,"comment_status":"open","ping_status":"closed","template":"","meta":[],"product_brand":[],"product_cat":[2802],"product_tag":[],"class_list":{"0":"post-288643","1":"product","2":"type-product","3":"status-publish","4":"has-post-thumbnail","6":"product_cat-hand-tum-releaser","8":"first","9":"instock","10":"taxable","11":"shipping-taxable","12":"purchasable","13":"product-type-variable"},"composite_virtual":false,"composite_layout":"","composite_add_to_cart_form_location":"","composite_editable_in_cart":false,"composite_sold_individually_context":"","composite_shop_price_calc":"","composite_components":[],"composite_scenarios":[],"group_of_quantity":0,"min_quantity":0,"max_quantity":"","exclude_order_quantity_value_rules":"no","exclude_category_quantity_rules":"no","combine_variations":"no","exclude_global_add_ons":[],"addons":[],"_links":{"self":[{"href":"https:\/\/www.huntersfriend.eu\/sv\/wp-json\/wp\/v2\/product\/288643","targetHints":{"allow":["GET"]}}],"collection":[{"href":"https:\/\/www.huntersfriend.eu\/sv\/wp-json\/wp\/v2\/product"}],"about":[{"href":"https:\/\/www.huntersfriend.eu\/sv\/wp-json\/wp\/v2\/types\/product"}],"replies":[{"embeddable":true,"href":"https:\/\/www.huntersfriend.eu\/sv\/wp-json\/wp\/v2\/comments?post=288643"}],"wp:featuredmedia":[{"embeddable":true,"href":"https:\/\/www.huntersfriend.eu\/sv\/wp-json\/wp\/v2\/media\/194282"}],"wp:attachment":[{"href":"https:\/\/www.huntersfriend.eu\/sv\/wp-json\/wp\/v2\/media?parent=288643"}],"wp:term":[{"taxonomy":"product_brand","embeddable":true,"href":"https:\/\/www.huntersfriend.eu\/sv\/wp-json\/wp\/v2\/product_brand?post=288643"},{"taxonomy":"product_cat","embeddable":true,"href":"https:\/\/www.huntersfriend.eu\/sv\/wp-json\/wp\/v2\/product_cat?post=288643"},{"taxonomy":"product_tag","embeddable":true,"href":"https:\/\/www.huntersfriend.eu\/sv\/wp-json\/wp\/v2\/product_tag?post=288643"}],"curies":[{"name":"wp","href":"https:\/\/api.w.org\/{rel}","templated":true}]}}