{"id":288642,"date":"2021-01-19T15:20:31","date_gmt":"2021-01-19T13:20:31","guid":{"rendered":"https:\/\/www.huntersfriend.eu\/product\/bowtech-solution-sd-bage\/"},"modified":"2025-08-27T13:54:18","modified_gmt":"2025-08-27T11:54:18","slug":"bowtech-solution-sd-bage","status":"publish","type":"product","link":"https:\/\/www.huntersfriend.eu\/sv\/produkt\/bowtech-solution-sd-bage\/","title":{"rendered":"Bowtech solution SD-b\u00e5ge"},"content":{"rendered":"<div><\/div>\n<div>\n<div>\n<p><em><strong>SOLUTION SD<\/strong><\/em><\/p>\n<p>Den nya Solution SD \u00e4r optimerad f\u00f6r dragl\u00e4ngder p\u00e5 23,5\u201328,5 tum och har den tysta, d\u00f6da k\u00e4nslan i handen och den d\u00f6dliga precisionen hos v\u00e5rt DeadLock Cam System. Dess moderna design p\u00e5 upph\u00f6jningen och DeadLock-kammarna ger dig ett sm\u00f6rigt drag och \u00f6verf\u00f6r mer energi till dina pilar med \u00e4nnu mer klyvningsprecision \u00e4n du n\u00e5gonsin har upplevt. Byggd just f\u00f6r dig. Eftersom den ultimata skjutupplevelsen inte \u00e4r en storlek som passar alla.   <\/p>\n<\/div>\n<div>\n<table style=\"height: 55px;\" width=\"1100\" align=\"\">\n<tbody>\n<tr>\n<td><strong>IBO-HASTIGHET<\/strong><br \/>\n323 fps<\/td>\n<td><strong>AXEL TILL AXEL<\/strong><br \/>\n30&#8243;<\/td>\n<td><strong>ST\u00d6DH\u00d6JD<\/strong><br \/>\n7,0&#8243;<\/td>\n<td><strong>DRAGVIKTER<\/strong><br \/>\n50, 60, 70#<\/td>\n<td><strong>DRAGL\u00c4NGDER<\/strong><br \/>\n23,5&#8243; till 28,5&#8243;<\/td>\n<td><\/td>\n<td><strong>B\u00c5GMASSA<\/strong><br \/>\n3,9 LBS<\/td>\n<td><\/td>\n<\/tr>\n<\/tbody>\n<\/table>\n<div>\n<h3><\/h3>\n<\/div>\n<div><\/div>\n<\/div>\n<\/div>\n","protected":false},"excerpt":{"rendered":"<p>Anpassad\/specialbest\u00e4llning<\/p>\n","protected":false},"featured_media":201316,"comment_status":"open","ping_status":"closed","template":"","meta":[],"product_brand":[],"product_cat":[878],"product_tag":[],"class_list":{"0":"post-288642","1":"product","2":"type-product","3":"status-publish","4":"has-post-thumbnail","6":"product_cat-uncategorized-sv","7":"product_shipping_class-big-sv","9":"first","10":"outofstock","11":"taxable","12":"shipping-taxable","13":"product-type-variable"},"composite_virtual":false,"composite_layout":"","composite_add_to_cart_form_location":"","composite_editable_in_cart":false,"composite_sold_individually_context":"","composite_shop_price_calc":"","composite_components":[],"composite_scenarios":[],"group_of_quantity":0,"min_quantity":0,"max_quantity":"","exclude_order_quantity_value_rules":"no","exclude_category_quantity_rules":"no","combine_variations":"no","exclude_global_add_ons":false,"addons":[{"name":"Alternativt jaktf\u00e4rgsval","type":"multiple_choice","position":0,"required":false,"title_format":"label","default":"","description_enable":true,"description":"V\u00e4lj ett av dessa alternativ f\u00f6r alternativ jaktf\u00e4rg (extra kostnad)","placeholder_enable":false,"placeholder":null,"display":"select","restrictions_type":"any_text","adjust_price":false,"price":"","price_type":"flat_fee","restrictions":false,"min":"0","max":"0","options":[{"label":"OD Green","price":"40.3225","price_type":"flat_fee","image":0,"visibility":true},{"label":"Smoke Grey","price":"40.3225","price_type":"flat_fee","image":0,"visibility":true},{"label":"Kuiu verde","price":"40.3225","price_type":"flat_fee","image":0,"visibility":true},{"label":"Realtree edge","price":"40.3225","price_type":"flat_fee","image":0,"visibility":true},{"label":"Kryptek altitude","price":"40.3225","price_type":"flat_fee","image":0,"visibility":true},{"label":"Subalpine","price":"40.3225","price_type":"flat_fee","image":0,"visibility":true},{"label":"Woodland","price":"40.3225","price_type":"flat_fee","image":0,"visibility":true}]}],"_links":{"self":[{"href":"https:\/\/www.huntersfriend.eu\/sv\/wp-json\/wp\/v2\/product\/288642","targetHints":{"allow":["GET"]}}],"collection":[{"href":"https:\/\/www.huntersfriend.eu\/sv\/wp-json\/wp\/v2\/product"}],"about":[{"href":"https:\/\/www.huntersfriend.eu\/sv\/wp-json\/wp\/v2\/types\/product"}],"replies":[{"embeddable":true,"href":"https:\/\/www.huntersfriend.eu\/sv\/wp-json\/wp\/v2\/comments?post=288642"}],"wp:featuredmedia":[{"embeddable":true,"href":"https:\/\/www.huntersfriend.eu\/sv\/wp-json\/wp\/v2\/media\/201316"}],"wp:attachment":[{"href":"https:\/\/www.huntersfriend.eu\/sv\/wp-json\/wp\/v2\/media?parent=288642"}],"wp:term":[{"taxonomy":"product_brand","embeddable":true,"href":"https:\/\/www.huntersfriend.eu\/sv\/wp-json\/wp\/v2\/product_brand?post=288642"},{"taxonomy":"product_cat","embeddable":true,"href":"https:\/\/www.huntersfriend.eu\/sv\/wp-json\/wp\/v2\/product_cat?post=288642"},{"taxonomy":"product_tag","embeddable":true,"href":"https:\/\/www.huntersfriend.eu\/sv\/wp-json\/wp\/v2\/product_tag?post=288642"}],"curies":[{"name":"wp","href":"https:\/\/api.w.org\/{rel}","templated":true}]}}