{"id":288641,"date":"2021-01-20T15:20:50","date_gmt":"2021-01-20T13:20:50","guid":{"rendered":"https:\/\/www.huntersfriend.eu\/product\/carter-like-mike-ii-slapp\/"},"modified":"2025-08-27T13:54:14","modified_gmt":"2025-08-27T11:54:14","slug":"carter-like-mike-ii-slapp","status":"publish","type":"product","link":"https:\/\/www.huntersfriend.eu\/sv\/produkt\/carter-like-mike-ii-slapp\/","title":{"rendered":"Carter Like Mike II-sl\u00e4pp"},"content":{"rendered":"<p>Carter Enterprises \u00e4r glada att presentera en uppgraderad version av det popul\u00e4ra pekfingerutl\u00f6saren, The Like Mike I. Like Mike II \u00e4r baserad p\u00e5 den popul\u00e4ra Like Mike-plattformen. <\/p>\n<p>Like Mike II har n\u00e5gra \u00e4ndringar och f\u00f6rb\u00e4ttringar. Den f\u00f6rsta funktionen du kommer att m\u00e4rka \u00e4r \u00e4ndringen i sp\u00e4nningsjusteringen. Ist\u00e4llet f\u00f6r behovet av det l\u00e4ngre h\u00f6ljet och justering fr\u00e5n baksidan av Like Mike, har Like Mike sp\u00e4nningsjusteringsskruven p\u00e5 sidan av h\u00f6ljet. Detta<br \/>\nger enklare \u00e5tkomst f\u00f6r sp\u00e4nningsjustering och en kortare h\u00f6ljesl\u00e4ngd. Sp\u00e4nningsomr\u00e5det \u00e4r fortfarande brett justerbart. Standardkonfigurationen fr\u00e5n fabriken ger dig fr\u00e5n cirka 10 oz. till cirka 3,5 pounds. Om du \u00f6nskar en tyngre avtryckare, s\u00e4tt helt enkelt in st\u00e5lkulan som medf\u00f6ljer och din<br \/>\nsp\u00e4nning kommer att stiga fr\u00e5n 2,5 pounds till hela 11 pounds avtryckarsp\u00e4nning.       <\/p>\n<p>N\u00e4sta funktion och \u00e4ndring i Like Mike II \u00e4r implementeringen av Carters nya Controlled Engagement System. Liksom v\u00e5r nya tumutl\u00f6sardesign, eliminerar Controlled Engagement System behovet av en justeringsskruv f\u00f6r avtryckarr\u00f6relse eftersom sear-ingreppet styrs internt av design<br \/>\noch tolerans. Detta ger v\u00e5ra v\u00e4rldsber\u00f6mda avtryckare utan r\u00f6relse utan m\u00f6jlighet eller behov av att justera avtryckarr\u00f6relsen. Sp\u00e4nningsjustering \u00e4r en separat justering som ger dig en avtryckare utan r\u00f6relse med det viktomr\u00e5de du \u00f6nskar.   <\/p>\n<p>Denna version av Like Mike II levereras som standard med B3-remssystemet f\u00f6r superb komfort och repeterbar passform. Oavsett om du \u00e4r i f\u00e4ltet, i skogen eller p\u00e5 en skjutlinje, \u00e4r Like Mike II n\u00e4sta generation i en l\u00e5ng rad av rekordbrytande Carter-utl\u00f6sare. <\/p>\n","protected":false},"excerpt":{"rendered":"<p>B3 justerbart l\u00e4derrem med sp\u00e4nne<\/p>\n","protected":false},"featured_media":210311,"comment_status":"open","ping_status":"closed","template":"","meta":[],"product_brand":[],"product_cat":[2680],"product_tag":[],"class_list":{"0":"post-288641","1":"product","2":"type-product","3":"status-publish","4":"has-post-thumbnail","6":"product_cat-handledsutlosare","8":"first","9":"instock","10":"taxable","11":"shipping-taxable","12":"purchasable","13":"product-type-simple"},"composite_virtual":false,"composite_layout":"","composite_add_to_cart_form_location":"","composite_editable_in_cart":false,"composite_sold_individually_context":"","composite_shop_price_calc":"","composite_components":[],"composite_scenarios":[],"group_of_quantity":0,"min_quantity":0,"max_quantity":"","exclude_order_quantity_value_rules":"no","exclude_category_quantity_rules":"no","combine_variations":"no","exclude_global_add_ons":[],"addons":[],"_links":{"self":[{"href":"https:\/\/www.huntersfriend.eu\/sv\/wp-json\/wp\/v2\/product\/288641","targetHints":{"allow":["GET"]}}],"collection":[{"href":"https:\/\/www.huntersfriend.eu\/sv\/wp-json\/wp\/v2\/product"}],"about":[{"href":"https:\/\/www.huntersfriend.eu\/sv\/wp-json\/wp\/v2\/types\/product"}],"replies":[{"embeddable":true,"href":"https:\/\/www.huntersfriend.eu\/sv\/wp-json\/wp\/v2\/comments?post=288641"}],"wp:featuredmedia":[{"embeddable":true,"href":"https:\/\/www.huntersfriend.eu\/sv\/wp-json\/wp\/v2\/media\/210311"}],"wp:attachment":[{"href":"https:\/\/www.huntersfriend.eu\/sv\/wp-json\/wp\/v2\/media?parent=288641"}],"wp:term":[{"taxonomy":"product_brand","embeddable":true,"href":"https:\/\/www.huntersfriend.eu\/sv\/wp-json\/wp\/v2\/product_brand?post=288641"},{"taxonomy":"product_cat","embeddable":true,"href":"https:\/\/www.huntersfriend.eu\/sv\/wp-json\/wp\/v2\/product_cat?post=288641"},{"taxonomy":"product_tag","embeddable":true,"href":"https:\/\/www.huntersfriend.eu\/sv\/wp-json\/wp\/v2\/product_tag?post=288641"}],"curies":[{"name":"wp","href":"https:\/\/api.w.org\/{rel}","templated":true}]}}