{"id":288636,"date":"2021-01-21T15:20:35","date_gmt":"2021-01-21T13:20:35","guid":{"rendered":"https:\/\/www.huntersfriend.eu\/product\/carter-insatiable-2-plus-finger-release\/"},"modified":"2025-08-27T13:54:09","modified_gmt":"2025-08-27T11:54:09","slug":"carter-insatiable-2-plus-finger-release","status":"publish","type":"product","link":"https:\/\/www.huntersfriend.eu\/sv\/produkt\/carter-insatiable-2-plus-finger-release\/","title":{"rendered":"Carter Insatiable 2 plus \u2013 finger release"},"content":{"rendered":"<p>Insatiable \u00e4r en enkel och okomplicerad release som m\u00e5nga proffs f\u00f6rlitar sig p\u00e5 n\u00e4r det g\u00e4ller viktiga skott. Insatiable erbjuder den senaste designen inom komfort och kontroll. J\u00e4mna, runda kanter f\u00f6rdelar trycket j\u00e4mnt \u00f6ver fingrarna. Det v\u00e4lvda handtaget hj\u00e4lper till att placera armb\u00e5gen i en mer naturlig position f\u00f6r b\u00e4ttre kontroll.   <\/p>\n<p>En annan spin-off fr\u00e5n Insatiable, Insatiable 2 + har en lite rakare handtagsdesign men till\u00e5ter \u00e4nd\u00e5 handen att v\u00e4lva sig i en bekv\u00e4m position. Fingerh\u00e5let \u00e4r en extra attraktion. Denna release kan rymma en lite st\u00f6rre hand \u00e4n Insatiable.  <\/p>\n","protected":false},"excerpt":{"rendered":"<p>R\u00f6d, svart eller bl\u00e5<\/p>\n","protected":false},"featured_media":194298,"comment_status":"open","ping_status":"closed","template":"","meta":[],"product_brand":[],"product_cat":[2802],"product_tag":[],"class_list":{"0":"post-288636","1":"product","2":"type-product","3":"status-publish","4":"has-post-thumbnail","6":"product_cat-hand-tum-releaser","8":"first","9":"onbackorder","10":"taxable","11":"shipping-taxable","12":"purchasable","13":"product-type-variable"},"composite_virtual":false,"composite_layout":"","composite_add_to_cart_form_location":"","composite_editable_in_cart":false,"composite_sold_individually_context":"","composite_shop_price_calc":"","composite_components":[],"composite_scenarios":[],"group_of_quantity":0,"min_quantity":0,"max_quantity":"","exclude_order_quantity_value_rules":"no","exclude_category_quantity_rules":"no","combine_variations":"no","exclude_global_add_ons":[],"addons":[],"_links":{"self":[{"href":"https:\/\/www.huntersfriend.eu\/sv\/wp-json\/wp\/v2\/product\/288636","targetHints":{"allow":["GET"]}}],"collection":[{"href":"https:\/\/www.huntersfriend.eu\/sv\/wp-json\/wp\/v2\/product"}],"about":[{"href":"https:\/\/www.huntersfriend.eu\/sv\/wp-json\/wp\/v2\/types\/product"}],"replies":[{"embeddable":true,"href":"https:\/\/www.huntersfriend.eu\/sv\/wp-json\/wp\/v2\/comments?post=288636"}],"wp:featuredmedia":[{"embeddable":true,"href":"https:\/\/www.huntersfriend.eu\/sv\/wp-json\/wp\/v2\/media\/194298"}],"wp:attachment":[{"href":"https:\/\/www.huntersfriend.eu\/sv\/wp-json\/wp\/v2\/media?parent=288636"}],"wp:term":[{"taxonomy":"product_brand","embeddable":true,"href":"https:\/\/www.huntersfriend.eu\/sv\/wp-json\/wp\/v2\/product_brand?post=288636"},{"taxonomy":"product_cat","embeddable":true,"href":"https:\/\/www.huntersfriend.eu\/sv\/wp-json\/wp\/v2\/product_cat?post=288636"},{"taxonomy":"product_tag","embeddable":true,"href":"https:\/\/www.huntersfriend.eu\/sv\/wp-json\/wp\/v2\/product_tag?post=288636"}],"curies":[{"name":"wp","href":"https:\/\/api.w.org\/{rel}","templated":true}]}}