{"id":288634,"date":"2021-06-16T11:22:24","date_gmt":"2021-06-16T09:22:24","guid":{"rendered":"https:\/\/www.huntersfriend.eu\/product\/alps-outdoorz-flytande-blindvaska\/"},"modified":"2025-09-25T12:34:07","modified_gmt":"2025-09-25T10:34:07","slug":"alps-outdoorz-flytande-blindvaska","status":"publish","type":"product","link":"https:\/\/www.huntersfriend.eu\/sv\/produkt\/alps-outdoorz-flytande-blindvaska\/","title":{"rendered":"Alps outdoorz flytande blindv\u00e4ska"},"content":{"rendered":"<p><span class=\"Y2IQFc\" lang=\"en\">En utm\u00e4rkt v\u00e4ska f\u00f6r vattenf\u00e5gelj\u00e4gare, som h\u00e5ller alla tillbeh\u00f6r i gott skick. V\u00e4skans huvudfack \u00e4r fodrat med skum, och har dessutom ett vattent\u00e4tt membran f\u00f6r att h\u00e5lla din utrustning torr. Huvudfacket \u00e4r indelat i tv\u00e5 fack. V\u00e4skan har \u00e4ven tv\u00e5 sidofickor och en framficka. V\u00e4skan har egna flexibla fack f\u00f6r choke-tuber, d\u00e4r de sitter s\u00e4kert p\u00e5 plats. Vadderad justerbar axelrem f\u00f6r extra komfort.      <\/span><\/p>\n<ul>\n<li><span class=\"Y2IQFc\" lang=\"en\">M\u00e5tt: 30 x 23 x 20 cm <\/span><\/li>\n<li><span class=\"Y2IQFc\" lang=\"en\">Vikt 0,9 kg<\/span><\/li>\n<\/ul>\n","protected":false},"excerpt":{"rendered":"<p>Realtree Timber camo<\/p>\n","protected":false},"featured_media":209674,"comment_status":"open","ping_status":"closed","template":"","meta":[],"product_brand":[],"product_cat":[2612,2818],"product_tag":[],"class_list":{"0":"post-288634","1":"product","2":"type-product","3":"status-publish","4":"has-post-thumbnail","6":"product_cat-jaktvaskor-och-ryggsackar","7":"product_cat-lockfagelsvaskor","9":"first","10":"outofstock","11":"taxable","12":"shipping-taxable","13":"purchasable","14":"product-type-simple"},"composite_virtual":false,"composite_layout":"","composite_add_to_cart_form_location":"","composite_editable_in_cart":false,"composite_sold_individually_context":"","composite_shop_price_calc":"","composite_components":[],"composite_scenarios":[],"group_of_quantity":0,"min_quantity":0,"max_quantity":"","exclude_order_quantity_value_rules":"no","exclude_category_quantity_rules":"no","combine_variations":"no","exclude_global_add_ons":[],"addons":[],"_links":{"self":[{"href":"https:\/\/www.huntersfriend.eu\/sv\/wp-json\/wp\/v2\/product\/288634","targetHints":{"allow":["GET"]}}],"collection":[{"href":"https:\/\/www.huntersfriend.eu\/sv\/wp-json\/wp\/v2\/product"}],"about":[{"href":"https:\/\/www.huntersfriend.eu\/sv\/wp-json\/wp\/v2\/types\/product"}],"replies":[{"embeddable":true,"href":"https:\/\/www.huntersfriend.eu\/sv\/wp-json\/wp\/v2\/comments?post=288634"}],"wp:featuredmedia":[{"embeddable":true,"href":"https:\/\/www.huntersfriend.eu\/sv\/wp-json\/wp\/v2\/media\/209674"}],"wp:attachment":[{"href":"https:\/\/www.huntersfriend.eu\/sv\/wp-json\/wp\/v2\/media?parent=288634"}],"wp:term":[{"taxonomy":"product_brand","embeddable":true,"href":"https:\/\/www.huntersfriend.eu\/sv\/wp-json\/wp\/v2\/product_brand?post=288634"},{"taxonomy":"product_cat","embeddable":true,"href":"https:\/\/www.huntersfriend.eu\/sv\/wp-json\/wp\/v2\/product_cat?post=288634"},{"taxonomy":"product_tag","embeddable":true,"href":"https:\/\/www.huntersfriend.eu\/sv\/wp-json\/wp\/v2\/product_tag?post=288634"}],"curies":[{"name":"wp","href":"https:\/\/api.w.org\/{rel}","templated":true}]}}