{"id":288633,"date":"2021-06-14T11:23:17","date_gmt":"2021-06-14T09:23:17","guid":{"rendered":"https:\/\/www.huntersfriend.eu\/product\/hme-rengoringskit-for-vilt\/"},"modified":"2025-08-27T11:24:53","modified_gmt":"2025-08-27T09:24:53","slug":"hme-rengoringskit-for-vilt","status":"publish","type":"product","link":"https:\/\/www.huntersfriend.eu\/sv\/produkt\/hme-rengoringskit-for-vilt\/","title":{"rendered":"HME reng\u00f6ringskit f\u00f6r vilt"},"content":{"rendered":"<p>Kitet levereras med handskar i axell\u00e4ngd, plastp\u00e5se, handskar i handledsl\u00e4ngd, plastf\u00f6rkl\u00e4de och plastp\u00e5se f\u00f6r hj\u00e4rta och lever.<\/p>\n","protected":false},"excerpt":{"rendered":"<p>Pakkaus sis\u00e4lt\u00e4\u00e4 pitk\u00e4t hanskat, lateksihanskat, e<\/p>\n","protected":false},"featured_media":209443,"comment_status":"open","ping_status":"closed","template":"","meta":[],"product_brand":[],"product_cat":[2620],"product_tag":[],"class_list":{"0":"post-288633","1":"product","2":"type-product","3":"status-publish","4":"has-post-thumbnail","6":"product_cat-viltbearbetning","8":"first","9":"instock","10":"taxable","11":"shipping-taxable","12":"purchasable","13":"product-type-simple"},"composite_virtual":false,"composite_layout":"","composite_add_to_cart_form_location":"","composite_editable_in_cart":false,"composite_sold_individually_context":"","composite_shop_price_calc":"","composite_components":[],"composite_scenarios":[],"group_of_quantity":0,"min_quantity":0,"max_quantity":"","exclude_order_quantity_value_rules":"no","exclude_category_quantity_rules":"no","combine_variations":"no","exclude_global_add_ons":[],"addons":[],"_links":{"self":[{"href":"https:\/\/www.huntersfriend.eu\/sv\/wp-json\/wp\/v2\/product\/288633","targetHints":{"allow":["GET"]}}],"collection":[{"href":"https:\/\/www.huntersfriend.eu\/sv\/wp-json\/wp\/v2\/product"}],"about":[{"href":"https:\/\/www.huntersfriend.eu\/sv\/wp-json\/wp\/v2\/types\/product"}],"replies":[{"embeddable":true,"href":"https:\/\/www.huntersfriend.eu\/sv\/wp-json\/wp\/v2\/comments?post=288633"}],"wp:featuredmedia":[{"embeddable":true,"href":"https:\/\/www.huntersfriend.eu\/sv\/wp-json\/wp\/v2\/media\/209443"}],"wp:attachment":[{"href":"https:\/\/www.huntersfriend.eu\/sv\/wp-json\/wp\/v2\/media?parent=288633"}],"wp:term":[{"taxonomy":"product_brand","embeddable":true,"href":"https:\/\/www.huntersfriend.eu\/sv\/wp-json\/wp\/v2\/product_brand?post=288633"},{"taxonomy":"product_cat","embeddable":true,"href":"https:\/\/www.huntersfriend.eu\/sv\/wp-json\/wp\/v2\/product_cat?post=288633"},{"taxonomy":"product_tag","embeddable":true,"href":"https:\/\/www.huntersfriend.eu\/sv\/wp-json\/wp\/v2\/product_tag?post=288633"}],"curies":[{"name":"wp","href":"https:\/\/api.w.org\/{rel}","templated":true}]}}