{"id":288632,"date":"2021-06-16T11:22:23","date_gmt":"2021-06-16T09:22:23","guid":{"rendered":"https:\/\/www.huntersfriend.eu\/product\/alps-outdoorz-trail-blazer-2\/"},"modified":"2025-08-27T11:24:52","modified_gmt":"2025-08-27T09:24:52","slug":"alps-outdoorz-trail-blazer-2","status":"publish","type":"product","link":"https:\/\/www.huntersfriend.eu\/sv\/produkt\/alps-outdoorz-trail-blazer-2\/","title":{"rendered":"Alps outdoorz Trail blazer"},"content":{"rendered":"<p>En m\u00e5ngsidig dagsryggs\u00e4ck med en nedf\u00e4llbar ficka f\u00f6r transport av gev\u00e4r eller pilb\u00e5ge. Ryggs\u00e4cken har en volym p\u00e5 41 liter och har \u00e4ven en separat v\u00e4tskebeh\u00e5llare och port. N\u00e4tfickor p\u00e5 b\u00e5da sidor f\u00f6r vattenflaskor. Ryggs\u00e4cken har \u00e4ven ett integrerat HiVis-orange regnskydd.   <\/p>\n<p>&nbsp;<\/p>\n<ul>\n<li>Justerbar nedf\u00e4llbar ficka f\u00f6r gev\u00e4r eller pilb\u00e5gar<\/li>\n<li>Rymligt huvudfack f\u00f6r st\u00f6rre f\u00f6rem\u00e5l<\/li>\n<li>Fack med dragkedja p\u00e5 utsidan av huvudfacket f\u00f6r mindre tillbeh\u00f6r<\/li>\n<li>Integrerat HiVis-orangef\u00e4rgat regnskydd<\/li>\n<li>Ficka och anslutning f\u00f6r v\u00e4tskesystem<\/li>\n<li>Justerbart h\u00f6ft- och br\u00f6stb\u00e4lte<\/li>\n<\/ul>\n","protected":false},"excerpt":{"rendered":"<p>Country camo<\/p>\n","protected":false},"featured_media":209641,"comment_status":"open","ping_status":"closed","template":"","meta":[],"product_brand":[],"product_cat":[878],"product_tag":[],"class_list":{"0":"post-288632","1":"product","2":"type-product","3":"status-publish","4":"has-post-thumbnail","6":"product_cat-uncategorized-sv","8":"first","9":"outofstock","10":"taxable","11":"shipping-taxable","12":"purchasable","13":"product-type-simple"},"composite_virtual":false,"composite_layout":"","composite_add_to_cart_form_location":"","composite_editable_in_cart":false,"composite_sold_individually_context":"","composite_shop_price_calc":"","composite_components":[],"composite_scenarios":[],"group_of_quantity":0,"min_quantity":0,"max_quantity":"","exclude_order_quantity_value_rules":"no","exclude_category_quantity_rules":"no","combine_variations":"no","exclude_global_add_ons":[],"addons":[],"_links":{"self":[{"href":"https:\/\/www.huntersfriend.eu\/sv\/wp-json\/wp\/v2\/product\/288632","targetHints":{"allow":["GET"]}}],"collection":[{"href":"https:\/\/www.huntersfriend.eu\/sv\/wp-json\/wp\/v2\/product"}],"about":[{"href":"https:\/\/www.huntersfriend.eu\/sv\/wp-json\/wp\/v2\/types\/product"}],"replies":[{"embeddable":true,"href":"https:\/\/www.huntersfriend.eu\/sv\/wp-json\/wp\/v2\/comments?post=288632"}],"wp:featuredmedia":[{"embeddable":true,"href":"https:\/\/www.huntersfriend.eu\/sv\/wp-json\/wp\/v2\/media\/209641"}],"wp:attachment":[{"href":"https:\/\/www.huntersfriend.eu\/sv\/wp-json\/wp\/v2\/media?parent=288632"}],"wp:term":[{"taxonomy":"product_brand","embeddable":true,"href":"https:\/\/www.huntersfriend.eu\/sv\/wp-json\/wp\/v2\/product_brand?post=288632"},{"taxonomy":"product_cat","embeddable":true,"href":"https:\/\/www.huntersfriend.eu\/sv\/wp-json\/wp\/v2\/product_cat?post=288632"},{"taxonomy":"product_tag","embeddable":true,"href":"https:\/\/www.huntersfriend.eu\/sv\/wp-json\/wp\/v2\/product_tag?post=288632"}],"curies":[{"name":"wp","href":"https:\/\/api.w.org\/{rel}","templated":true}]}}