{"id":288630,"date":"2021-06-16T11:22:23","date_gmt":"2021-06-16T09:22:23","guid":{"rendered":"https:\/\/www.huntersfriend.eu\/product\/alps-outdoorz-dark-timber\/"},"modified":"2026-04-04T05:13:26","modified_gmt":"2026-04-04T03:13:26","slug":"alps-outdoorz-dark-timber","status":"publish","type":"product","link":"https:\/\/www.huntersfriend.eu\/sv\/produkt\/alps-outdoorz-dark-timber\/","title":{"rendered":"Alps outdoorz Dark Timber"},"content":{"rendered":"<p>Dark Timber \u00e4r ett utm\u00e4rkt val f\u00f6r resor n\u00e4r komfort och h\u00e5llbarhet \u00e4r ett m\u00e5ste. Den har ett vadderat midjeb\u00e4lte och vadderade axelremmar. Med 3 separata fickor f\u00f6r att h\u00e5lla din utrustning organiserad, plus vattenflaskfickor p\u00e5 varje sida, finns det tillr\u00e4ckligt med utrymme f\u00f6r att ta med det viktigaste, plus lite till! Ryggs\u00e4cken \u00e4r kompatibel med v\u00e4tskesystem och har f\u00e4stremmar f\u00f6r att sp\u00e4nna fast \u00e4nnu mer utrustning.   <\/p>\n<p>\u2022 Stor fr\u00e4mre tillbeh\u00f6rs- och huvudficka<\/p>\n<p>\u2022 Nedre f\u00f6rvaringsficka<\/p>\n<p>\u2022 Nedre sidofickor i mesh<\/p>\n<p>\u2022 Sidokompressionsremmar<\/p>\n<p>\u2022 Justerbart br\u00f6stbensband<\/p>\n<p>\u2022 V\u00e4tskeficka och -port<\/p>\n<p>\u2022 Det vadderade midjeb\u00e4ltet och axelremmarna<\/p>\n<p>\u2022 Bartackad v\u00e4v ger flera f\u00e4stpunkter<\/p>\n<p><b>Kapacitet<\/b>2285 in\u00b3 \/ 37 L<\/p>\n<p><b>Huvudfackets m\u00e5tt<\/b>18,75&#8243; H x 10,5&#8243; B x 9&#8243; D<\/p>\n<p><b>Midjeb\u00e4ltets omf\u00e5ng<\/b>24&#8243; &#8211; 55&#8243;<\/p>\n<p><b>Vikt<\/b>2 lbs. 3 oz. <\/p>\n","protected":false},"excerpt":{"rendered":"<p>Realtree Edge-kamouflage<\/p>\n","protected":false},"featured_media":209659,"comment_status":"open","ping_status":"closed","template":"","meta":[],"product_brand":[],"product_cat":[2565],"product_tag":[],"class_list":{"0":"post-288630","1":"product","2":"type-product","3":"status-publish","4":"has-post-thumbnail","6":"product_cat-jaktryggsackar","7":"product_shipping_class-medium-sv","9":"first","10":"instock","11":"taxable","12":"shipping-taxable","13":"purchasable","14":"product-type-simple"},"composite_virtual":false,"composite_layout":"","composite_add_to_cart_form_location":"","composite_editable_in_cart":false,"composite_sold_individually_context":"","composite_shop_price_calc":"","composite_components":[],"composite_scenarios":[],"group_of_quantity":0,"min_quantity":0,"max_quantity":"","exclude_order_quantity_value_rules":"no","exclude_category_quantity_rules":"no","combine_variations":"no","exclude_global_add_ons":[],"addons":[],"_links":{"self":[{"href":"https:\/\/www.huntersfriend.eu\/sv\/wp-json\/wp\/v2\/product\/288630","targetHints":{"allow":["GET"]}}],"collection":[{"href":"https:\/\/www.huntersfriend.eu\/sv\/wp-json\/wp\/v2\/product"}],"about":[{"href":"https:\/\/www.huntersfriend.eu\/sv\/wp-json\/wp\/v2\/types\/product"}],"replies":[{"embeddable":true,"href":"https:\/\/www.huntersfriend.eu\/sv\/wp-json\/wp\/v2\/comments?post=288630"}],"wp:featuredmedia":[{"embeddable":true,"href":"https:\/\/www.huntersfriend.eu\/sv\/wp-json\/wp\/v2\/media\/209659"}],"wp:attachment":[{"href":"https:\/\/www.huntersfriend.eu\/sv\/wp-json\/wp\/v2\/media?parent=288630"}],"wp:term":[{"taxonomy":"product_brand","embeddable":true,"href":"https:\/\/www.huntersfriend.eu\/sv\/wp-json\/wp\/v2\/product_brand?post=288630"},{"taxonomy":"product_cat","embeddable":true,"href":"https:\/\/www.huntersfriend.eu\/sv\/wp-json\/wp\/v2\/product_cat?post=288630"},{"taxonomy":"product_tag","embeddable":true,"href":"https:\/\/www.huntersfriend.eu\/sv\/wp-json\/wp\/v2\/product_tag?post=288630"}],"curies":[{"name":"wp","href":"https:\/\/api.w.org\/{rel}","templated":true}]}}