{"id":288627,"date":"2021-06-01T14:20:32","date_gmt":"2021-06-01T12:20:32","guid":{"rendered":"https:\/\/www.huntersfriend.eu\/product\/bearpaw-sleeve-longbow-deluxe-mjukt-fodral-for-langbage\/"},"modified":"2025-08-27T11:24:45","modified_gmt":"2025-08-27T09:24:45","slug":"bearpaw-sleeve-longbow-deluxe-mjukt-fodral-for-langbage","status":"publish","type":"product","link":"https:\/\/www.huntersfriend.eu\/sv\/produkt\/bearpaw-sleeve-longbow-deluxe-mjukt-fodral-for-langbage\/","title":{"rendered":"Bearpaw sleeve longbow deluxe \u2013 mjukt fodral f\u00f6r l\u00e5ngb\u00e5ge"},"content":{"rendered":"<p>Vi har l\u00e4nge haft id\u00e9n om att g\u00f6ra ett speciellt b\u00e5gskydd. V\u00e5rt Deluxe Bow Sleeve skyddar din l\u00e5ngb\u00e5ge perfekt mot skador fr\u00e5n h\u00e5rda sm\u00e4llar tack vare ett speciellt innerfoder. Tack vare de olika handtagen kan b\u00e5gskyddet enkelt transporteras av motorcyklister och cyklister. Den extra stora tillbeh\u00f6rsfickan ger gott om plats f\u00f6r armskydd, checker och skjuthandskar.   <\/p>\n<ul>\n<li>M\u00e5tt: Ca 185 cm X 13 cm <\/li>\n<li>Material: svart, vattenavvisande nylon<\/li>\n<li>Extra: stor tillbeh\u00f6rsv\u00e4ska, rem, h\u00e4ngare<\/li>\n<li>Anv\u00e4ndning: l\u00e5ngb\u00e5gar upp till en l\u00e4ngd av 70 tum (178 cm)<\/li>\n<\/ul>\n","protected":false},"excerpt":{"rendered":"<p>Svart<\/p>\n","protected":false},"featured_media":226589,"comment_status":"open","ping_status":"closed","template":"","meta":[],"product_brand":[],"product_cat":[878],"product_tag":[],"class_list":{"0":"post-288627","1":"product","2":"type-product","3":"status-publish","4":"has-post-thumbnail","6":"product_cat-uncategorized-sv","8":"first","9":"outofstock","10":"taxable","11":"shipping-taxable","12":"purchasable","13":"product-type-simple"},"composite_virtual":false,"composite_layout":"","composite_add_to_cart_form_location":"","composite_editable_in_cart":false,"composite_sold_individually_context":"","composite_shop_price_calc":"","composite_components":[],"composite_scenarios":[],"group_of_quantity":0,"min_quantity":0,"max_quantity":"","exclude_order_quantity_value_rules":"no","exclude_category_quantity_rules":"no","combine_variations":"no","exclude_global_add_ons":[],"addons":[],"_links":{"self":[{"href":"https:\/\/www.huntersfriend.eu\/sv\/wp-json\/wp\/v2\/product\/288627","targetHints":{"allow":["GET"]}}],"collection":[{"href":"https:\/\/www.huntersfriend.eu\/sv\/wp-json\/wp\/v2\/product"}],"about":[{"href":"https:\/\/www.huntersfriend.eu\/sv\/wp-json\/wp\/v2\/types\/product"}],"replies":[{"embeddable":true,"href":"https:\/\/www.huntersfriend.eu\/sv\/wp-json\/wp\/v2\/comments?post=288627"}],"wp:featuredmedia":[{"embeddable":true,"href":"https:\/\/www.huntersfriend.eu\/sv\/wp-json\/wp\/v2\/media\/226589"}],"wp:attachment":[{"href":"https:\/\/www.huntersfriend.eu\/sv\/wp-json\/wp\/v2\/media?parent=288627"}],"wp:term":[{"taxonomy":"product_brand","embeddable":true,"href":"https:\/\/www.huntersfriend.eu\/sv\/wp-json\/wp\/v2\/product_brand?post=288627"},{"taxonomy":"product_cat","embeddable":true,"href":"https:\/\/www.huntersfriend.eu\/sv\/wp-json\/wp\/v2\/product_cat?post=288627"},{"taxonomy":"product_tag","embeddable":true,"href":"https:\/\/www.huntersfriend.eu\/sv\/wp-json\/wp\/v2\/product_tag?post=288627"}],"curies":[{"name":"wp","href":"https:\/\/api.w.org\/{rel}","templated":true}]}}