{"id":288626,"date":"2021-06-16T11:22:22","date_gmt":"2021-06-16T09:22:22","guid":{"rendered":"https:\/\/www.huntersfriend.eu\/product\/alps-outdoorz-falcon\/"},"modified":"2026-03-18T22:00:19","modified_gmt":"2026-03-18T20:00:19","slug":"alps-outdoorz-falcon","status":"publish","type":"product","link":"https:\/\/www.huntersfriend.eu\/sv\/produkt\/alps-outdoorz-falcon\/","title":{"rendered":"Alps outdoorz falcon"},"content":{"rendered":"<p><span class=\"Y2IQFc\" lang=\"en\">Falcon \u00e4r en m\u00e5ngsidig ryggs\u00e4ck f\u00f6r jakt och utflykter. Ryggs\u00e4ckens baksida har ett v\u00e4lventilerat n\u00e4t, vilket f\u00f6rb\u00e4ttrar komforten avsev\u00e4rt.  <\/span><span class=\"Y2IQFc\" lang=\"en\">Ryggs\u00e4cken har tv\u00e5 huvudfack. Det andra huvudfacket har flera mindre fickor f\u00f6r att h\u00e5lla ordning p\u00e5 sakerna. Den andra huvudfickan har en separat ficka och port f\u00f6r v\u00e4tskesystem.  <\/span><span class=\"Y2IQFc\" lang=\"en\">Falcon har ett robust h\u00f6ftb\u00e4lte med tv\u00e5 fickor f\u00f6r sm\u00e5saker som beh\u00f6ver vara snabbt tillg\u00e4ngliga. Ryggs\u00e4cken har en nedf\u00e4llbar ficka f\u00f6r att b\u00e4ra gev\u00e4r eller pilb\u00e5ge och ett integrerat HiVis-orange regnskydd.<br \/>\n<\/span><\/p>\n<ul>\n<li>Flera innerfickor<\/li>\n<li>V\u00e4lventilerad rygg<\/li>\n<li>Nedf\u00e4llbar ficka f\u00f6r att b\u00e4ra gev\u00e4r eller pilb\u00e5ge<\/li>\n<li>Rymligt front- och huvudfack<\/li>\n<li>Extra f\u00e4stremmar p\u00e5 utsidan och p\u00e5 sidorna<\/li>\n<li>Vadderat h\u00f6ftb\u00e4lte med fickor p\u00e5 b\u00e5da sidor<\/li>\n<li>Den tv\u00e5v\u00e4gsramen \u00e4r robust \u00e4ven med tung last<\/li>\n<li>HiVis-orange integrerat regnskydd<\/li>\n<li>Tv\u00e5 sidofickor i mesh<\/li>\n<li>Ficka och port f\u00f6r v\u00e4tskesystem<\/li>\n<li>Vikt 2,2 kg<\/li>\n<li>Volym 41 l<\/li>\n<\/ul>\n<p>&nbsp;<\/p>\n<p>&nbsp;<\/p>\n","protected":false},"excerpt":{"rendered":"<p>Realtree edge camo<\/p>\n","protected":false},"featured_media":209602,"comment_status":"open","ping_status":"closed","template":"","meta":[],"product_brand":[],"product_cat":[2565],"product_tag":[],"class_list":{"0":"post-288626","1":"product","2":"type-product","3":"status-publish","4":"has-post-thumbnail","6":"product_cat-jaktryggsackar","7":"product_shipping_class-medium-sv","9":"first","10":"outofstock","11":"taxable","12":"shipping-taxable","13":"purchasable","14":"product-type-simple"},"composite_virtual":false,"composite_layout":"","composite_add_to_cart_form_location":"","composite_editable_in_cart":false,"composite_sold_individually_context":"","composite_shop_price_calc":"","composite_components":[],"composite_scenarios":[],"group_of_quantity":0,"min_quantity":0,"max_quantity":"","exclude_order_quantity_value_rules":"no","exclude_category_quantity_rules":"no","combine_variations":"no","exclude_global_add_ons":[],"addons":[],"_links":{"self":[{"href":"https:\/\/www.huntersfriend.eu\/sv\/wp-json\/wp\/v2\/product\/288626","targetHints":{"allow":["GET"]}}],"collection":[{"href":"https:\/\/www.huntersfriend.eu\/sv\/wp-json\/wp\/v2\/product"}],"about":[{"href":"https:\/\/www.huntersfriend.eu\/sv\/wp-json\/wp\/v2\/types\/product"}],"replies":[{"embeddable":true,"href":"https:\/\/www.huntersfriend.eu\/sv\/wp-json\/wp\/v2\/comments?post=288626"}],"wp:featuredmedia":[{"embeddable":true,"href":"https:\/\/www.huntersfriend.eu\/sv\/wp-json\/wp\/v2\/media\/209602"}],"wp:attachment":[{"href":"https:\/\/www.huntersfriend.eu\/sv\/wp-json\/wp\/v2\/media?parent=288626"}],"wp:term":[{"taxonomy":"product_brand","embeddable":true,"href":"https:\/\/www.huntersfriend.eu\/sv\/wp-json\/wp\/v2\/product_brand?post=288626"},{"taxonomy":"product_cat","embeddable":true,"href":"https:\/\/www.huntersfriend.eu\/sv\/wp-json\/wp\/v2\/product_cat?post=288626"},{"taxonomy":"product_tag","embeddable":true,"href":"https:\/\/www.huntersfriend.eu\/sv\/wp-json\/wp\/v2\/product_tag?post=288626"}],"curies":[{"name":"wp","href":"https:\/\/api.w.org\/{rel}","templated":true}]}}